{"id":1028,"date":"2013-09-29T19:43:48","date_gmt":"2013-09-29T17:43:48","guid":{"rendered":"http:\/\/teufelsfelsen.de\/?page_id=1028"},"modified":"2013-09-29T19:43:48","modified_gmt":"2013-09-29T17:43:48","slug":"a-wurf-von-der-buchenhoehe","status":"publish","type":"page","link":"https:\/\/www.teufelsfelsen.de\/de\/a-wurf-von-der-buchenhoehe\/","title":{"rendered":"A-Wurf von der Buchenh\u00f6he"},"content":{"rendered":"<p style=\"text-align: center\">Meine Mutter begann Ihre Zucht 1997 mit dem Zwinger &#8222;vom Teufelsfelsen&#8220;.<\/p>\n<p style=\"text-align: center\">Hierzu kaufte meine Mutter damals die H\u00fcndin &#8222;Jessika von der Fuchskanzel&#8220; eine leichte, im Zwergentyp stehende, schwarz-rote H\u00fcndin.<\/p>\n<p style=\"text-align: center\">Sie war die Mutter unseres R\u00fcden &#8222;Anton vom Teufelsfelsen&#8220;.<\/p>\n<p style=\"text-align: center\">Im Jahr 2008 \u00fcbernahmen wir, dh. mein Mann Udo und ich Alexandra Zerweckh die erfolgreiche Zucht &#8222;vom Teufelsfelsen&#8220;<\/p>\n<p style=\"text-align: center\">Meine Mutter gr\u00fcndete mit<\/p>\n<p style=\"text-align: center\">&#8222;Paula vom Teufelsfelsen&#8220;<\/p>\n<p style=\"text-align: center\"><a href=\"https:\/\/www.teufelsfelsen.de\/de\/wp-content\/uploads\/sites\/2\/2013\/09\/paula_1.jpg\"><img loading=\"lazy\" decoding=\"async\" class=\"alignnone size-medium wp-image-769\" alt=\"paula_1\" src=\"https:\/\/www.teufelsfelsen.de\/de\/wp-content\/uploads\/sites\/2\/2013\/09\/paula_1-300x223.jpg\" width=\"300\" height=\"223\" srcset=\"https:\/\/www.teufelsfelsen.de\/de\/wp-content\/uploads\/sites\/2\/2013\/09\/paula_1-300x223.jpg 300w, https:\/\/www.teufelsfelsen.de\/de\/wp-content\/uploads\/sites\/2\/2013\/09\/paula_1-268x200.jpg 268w, https:\/\/www.teufelsfelsen.de\/de\/wp-content\/uploads\/sites\/2\/2013\/09\/paula_1.jpg 400w\" sizes=\"auto, (max-width: 300px) 100vw, 300px\" \/><\/a><\/p>\n<p style=\"text-align: center\">Rauhhaar\/schwarz-rot<\/p>\n<p style=\"text-align: center\">Formwert: vorz\u00fcglich , Int. Formwert: V 1<\/p>\n<p style=\"text-align: center\">eine schwarz-rote Zwergteckelh\u00fcndin ihren neuen Zwinger\u00a0 &#8222;von der Buchenh\u00f6he&#8220;.<\/p>\n<p style=\"text-align: center\">Im Jahr 2009 plante meine Mutter Ihren ersten Wurf den A-Wurf von der Buchenh\u00f6he.<\/p>\n<p style=\"text-align: center\">Paula hatte im Jahr 2009 den ersten Wurf mit unserem Zwergteckelr\u00fcden<\/p>\n<p style=\"text-align: center\">&#8222;D-Vet Ch 2006 Anton vom Teufelsfelsen&#8220;.<\/p>\n<p style=\"text-align: center\"><a href=\"https:\/\/www.teufelsfelsen.de\/de\/wp-content\/uploads\/sites\/2\/2013\/09\/anton3.jpg\"><img loading=\"lazy\" decoding=\"async\" class=\"alignnone size-medium wp-image-541\" alt=\"anton3\" src=\"https:\/\/www.teufelsfelsen.de\/de\/wp-content\/uploads\/sites\/2\/2013\/09\/anton3-300x220.jpg\" width=\"300\" height=\"220\" srcset=\"https:\/\/www.teufelsfelsen.de\/de\/wp-content\/uploads\/sites\/2\/2013\/09\/anton3-300x220.jpg 300w, https:\/\/www.teufelsfelsen.de\/de\/wp-content\/uploads\/sites\/2\/2013\/09\/anton3.jpg 330w\" sizes=\"auto, (max-width: 300px) 100vw, 300px\" \/><\/a><\/p>\n<p style=\"text-align: center\">Rauhhaar\/schwarz-rot<\/p>\n<p style=\"text-align: center\">GTB.-Nr. 54\/2002<\/p>\n<p style=\"text-align: center\">LZ: BHP 1 + BHP 2, Sp, SchwhK, SchwhK\/40, SchwhN, Inter Vp, St, BhFK 95, BhFN, MRV<\/p>\n<p style=\"text-align: center\">Brauchbarkeitspr\u00fcfung des LJV B.-W.<\/p>\n<p style=\"text-align: center\">Formwert: vorz\u00fcglich , Int. Formwert: V II<\/p>\n<p style=\"text-align: center\">K\u00f6rschau: vorz\u00fcglich<\/p>\n<p style=\"text-align: center\">Titel:<\/p>\n<p style=\"text-align: center\">Deutscher Veteranen Champion VDH 2006<\/p>\n<p style=\"text-align: center\">Saarland Veteranen Sieger FCI 2006<\/p>\n<p style=\"text-align: center\">***<\/p>\n<p style=\"text-align: center\">Sie brachte problemlos 2 R\u00fcden und 3 H\u00fcndinnen zur Welt.<\/p>\n<p style=\"text-align: center\">Sie haben alle tolle Besitzer gefunden.<\/p>\n","protected":false},"excerpt":{"rendered":"<p>Meine Mutter begann Ihre Zucht 1997 mit dem Zwinger &#8222;vom Teufelsfelsen&#8220;. Hierzu kaufte meine Mutter damals die H\u00fcndin &#8222;Jessika von der Fuchskanzel&#8220; eine leichte, im Zwergentyp stehende, schwarz-rote H\u00fcndin. Sie war die Mutter unseres R\u00fcden &#8222;Anton vom Teufelsfelsen&#8220;. Im Jahr 2008 \u00fcbernahmen wir, dh. mein Mann Udo und ich Alexandra &#8230;<\/p>\n","protected":false},"author":4,"featured_media":0,"parent":0,"menu_order":0,"comment_status":"closed","ping_status":"closed","template":"","meta":{"footnotes":""},"class_list":["post-1028","page","type-page","status-publish","hentry"],"_links":{"self":[{"href":"https:\/\/www.teufelsfelsen.de\/de\/wp-json\/wp\/v2\/pages\/1028","targetHints":{"allow":["GET"]}}],"collection":[{"href":"https:\/\/www.teufelsfelsen.de\/de\/wp-json\/wp\/v2\/pages"}],"about":[{"href":"https:\/\/www.teufelsfelsen.de\/de\/wp-json\/wp\/v2\/types\/page"}],"author":[{"embeddable":true,"href":"https:\/\/www.teufelsfelsen.de\/de\/wp-json\/wp\/v2\/users\/4"}],"replies":[{"embeddable":true,"href":"https:\/\/www.teufelsfelsen.de\/de\/wp-json\/wp\/v2\/comments?post=1028"}],"version-history":[{"count":0,"href":"https:\/\/www.teufelsfelsen.de\/de\/wp-json\/wp\/v2\/pages\/1028\/revisions"}],"wp:attachment":[{"href":"https:\/\/www.teufelsfelsen.de\/de\/wp-json\/wp\/v2\/media?parent=1028"}],"curies":[{"name":"wp","href":"https:\/\/api.w.org\/{rel}","templated":true}]}}