{"id":1094,"date":"2013-10-01T13:41:20","date_gmt":"2013-10-01T11:41:20","guid":{"rendered":"http:\/\/teufelsfelsen.de\/?page_id=1094"},"modified":"2024-11-06T11:30:50","modified_gmt":"2024-11-06T10:30:50","slug":"oi-freie-teckel","status":"publish","type":"page","link":"https:\/\/www.teufelsfelsen.de\/de\/oi-freie-teckel\/","title":{"rendered":"Gesundheit"},"content":{"rendered":"<p style=\"text-align: left\"><img loading=\"lazy\" decoding=\"async\" class=\"size-full wp-image-6791 alignright\" src=\"https:\/\/www.teufelsfelsen.de\/de\/wp-content\/uploads\/sites\/2\/2024\/11\/DNA.jpg\" alt=\"\" width=\"135\" height=\"90\" \/><\/p>\n<p>&nbsp;<\/p>\n<p>&nbsp;<\/p>\n<p>Als verantwortungsvolle Z\u00fcchter ist uns die Gesundheit unsere Teckel sehr wichtig, deshalb sind alle Hunde in unserer Zucht auf folgende Krankheiten mit einem Gentest DNA untersucht und frei.<\/p>\n<p style=\"text-align: left\"><strong>OI \u2013 frei<\/strong><br \/>\n( Frei von der Genmutation zur Vererbung der Glasknochenkrankheit)<\/p>\n<p><strong>crd- PRA &#8211; frei<\/strong><br \/>\n(Progressive Retinaatrophie (crd-PRA) crd-PRA. Die crd-PRA (cone-rod dystrophy) ist eine fr\u00fche Form der progressiven Retinaatrophie bei Rauhaardackeln.<\/p>\n<p><strong>Katarakt\/PRA &#8211; aktuell frei<br \/>\n<\/strong>Alle in der Zucht stehenden H\u00fcndinnen und R\u00fcden werden zus\u00e4tzlich in einer Spezialpraxis f\u00fcr Augenkrankheiten auf Katarakt\/PRA untersucht.<\/p>\n<p><strong>TierOsteopathie\/Tierheilpraxis<\/strong><br \/>\nAlle unsere Hunde werden zus\u00e4tzlich noch bei Bedarf in einer speziellen Praxis f\u00fcr Tierosteopathie und Tierheilpraxis untersucht und behandelt.<\/p>\n","protected":false},"excerpt":{"rendered":"<p>&nbsp; &nbsp; Als verantwortungsvolle Z\u00fcchter ist uns die Gesundheit unsere Teckel sehr wichtig, deshalb sind alle Hunde in unserer Zucht auf folgende Krankheiten mit einem Gentest DNA untersucht und frei. OI \u2013 frei ( Frei von der Genmutation zur Vererbung der Glasknochenkrankheit) crd- PRA &#8211; frei (Progressive Retinaatrophie (crd-PRA) crd-PRA. &#8230;<\/p>\n","protected":false},"author":4,"featured_media":0,"parent":0,"menu_order":0,"comment_status":"closed","ping_status":"closed","template":"","meta":{"footnotes":""},"class_list":["post-1094","page","type-page","status-publish","hentry"],"_links":{"self":[{"href":"https:\/\/www.teufelsfelsen.de\/de\/wp-json\/wp\/v2\/pages\/1094","targetHints":{"allow":["GET"]}}],"collection":[{"href":"https:\/\/www.teufelsfelsen.de\/de\/wp-json\/wp\/v2\/pages"}],"about":[{"href":"https:\/\/www.teufelsfelsen.de\/de\/wp-json\/wp\/v2\/types\/page"}],"author":[{"embeddable":true,"href":"https:\/\/www.teufelsfelsen.de\/de\/wp-json\/wp\/v2\/users\/4"}],"replies":[{"embeddable":true,"href":"https:\/\/www.teufelsfelsen.de\/de\/wp-json\/wp\/v2\/comments?post=1094"}],"version-history":[{"count":22,"href":"https:\/\/www.teufelsfelsen.de\/de\/wp-json\/wp\/v2\/pages\/1094\/revisions"}],"predecessor-version":[{"id":6798,"href":"https:\/\/www.teufelsfelsen.de\/de\/wp-json\/wp\/v2\/pages\/1094\/revisions\/6798"}],"wp:attachment":[{"href":"https:\/\/www.teufelsfelsen.de\/de\/wp-json\/wp\/v2\/media?parent=1094"}],"curies":[{"name":"wp","href":"https:\/\/api.w.org\/{rel}","templated":true}]}}