{"id":1558,"date":"2013-12-30T16:31:28","date_gmt":"2013-12-30T14:31:28","guid":{"rendered":"http:\/\/teufelsfelsen.de\/?page_id=1558"},"modified":"2014-04-29T14:22:00","modified_gmt":"2014-04-29T12:22:00","slug":"e3-wurf","status":"publish","type":"page","link":"https:\/\/www.teufelsfelsen.de\/de\/e3-wurf\/","title":{"rendered":"E3-Wurf"},"content":{"rendered":"<p style=\"text-align: center\">Wir haben seit dem 29.12.2013 Kaninchenteckelwelpen:<\/p>\n<p style=\"text-align: center\"><a title=\"Umbra vom Teufelsfelsen\" href=\"http:\/\/teufelsfelsen.de\/umbra-vom-teufelsfelsen\/\">Mutter: MCh Umbra vom Teufelsfelsen<\/a><\/p>\n<p style=\"text-align: center\"><a href=\"https:\/\/www.teufelsfelsen.de\/de\/wp-content\/uploads\/sites\/2\/2013\/09\/umbra_4.jpg\"><img loading=\"lazy\" decoding=\"async\" class=\"alignnone size-medium wp-image-228\" src=\"https:\/\/www.teufelsfelsen.de\/de\/wp-content\/uploads\/sites\/2\/2013\/09\/umbra_4-300x201.jpg\" alt=\"umbra_4\" width=\"300\" height=\"201\" srcset=\"https:\/\/www.teufelsfelsen.de\/de\/wp-content\/uploads\/sites\/2\/2013\/09\/umbra_4-300x201.jpg 300w, https:\/\/www.teufelsfelsen.de\/de\/wp-content\/uploads\/sites\/2\/2013\/09\/umbra_4.jpg 600w\" sizes=\"auto, (max-width: 300px) 100vw, 300px\" \/><\/a><\/p>\n<p style=\"text-align: center\">Kaninchenteckelh\u00fcndin, Rauhhaar \/ braun<\/p>\n<p style=\"text-align: center\">Vater: MCh Wotan vom Rainerschl\u00f6ssl FCI<br \/>\nMutter: MCh Isa vom Rainerschl\u00f6ssl FCI<\/p>\n<p style=\"text-align: center\">Wesenstest bestanden<br \/>\nPRA \/ Katarakt frei, OI-Frei \/ DNA Profil registriert<br \/>\nFrei von der Genmutation zur Vererbung der Glasknochenkrankheit<br \/>\nLZ: SFK<\/p>\n<p style=\"text-align: center\">Landesjugendsieger DWH 2008<br \/>\nSchweizer Jugendsieger 2008<br \/>\nDH-Jugendsieger Leipzig 2008<br \/>\nLandesjugendsieger S\u00fcdbayern 2008<br \/>\nWelt-Union-Teckel-Jugendchampion 2008<br \/>\nSchweizer Sch\u00f6nheits-Jugendchampion SKG 2008<br \/>\nVDH Jugendsieger Baden-W\u00fcrttemberg 2008<br \/>\nSDC-Jugendchampion 2008<br \/>\nDeutscher Jugendchampion DTK 2008<br \/>\nBrabo Winner 2009<br \/>\nSieger Th\u00fcringen 2009<br \/>\nSieger Lommel 2009<br \/>\nLandessieger Th\u00fcringen 2010<br \/>\nDeutscher Champion VDH 2010<br \/>\nSchweizer Champion 2010<br \/>\nSDC Landessieger Schweiz 2010<br \/>\nDeutscher Champion DTK 2010<\/p>\n<p style=\"text-align: center\">und<\/p>\n<p style=\"text-align: center\">Vater: Felicien-Windecke du Domaine de Luard<\/p>\n<p style=\"text-align: center\">Rauhhaar \/ braun m. Abz.<\/p>\n<p style=\"text-align: center\">Vater: Bonaparte de Ker Ki Douar<\/p>\n<p style=\"text-align: center\">Mutter: Volga du Domaine de Luard<\/p>\n<p style=\"text-align: center\">Wesenstest bestanden<\/p>\n<p style=\"text-align: center\">Umbra hat 3 wundersch\u00f6nen Welpen das Leben geschenkt.<br \/>\nEs sind 3 R\u00fcden.<\/p>\n<p style=\"text-align: center\"><a href=\"https:\/\/www.teufelsfelsen.de\/de\/wp-content\/uploads\/sites\/2\/2013\/12\/25.01.2014-032.jpg\"><img loading=\"lazy\" decoding=\"async\" class=\"aligncenter size-medium wp-image-1678\" src=\"https:\/\/www.teufelsfelsen.de\/de\/wp-content\/uploads\/sites\/2\/2013\/12\/25.01.2014-032-300x217.jpg\" alt=\"25.01.2014 032\" width=\"300\" height=\"217\" srcset=\"https:\/\/www.teufelsfelsen.de\/de\/wp-content\/uploads\/sites\/2\/2013\/12\/25.01.2014-032-300x217.jpg 300w, https:\/\/www.teufelsfelsen.de\/de\/wp-content\/uploads\/sites\/2\/2013\/12\/25.01.2014-032-700x506.jpg 700w, https:\/\/www.teufelsfelsen.de\/de\/wp-content\/uploads\/sites\/2\/2013\/12\/25.01.2014-032.jpg 846w\" sizes=\"auto, (max-width: 300px) 100vw, 300px\" \/><\/a>Egon vom Teufelsfelsen (vergeben)<\/p>\n<p style=\"text-align: center\">Eric vom Teufelsfelsen (vergeben)<\/p>\n<p style=\"text-align: center\">Emil vom Teufelsfelsen (vergeben)<\/p>\n<p style=\"text-align: center\">Neue Bilder von den Kleinen:<\/p>\n<p style=\"text-align: center\">Egon vom Teufelsfelsen:<\/p>\n<p style=\"text-align: center\"><a href=\"https:\/\/www.teufelsfelsen.de\/de\/wp-content\/uploads\/sites\/2\/2013\/12\/Februar-2014-050.jpg\"><img loading=\"lazy\" decoding=\"async\" class=\"aligncenter size-medium wp-image-1776\" src=\"https:\/\/www.teufelsfelsen.de\/de\/wp-content\/uploads\/sites\/2\/2013\/12\/Februar-2014-050-300x275.jpg\" alt=\"Februar 2014 050\" width=\"300\" height=\"275\" srcset=\"https:\/\/www.teufelsfelsen.de\/de\/wp-content\/uploads\/sites\/2\/2013\/12\/Februar-2014-050-300x275.jpg 300w, https:\/\/www.teufelsfelsen.de\/de\/wp-content\/uploads\/sites\/2\/2013\/12\/Februar-2014-050-700x643.jpg 700w, https:\/\/www.teufelsfelsen.de\/de\/wp-content\/uploads\/sites\/2\/2013\/12\/Februar-2014-050.jpg 805w\" sizes=\"auto, (max-width: 300px) 100vw, 300px\" \/><\/a> <a href=\"https:\/\/www.teufelsfelsen.de\/de\/wp-content\/uploads\/sites\/2\/2013\/12\/Februar-2014-053.jpg\"><img loading=\"lazy\" decoding=\"async\" class=\"aligncenter size-medium wp-image-1777\" src=\"https:\/\/www.teufelsfelsen.de\/de\/wp-content\/uploads\/sites\/2\/2013\/12\/Februar-2014-053-242x300.jpg\" alt=\"Februar 2014 053\" width=\"242\" height=\"300\" srcset=\"https:\/\/www.teufelsfelsen.de\/de\/wp-content\/uploads\/sites\/2\/2013\/12\/Februar-2014-053-242x300.jpg 242w, https:\/\/www.teufelsfelsen.de\/de\/wp-content\/uploads\/sites\/2\/2013\/12\/Februar-2014-053.jpg 396w\" sizes=\"auto, (max-width: 242px) 100vw, 242px\" \/><\/a><\/p>\n<p style=\"text-align: center\"><a href=\"https:\/\/www.teufelsfelsen.de\/de\/wp-content\/uploads\/sites\/2\/2013\/12\/Februar-2014-013.jpg\">Emil vom Teufelsfelsen:<img loading=\"lazy\" decoding=\"async\" class=\"aligncenter size-medium wp-image-1779\" src=\"https:\/\/www.teufelsfelsen.de\/de\/wp-content\/uploads\/sites\/2\/2013\/12\/Februar-2014-013-268x300.jpg\" alt=\"Februar 2014 013\" width=\"268\" height=\"300\" srcset=\"https:\/\/www.teufelsfelsen.de\/de\/wp-content\/uploads\/sites\/2\/2013\/12\/Februar-2014-013-268x300.jpg 268w, https:\/\/www.teufelsfelsen.de\/de\/wp-content\/uploads\/sites\/2\/2013\/12\/Februar-2014-013.jpg 482w\" sizes=\"auto, (max-width: 268px) 100vw, 268px\" \/><\/a> <a href=\"https:\/\/www.teufelsfelsen.de\/de\/wp-content\/uploads\/sites\/2\/2013\/12\/Februar-2014-047.jpg\"><img loading=\"lazy\" decoding=\"async\" class=\"aligncenter size-medium wp-image-1780\" src=\"https:\/\/www.teufelsfelsen.de\/de\/wp-content\/uploads\/sites\/2\/2013\/12\/Februar-2014-047-300x208.jpg\" alt=\"Februar 2014 047\" width=\"300\" height=\"208\" srcset=\"https:\/\/www.teufelsfelsen.de\/de\/wp-content\/uploads\/sites\/2\/2013\/12\/Februar-2014-047-300x208.jpg 300w, https:\/\/www.teufelsfelsen.de\/de\/wp-content\/uploads\/sites\/2\/2013\/12\/Februar-2014-047-700x486.jpg 700w, https:\/\/www.teufelsfelsen.de\/de\/wp-content\/uploads\/sites\/2\/2013\/12\/Februar-2014-047.jpg 802w\" sizes=\"auto, (max-width: 300px) 100vw, 300px\" \/><\/a><\/p>\n\n\t\t<div id='gallery-1' class='gallery galleryid-1558 gallery-columns-3 gallery-size-thumbnail gallery-link-file'><figure class='gallery-item'>\n\t\t\t<span class='gallery-icon'>\n\t\t\t\t<a rel='attachment' href='https:\/\/www.teufelsfelsen.de\/de\/wp-content\/uploads\/sites\/2\/2013\/12\/Februar-2014-0561.jpg'><img loading=\"lazy\" decoding=\"async\" width=\"150\" height=\"150\" src=\"https:\/\/www.teufelsfelsen.de\/de\/wp-content\/uploads\/sites\/2\/2013\/12\/Februar-2014-0561-150x150.jpg\" class=\"attachment-thumbnail size-thumbnail\" alt=\"\" srcset=\"https:\/\/www.teufelsfelsen.de\/de\/wp-content\/uploads\/sites\/2\/2013\/12\/Februar-2014-0561-150x150.jpg 150w, https:\/\/www.teufelsfelsen.de\/de\/wp-content\/uploads\/sites\/2\/2013\/12\/Februar-2014-0561-300x300.jpg 300w, https:\/\/www.teufelsfelsen.de\/de\/wp-content\/uploads\/sites\/2\/2013\/12\/Februar-2014-0561-100x100.jpg 100w, https:\/\/www.teufelsfelsen.de\/de\/wp-content\/uploads\/sites\/2\/2013\/12\/Februar-2014-0561-700x698.jpg 700w, https:\/\/www.teufelsfelsen.de\/de\/wp-content\/uploads\/sites\/2\/2013\/12\/Februar-2014-0561.jpg 770w\" sizes=\"auto, (max-width: 150px) 100vw, 150px\" \/><\/a>\n\t\t\t<\/span><\/figure><figure class='gallery-item'>\n\t\t\t<span class='gallery-icon'>\n\t\t\t\t<a rel='attachment' href='https:\/\/www.teufelsfelsen.de\/de\/wp-content\/uploads\/sites\/2\/2013\/12\/Februar-2014-107.jpg'><img loading=\"lazy\" decoding=\"async\" width=\"150\" height=\"150\" src=\"https:\/\/www.teufelsfelsen.de\/de\/wp-content\/uploads\/sites\/2\/2013\/12\/Februar-2014-107-150x150.jpg\" class=\"attachment-thumbnail size-thumbnail\" alt=\"\" srcset=\"https:\/\/www.teufelsfelsen.de\/de\/wp-content\/uploads\/sites\/2\/2013\/12\/Februar-2014-107-150x150.jpg 150w, https:\/\/www.teufelsfelsen.de\/de\/wp-content\/uploads\/sites\/2\/2013\/12\/Februar-2014-107-100x100.jpg 100w\" sizes=\"auto, (max-width: 150px) 100vw, 150px\" \/><\/a>\n\t\t\t<\/span><\/figure><figure class='gallery-item'>\n\t\t\t<span class='gallery-icon'>\n\t\t\t\t<a rel='attachment' href='https:\/\/www.teufelsfelsen.de\/de\/wp-content\/uploads\/sites\/2\/2013\/12\/Februar-2014-106.jpg'><img loading=\"lazy\" decoding=\"async\" width=\"150\" height=\"150\" src=\"https:\/\/www.teufelsfelsen.de\/de\/wp-content\/uploads\/sites\/2\/2013\/12\/Februar-2014-106-150x150.jpg\" class=\"attachment-thumbnail size-thumbnail\" alt=\"\" srcset=\"https:\/\/www.teufelsfelsen.de\/de\/wp-content\/uploads\/sites\/2\/2013\/12\/Februar-2014-106-150x150.jpg 150w, https:\/\/www.teufelsfelsen.de\/de\/wp-content\/uploads\/sites\/2\/2013\/12\/Februar-2014-106-100x100.jpg 100w\" sizes=\"auto, (max-width: 150px) 100vw, 150px\" \/><\/a>\n\t\t\t<\/span><\/figure><br style=\"clear: both\" \/>\n\t\t\t<div class='clear'><\/div>\n\t\t<\/div>\n\n<p style=\"text-align: center\">Neue Bilder nach knapp 27 Tagen:<\/p>\n\n\t\t<div id='gallery-2' class='gallery galleryid-1558 gallery-columns-3 gallery-size-thumbnail gallery-link-file'><figure class='gallery-item'>\n\t\t\t<span class='gallery-icon'>\n\t\t\t\t<a rel='attachment' href='https:\/\/www.teufelsfelsen.de\/de\/wp-content\/uploads\/sites\/2\/2013\/12\/25.01.2014-016.jpg'><img loading=\"lazy\" decoding=\"async\" width=\"150\" height=\"150\" src=\"https:\/\/www.teufelsfelsen.de\/de\/wp-content\/uploads\/sites\/2\/2013\/12\/25.01.2014-016-150x150.jpg\" class=\"attachment-thumbnail size-thumbnail\" alt=\"\" srcset=\"https:\/\/www.teufelsfelsen.de\/de\/wp-content\/uploads\/sites\/2\/2013\/12\/25.01.2014-016-150x150.jpg 150w, https:\/\/www.teufelsfelsen.de\/de\/wp-content\/uploads\/sites\/2\/2013\/12\/25.01.2014-016-100x100.jpg 100w\" sizes=\"auto, (max-width: 150px) 100vw, 150px\" \/><\/a>\n\t\t\t<\/span><\/figure><figure class='gallery-item'>\n\t\t\t<span class='gallery-icon'>\n\t\t\t\t<a rel='attachment' href='https:\/\/www.teufelsfelsen.de\/de\/wp-content\/uploads\/sites\/2\/2013\/12\/25.01.2014-019.jpg'><img loading=\"lazy\" decoding=\"async\" width=\"150\" height=\"150\" src=\"https:\/\/www.teufelsfelsen.de\/de\/wp-content\/uploads\/sites\/2\/2013\/12\/25.01.2014-019-150x150.jpg\" class=\"attachment-thumbnail size-thumbnail\" alt=\"\" srcset=\"https:\/\/www.teufelsfelsen.de\/de\/wp-content\/uploads\/sites\/2\/2013\/12\/25.01.2014-019-150x150.jpg 150w, https:\/\/www.teufelsfelsen.de\/de\/wp-content\/uploads\/sites\/2\/2013\/12\/25.01.2014-019-100x100.jpg 100w\" sizes=\"auto, (max-width: 150px) 100vw, 150px\" \/><\/a>\n\t\t\t<\/span><\/figure><figure class='gallery-item'>\n\t\t\t<span class='gallery-icon'>\n\t\t\t\t<a rel='attachment' href='https:\/\/www.teufelsfelsen.de\/de\/wp-content\/uploads\/sites\/2\/2013\/12\/25.01.2014-023.jpg'><img loading=\"lazy\" decoding=\"async\" width=\"150\" height=\"150\" src=\"https:\/\/www.teufelsfelsen.de\/de\/wp-content\/uploads\/sites\/2\/2013\/12\/25.01.2014-023-150x150.jpg\" class=\"attachment-thumbnail size-thumbnail\" alt=\"\" srcset=\"https:\/\/www.teufelsfelsen.de\/de\/wp-content\/uploads\/sites\/2\/2013\/12\/25.01.2014-023-150x150.jpg 150w, https:\/\/www.teufelsfelsen.de\/de\/wp-content\/uploads\/sites\/2\/2013\/12\/25.01.2014-023-100x100.jpg 100w\" sizes=\"auto, (max-width: 150px) 100vw, 150px\" \/><\/a>\n\t\t\t<\/span><\/figure><br style=\"clear: both\" \/><figure class='gallery-item'>\n\t\t\t<span class='gallery-icon'>\n\t\t\t\t<a rel='attachment' href='https:\/\/www.teufelsfelsen.de\/de\/wp-content\/uploads\/sites\/2\/2013\/12\/25.01.2014-028.jpg'><img loading=\"lazy\" decoding=\"async\" width=\"150\" height=\"150\" src=\"https:\/\/www.teufelsfelsen.de\/de\/wp-content\/uploads\/sites\/2\/2013\/12\/25.01.2014-028-150x150.jpg\" class=\"attachment-thumbnail size-thumbnail\" alt=\"\" srcset=\"https:\/\/www.teufelsfelsen.de\/de\/wp-content\/uploads\/sites\/2\/2013\/12\/25.01.2014-028-150x150.jpg 150w, https:\/\/www.teufelsfelsen.de\/de\/wp-content\/uploads\/sites\/2\/2013\/12\/25.01.2014-028-100x100.jpg 100w\" sizes=\"auto, (max-width: 150px) 100vw, 150px\" \/><\/a>\n\t\t\t<\/span><\/figure><figure class='gallery-item'>\n\t\t\t<span class='gallery-icon'>\n\t\t\t\t<a rel='attachment' href='https:\/\/www.teufelsfelsen.de\/de\/wp-content\/uploads\/sites\/2\/2013\/12\/25.01.2014-029.jpg'><img loading=\"lazy\" decoding=\"async\" width=\"150\" height=\"150\" src=\"https:\/\/www.teufelsfelsen.de\/de\/wp-content\/uploads\/sites\/2\/2013\/12\/25.01.2014-029-150x150.jpg\" class=\"attachment-thumbnail size-thumbnail\" alt=\"\" srcset=\"https:\/\/www.teufelsfelsen.de\/de\/wp-content\/uploads\/sites\/2\/2013\/12\/25.01.2014-029-150x150.jpg 150w, https:\/\/www.teufelsfelsen.de\/de\/wp-content\/uploads\/sites\/2\/2013\/12\/25.01.2014-029-100x100.jpg 100w\" sizes=\"auto, (max-width: 150px) 100vw, 150px\" \/><\/a>\n\t\t\t<\/span><\/figure><figure class='gallery-item'>\n\t\t\t<span class='gallery-icon'>\n\t\t\t\t<a rel='attachment' href='https:\/\/www.teufelsfelsen.de\/de\/wp-content\/uploads\/sites\/2\/2013\/12\/25.01.2014-032.jpg'><img loading=\"lazy\" decoding=\"async\" width=\"150\" height=\"150\" src=\"https:\/\/www.teufelsfelsen.de\/de\/wp-content\/uploads\/sites\/2\/2013\/12\/25.01.2014-032-150x150.jpg\" class=\"attachment-thumbnail size-thumbnail\" alt=\"\" srcset=\"https:\/\/www.teufelsfelsen.de\/de\/wp-content\/uploads\/sites\/2\/2013\/12\/25.01.2014-032-150x150.jpg 150w, https:\/\/www.teufelsfelsen.de\/de\/wp-content\/uploads\/sites\/2\/2013\/12\/25.01.2014-032-100x100.jpg 100w\" sizes=\"auto, (max-width: 150px) 100vw, 150px\" \/><\/a>\n\t\t\t<\/span><\/figure><br style=\"clear: both\" \/><figure class='gallery-item'>\n\t\t\t<span class='gallery-icon'>\n\t\t\t\t<a rel='attachment' href='https:\/\/www.teufelsfelsen.de\/de\/wp-content\/uploads\/sites\/2\/2013\/12\/25.01.2014-036.jpg'><img loading=\"lazy\" decoding=\"async\" width=\"150\" height=\"150\" src=\"https:\/\/www.teufelsfelsen.de\/de\/wp-content\/uploads\/sites\/2\/2013\/12\/25.01.2014-036-150x150.jpg\" class=\"attachment-thumbnail size-thumbnail\" alt=\"\" srcset=\"https:\/\/www.teufelsfelsen.de\/de\/wp-content\/uploads\/sites\/2\/2013\/12\/25.01.2014-036-150x150.jpg 150w, https:\/\/www.teufelsfelsen.de\/de\/wp-content\/uploads\/sites\/2\/2013\/12\/25.01.2014-036-100x100.jpg 100w\" sizes=\"auto, (max-width: 150px) 100vw, 150px\" \/><\/a>\n\t\t\t<\/span><\/figure><figure class='gallery-item'>\n\t\t\t<span class='gallery-icon'>\n\t\t\t\t<a rel='attachment' href='https:\/\/www.teufelsfelsen.de\/de\/wp-content\/uploads\/sites\/2\/2013\/12\/25.01.2014-037.jpg'><img loading=\"lazy\" decoding=\"async\" width=\"150\" height=\"150\" src=\"https:\/\/www.teufelsfelsen.de\/de\/wp-content\/uploads\/sites\/2\/2013\/12\/25.01.2014-037-150x150.jpg\" class=\"attachment-thumbnail size-thumbnail\" alt=\"\" srcset=\"https:\/\/www.teufelsfelsen.de\/de\/wp-content\/uploads\/sites\/2\/2013\/12\/25.01.2014-037-150x150.jpg 150w, https:\/\/www.teufelsfelsen.de\/de\/wp-content\/uploads\/sites\/2\/2013\/12\/25.01.2014-037-100x100.jpg 100w\" sizes=\"auto, (max-width: 150px) 100vw, 150px\" \/><\/a>\n\t\t\t<\/span><\/figure><figure class='gallery-item'>\n\t\t\t<span class='gallery-icon'>\n\t\t\t\t<a rel='attachment' href='https:\/\/www.teufelsfelsen.de\/de\/wp-content\/uploads\/sites\/2\/2013\/12\/25.01.2014-040.jpg'><img loading=\"lazy\" decoding=\"async\" width=\"150\" height=\"150\" src=\"https:\/\/www.teufelsfelsen.de\/de\/wp-content\/uploads\/sites\/2\/2013\/12\/25.01.2014-040-150x150.jpg\" class=\"attachment-thumbnail size-thumbnail\" alt=\"\" srcset=\"https:\/\/www.teufelsfelsen.de\/de\/wp-content\/uploads\/sites\/2\/2013\/12\/25.01.2014-040-150x150.jpg 150w, https:\/\/www.teufelsfelsen.de\/de\/wp-content\/uploads\/sites\/2\/2013\/12\/25.01.2014-040-100x100.jpg 100w\" sizes=\"auto, (max-width: 150px) 100vw, 150px\" \/><\/a>\n\t\t\t<\/span><\/figure><br style=\"clear: both\" \/><figure class='gallery-item'>\n\t\t\t<span class='gallery-icon'>\n\t\t\t\t<a rel='attachment' href='https:\/\/www.teufelsfelsen.de\/de\/wp-content\/uploads\/sites\/2\/2013\/12\/25.01.2014-041.jpg'><img loading=\"lazy\" decoding=\"async\" width=\"150\" height=\"150\" src=\"https:\/\/www.teufelsfelsen.de\/de\/wp-content\/uploads\/sites\/2\/2013\/12\/25.01.2014-041-150x150.jpg\" class=\"attachment-thumbnail size-thumbnail\" alt=\"\" srcset=\"https:\/\/www.teufelsfelsen.de\/de\/wp-content\/uploads\/sites\/2\/2013\/12\/25.01.2014-041-150x150.jpg 150w, https:\/\/www.teufelsfelsen.de\/de\/wp-content\/uploads\/sites\/2\/2013\/12\/25.01.2014-041-100x100.jpg 100w\" sizes=\"auto, (max-width: 150px) 100vw, 150px\" \/><\/a>\n\t\t\t<\/span><\/figure><figure class='gallery-item'>\n\t\t\t<span class='gallery-icon'>\n\t\t\t\t<a rel='attachment' href='https:\/\/www.teufelsfelsen.de\/de\/wp-content\/uploads\/sites\/2\/2013\/12\/25.01.2014-042.jpg'><img loading=\"lazy\" decoding=\"async\" width=\"150\" height=\"150\" src=\"https:\/\/www.teufelsfelsen.de\/de\/wp-content\/uploads\/sites\/2\/2013\/12\/25.01.2014-042-150x150.jpg\" class=\"attachment-thumbnail size-thumbnail\" alt=\"\" srcset=\"https:\/\/www.teufelsfelsen.de\/de\/wp-content\/uploads\/sites\/2\/2013\/12\/25.01.2014-042-150x150.jpg 150w, https:\/\/www.teufelsfelsen.de\/de\/wp-content\/uploads\/sites\/2\/2013\/12\/25.01.2014-042-100x100.jpg 100w\" sizes=\"auto, (max-width: 150px) 100vw, 150px\" \/><\/a>\n\t\t\t<\/span><\/figure>\n\t\t\t<div class='clear'><\/div>\n\t\t<\/div>\n\n<p style=\"text-align: center\"><span style=\"color: #c0c0c0\"><em>Die Bilder k\u00f6nnen durch anklicken vergr\u00f6\u00dfert werden!<\/em><\/span><\/p>\n<p style=\"text-align: center\">Umbra mit Ihrem kleinen Eric<\/p>\n<p style=\"text-align: center\">:<a href=\"https:\/\/www.teufelsfelsen.de\/de\/wp-content\/uploads\/sites\/2\/2013\/12\/1499715_625971250793872_1270036080_n.jpg\"><img loading=\"lazy\" decoding=\"async\" class=\"alignnone size-medium wp-image-1560\" src=\"https:\/\/www.teufelsfelsen.de\/de\/wp-content\/uploads\/sites\/2\/2013\/12\/1499715_625971250793872_1270036080_n-290x300.jpg\" alt=\"1499715_625971250793872_1270036080_n\" width=\"290\" height=\"300\" srcset=\"https:\/\/www.teufelsfelsen.de\/de\/wp-content\/uploads\/sites\/2\/2013\/12\/1499715_625971250793872_1270036080_n-290x300.jpg 290w, https:\/\/www.teufelsfelsen.de\/de\/wp-content\/uploads\/sites\/2\/2013\/12\/1499715_625971250793872_1270036080_n.jpg 412w\" sizes=\"auto, (max-width: 290px) 100vw, 290px\" \/><\/a><\/p>\n<p style=\"text-align: center\">Die Drei hier nach ca. 18 Tagen:<\/p>\n\n\t\t<div id='gallery-3' class='gallery galleryid-1558 gallery-columns-3 gallery-size-thumbnail gallery-link-file'><figure class='gallery-item'>\n\t\t\t<span class='gallery-icon'>\n\t\t\t\t<a rel='attachment' href='https:\/\/www.teufelsfelsen.de\/de\/wp-content\/uploads\/sites\/2\/2014\/01\/new1_beitrag.jpg'><img loading=\"lazy\" decoding=\"async\" width=\"150\" height=\"150\" src=\"https:\/\/www.teufelsfelsen.de\/de\/wp-content\/uploads\/sites\/2\/2014\/01\/new1_beitrag-150x150.jpg\" class=\"attachment-thumbnail size-thumbnail\" alt=\"\" srcset=\"https:\/\/www.teufelsfelsen.de\/de\/wp-content\/uploads\/sites\/2\/2014\/01\/new1_beitrag-150x150.jpg 150w, https:\/\/www.teufelsfelsen.de\/de\/wp-content\/uploads\/sites\/2\/2014\/01\/new1_beitrag-100x100.jpg 100w\" sizes=\"auto, (max-width: 150px) 100vw, 150px\" \/><\/a>\n\t\t\t<\/span>\n\t\t\t\t<figcaption class='wp-caption-text gallery-caption'>\n\t\t\t\tEmil, Eric &amp; Egon\n\t\t\t\t<\/figcaption><\/figure><figure class='gallery-item'>\n\t\t\t<span class='gallery-icon'>\n\t\t\t\t<a rel='attachment' href='https:\/\/www.teufelsfelsen.de\/de\/wp-content\/uploads\/sites\/2\/2014\/01\/E3_4-Wurf_home.jpg'><img loading=\"lazy\" decoding=\"async\" width=\"150\" height=\"150\" src=\"https:\/\/www.teufelsfelsen.de\/de\/wp-content\/uploads\/sites\/2\/2014\/01\/E3_4-Wurf_home-150x150.jpg\" class=\"attachment-thumbnail size-thumbnail\" alt=\"\" srcset=\"https:\/\/www.teufelsfelsen.de\/de\/wp-content\/uploads\/sites\/2\/2014\/01\/E3_4-Wurf_home-150x150.jpg 150w, https:\/\/www.teufelsfelsen.de\/de\/wp-content\/uploads\/sites\/2\/2014\/01\/E3_4-Wurf_home-100x100.jpg 100w\" sizes=\"auto, (max-width: 150px) 100vw, 150px\" \/><\/a>\n\t\t\t<\/span><\/figure><figure class='gallery-item'>\n\t\t\t<span class='gallery-icon'>\n\t\t\t\t<a rel='attachment' href='https:\/\/www.teufelsfelsen.de\/de\/wp-content\/uploads\/sites\/2\/2014\/01\/E3_4-Wurf.jpg'><img loading=\"lazy\" decoding=\"async\" width=\"150\" height=\"150\" src=\"https:\/\/www.teufelsfelsen.de\/de\/wp-content\/uploads\/sites\/2\/2014\/01\/E3_4-Wurf-150x150.jpg\" class=\"attachment-thumbnail size-thumbnail\" alt=\"\" srcset=\"https:\/\/www.teufelsfelsen.de\/de\/wp-content\/uploads\/sites\/2\/2014\/01\/E3_4-Wurf-150x150.jpg 150w, https:\/\/www.teufelsfelsen.de\/de\/wp-content\/uploads\/sites\/2\/2014\/01\/E3_4-Wurf-100x100.jpg 100w\" sizes=\"auto, (max-width: 150px) 100vw, 150px\" \/><\/a>\n\t\t\t<\/span><\/figure><br style=\"clear: both\" \/><figure class='gallery-item'>\n\t\t\t<span class='gallery-icon'>\n\t\t\t\t<a rel='attachment' href='https:\/\/www.teufelsfelsen.de\/de\/wp-content\/uploads\/sites\/2\/2014\/01\/E3_3-Wurf.jpg'><img loading=\"lazy\" decoding=\"async\" width=\"150\" height=\"150\" src=\"https:\/\/www.teufelsfelsen.de\/de\/wp-content\/uploads\/sites\/2\/2014\/01\/E3_3-Wurf-150x150.jpg\" class=\"attachment-thumbnail size-thumbnail\" alt=\"\" srcset=\"https:\/\/www.teufelsfelsen.de\/de\/wp-content\/uploads\/sites\/2\/2014\/01\/E3_3-Wurf-150x150.jpg 150w, https:\/\/www.teufelsfelsen.de\/de\/wp-content\/uploads\/sites\/2\/2014\/01\/E3_3-Wurf-100x100.jpg 100w\" sizes=\"auto, (max-width: 150px) 100vw, 150px\" \/><\/a>\n\t\t\t<\/span><\/figure><figure class='gallery-item'>\n\t\t\t<span class='gallery-icon'>\n\t\t\t\t<a rel='attachment' href='https:\/\/www.teufelsfelsen.de\/de\/wp-content\/uploads\/sites\/2\/2014\/01\/E3_2-Wurf.jpg'><img loading=\"lazy\" decoding=\"async\" width=\"150\" height=\"150\" src=\"https:\/\/www.teufelsfelsen.de\/de\/wp-content\/uploads\/sites\/2\/2014\/01\/E3_2-Wurf-150x150.jpg\" class=\"attachment-thumbnail size-thumbnail\" alt=\"\" srcset=\"https:\/\/www.teufelsfelsen.de\/de\/wp-content\/uploads\/sites\/2\/2014\/01\/E3_2-Wurf-150x150.jpg 150w, https:\/\/www.teufelsfelsen.de\/de\/wp-content\/uploads\/sites\/2\/2014\/01\/E3_2-Wurf-100x100.jpg 100w\" sizes=\"auto, (max-width: 150px) 100vw, 150px\" \/><\/a>\n\t\t\t<\/span><\/figure><figure class='gallery-item'>\n\t\t\t<span class='gallery-icon'>\n\t\t\t\t<a rel='attachment' href='https:\/\/www.teufelsfelsen.de\/de\/wp-content\/uploads\/sites\/2\/2014\/01\/E3_1-Wurf.jpg'><img loading=\"lazy\" decoding=\"async\" width=\"150\" height=\"150\" src=\"https:\/\/www.teufelsfelsen.de\/de\/wp-content\/uploads\/sites\/2\/2014\/01\/E3_1-Wurf-150x150.jpg\" class=\"attachment-thumbnail size-thumbnail\" alt=\"\" srcset=\"https:\/\/www.teufelsfelsen.de\/de\/wp-content\/uploads\/sites\/2\/2014\/01\/E3_1-Wurf-150x150.jpg 150w, https:\/\/www.teufelsfelsen.de\/de\/wp-content\/uploads\/sites\/2\/2014\/01\/E3_1-Wurf-100x100.jpg 100w\" sizes=\"auto, (max-width: 150px) 100vw, 150px\" \/><\/a>\n\t\t\t<\/span><\/figure><br style=\"clear: both\" \/>\n\t\t\t<div class='clear'><\/div>\n\t\t<\/div>\n\n<p style=\"text-align: center\"><span style=\"color: #c0c0c0\"><em>Die Bilder k\u00f6nnen durch anklicken vergr\u00f6\u00dfert werden!<\/em><\/span><\/p>\n","protected":false},"excerpt":{"rendered":"<p>Wir haben seit dem 29.12.2013 Kaninchenteckelwelpen: Mutter: MCh Umbra vom Teufelsfelsen Kaninchenteckelh\u00fcndin, Rauhhaar \/ braun Vater: MCh Wotan vom Rainerschl\u00f6ssl FCI Mutter: MCh Isa vom Rainerschl\u00f6ssl FCI Wesenstest bestanden PRA \/ Katarakt frei, OI-Frei \/ DNA Profil registriert Frei von der Genmutation zur Vererbung der Glasknochenkrankheit LZ: SFK Landesjugendsieger DWH &#8230;<\/p>\n","protected":false},"author":4,"featured_media":0,"parent":0,"menu_order":0,"comment_status":"closed","ping_status":"closed","template":"","meta":{"footnotes":""},"class_list":["post-1558","page","type-page","status-publish","hentry"],"_links":{"self":[{"href":"https:\/\/www.teufelsfelsen.de\/de\/wp-json\/wp\/v2\/pages\/1558","targetHints":{"allow":["GET"]}}],"collection":[{"href":"https:\/\/www.teufelsfelsen.de\/de\/wp-json\/wp\/v2\/pages"}],"about":[{"href":"https:\/\/www.teufelsfelsen.de\/de\/wp-json\/wp\/v2\/types\/page"}],"author":[{"embeddable":true,"href":"https:\/\/www.teufelsfelsen.de\/de\/wp-json\/wp\/v2\/users\/4"}],"replies":[{"embeddable":true,"href":"https:\/\/www.teufelsfelsen.de\/de\/wp-json\/wp\/v2\/comments?post=1558"}],"version-history":[{"count":1,"href":"https:\/\/www.teufelsfelsen.de\/de\/wp-json\/wp\/v2\/pages\/1558\/revisions"}],"predecessor-version":[{"id":2037,"href":"https:\/\/www.teufelsfelsen.de\/de\/wp-json\/wp\/v2\/pages\/1558\/revisions\/2037"}],"wp:attachment":[{"href":"https:\/\/www.teufelsfelsen.de\/de\/wp-json\/wp\/v2\/media?parent=1558"}],"curies":[{"name":"wp","href":"https:\/\/api.w.org\/{rel}","templated":true}]}}