{"id":166,"date":"2013-09-10T13:35:55","date_gmt":"2013-09-10T11:35:55","guid":{"rendered":"http:\/\/teufelsfelsen.de\/?page_id=166"},"modified":"2015-03-09T12:08:32","modified_gmt":"2015-03-09T10:08:32","slug":"wotan-vom-rainerschlossl-fci","status":"publish","type":"page","link":"https:\/\/www.teufelsfelsen.de\/de\/wotan-vom-rainerschlossl-fci\/","title":{"rendered":"Wotan vom Rainerschl\u00f6ssl FCI"},"content":{"rendered":"<p style=\"text-align: left\">Kaninchenteckelr\u00fcde, Rauhhaar \/ braun<\/p>\n<p>Wesenstest bestanden<br \/>\nDNA Profil registriert<br \/>\nOI-Frei \/\u00a0Frei von der Genmutation zur Vererbung der Glasknochenkrankheit<br \/>\ncrd-PRA frei \/ Reinerbig frei von der Vererbung der crd-PRA Krankheit<br \/>\n(Zertifikat liegt vor)<br \/>\nWotan ist laut Gentest f\u00fcr die Fellfarbe Merle &#8211; Merle frei<\/p>\n<p><a href=\"https:\/\/www.teufelsfelsen.de\/de\/wp-content\/uploads\/sites\/2\/2013\/09\/wotan_3_1.jpg\"><img loading=\"lazy\" decoding=\"async\" class=\" wp-image-168 alignright\" style=\"margin: 5px\" src=\"https:\/\/www.teufelsfelsen.de\/de\/wp-content\/uploads\/sites\/2\/2013\/09\/wotan_3_1.jpg\" alt=\"wotan_3_1\" width=\"351\" height=\"251\" \/><\/a><strong>Leistungszeichen:<\/strong><\/p>\n<p style=\"text-align: left\">Schu\u00dffestigkeit, STiJ verliehen, KSchlH\/B<br \/>\nK\u00f6rschau: vorz\u00fcglich<br \/>\nsch\u00f6nster Ausstellungshund der Gruppe Mittelbaden in 2007<\/p>\n<p style=\"text-align: left\"><strong>Titel:<\/strong><\/p>\n<p style=\"text-align: left\">Bundesjugendsieger DTK 2005<br \/>\nFCI Landesjugendsieger Rheinland-Pfalz 2005<a href=\"https:\/\/www.teufelsfelsen.de\/de\/wp-content\/uploads\/sites\/2\/2013\/09\/wotan_1.jpg\"><img loading=\"lazy\" decoding=\"async\" class=\"size-full wp-image-167 alignright\" style=\"margin: 5px\" title=\"\u201eWotan&quot; auf der 1. Champion of Champions Show des DTK 1888 e.V.in Berlin\" src=\"https:\/\/www.teufelsfelsen.de\/de\/wp-content\/uploads\/sites\/2\/2013\/09\/wotan_1.jpg\" alt=\"wotan_1\" width=\"322\" height=\"400\" srcset=\"https:\/\/www.teufelsfelsen.de\/de\/wp-content\/uploads\/sites\/2\/2013\/09\/wotan_1.jpg 322w, https:\/\/www.teufelsfelsen.de\/de\/wp-content\/uploads\/sites\/2\/2013\/09\/wotan_1-241x300.jpg 241w\" sizes=\"auto, (max-width: 322px) 100vw, 322px\" \/><\/a><br \/>\nLuxemburg Jugend Champion 2005<br \/>\nWelt-Union-Teckel-Jugend-Champion 2005<br \/>\nLandesjugendsieger S\u00fcdbayern 2005<br \/>\nDeutscher Jugend Champion DTK 2005<br \/>\nFCI Landessieger Bayern 2006<br \/>\nJugend Champion of Champions DTK 2006<br \/>\nFCI Saarlandsieger 2006<br \/>\nLandessieger Th\u00fcringen 2006<br \/>\nBelgischer Klubsieger 2006 &#8220; (BOB)<br \/>\nWelt-Union-Teckel-Champion 2006<br \/>\nDeutscher Champion DTK 2007<br \/>\nDeutscher Champion VDH 2007<br \/>\nLuxemburg Champion 2007<br \/>\nSchweizer Sch\u00f6nheits Champion 2007<br \/>\nMexiko Champion 2007<br \/>\nInternationaler Sch\u00f6nheitschampion 2007<br \/>\n&#8222;Belgischer Klubsieger 2007&#8220; (BOB)<br \/>\nLandessieger S\u00fcdbayern 2007<br \/>\nBundessieger VDH 2007 (BOB)<br \/>\nBelgischer Sch\u00f6nheitschampion 2007<br \/>\nFranz\u00f6sischer Sch\u00f6nheitschampion 2007<br \/>\nChampion of Champion DTK 2007<br \/>\nLandesveteranensieger DCN 2013<\/p>\n<p style=\"text-align: left\"><span style=\"text-decoration: underline\">Ahnentafel<\/span><\/p>\n<p style=\"text-align: left\">Wir haben unseren R\u00fcden Wotan an der Wirbels\u00e4ule radiologisch untersuchen lassen, da das Thema Bandscheibenvorf\u00e4lle bei den Teckeln erblich ist und k\u00f6nnen verk\u00fcnden, Wotan ist radiologisch ohne Befund an der Wirbels\u00e4ule.<\/p>\n<p style=\"text-align: left\">\n","protected":false},"excerpt":{"rendered":"<p>Kaninchenteckelr\u00fcde, Rauhhaar \/ braun Wesenstest bestanden DNA Profil registriert OI-Frei \/\u00a0Frei von der Genmutation zur Vererbung der Glasknochenkrankheit crd-PRA frei \/ Reinerbig frei von der Vererbung der crd-PRA Krankheit (Zertifikat liegt vor) Wotan ist laut Gentest f\u00fcr die Fellfarbe Merle &#8211; Merle frei Leistungszeichen: Schu\u00dffestigkeit, STiJ verliehen, KSchlH\/B K\u00f6rschau: vorz\u00fcglich &#8230;<\/p>\n","protected":false},"author":4,"featured_media":0,"parent":0,"menu_order":0,"comment_status":"closed","ping_status":"closed","template":"","meta":{"footnotes":""},"class_list":["post-166","page","type-page","status-publish","hentry"],"_links":{"self":[{"href":"https:\/\/www.teufelsfelsen.de\/de\/wp-json\/wp\/v2\/pages\/166","targetHints":{"allow":["GET"]}}],"collection":[{"href":"https:\/\/www.teufelsfelsen.de\/de\/wp-json\/wp\/v2\/pages"}],"about":[{"href":"https:\/\/www.teufelsfelsen.de\/de\/wp-json\/wp\/v2\/types\/page"}],"author":[{"embeddable":true,"href":"https:\/\/www.teufelsfelsen.de\/de\/wp-json\/wp\/v2\/users\/4"}],"replies":[{"embeddable":true,"href":"https:\/\/www.teufelsfelsen.de\/de\/wp-json\/wp\/v2\/comments?post=166"}],"version-history":[{"count":3,"href":"https:\/\/www.teufelsfelsen.de\/de\/wp-json\/wp\/v2\/pages\/166\/revisions"}],"predecessor-version":[{"id":2604,"href":"https:\/\/www.teufelsfelsen.de\/de\/wp-json\/wp\/v2\/pages\/166\/revisions\/2604"}],"wp:attachment":[{"href":"https:\/\/www.teufelsfelsen.de\/de\/wp-json\/wp\/v2\/media?parent=166"}],"curies":[{"name":"wp","href":"https:\/\/api.w.org\/{rel}","templated":true}]}}