{"id":214,"date":"2013-09-10T14:41:35","date_gmt":"2013-09-10T12:41:35","guid":{"rendered":"http:\/\/teufelsfelsen.de\/?page_id=214"},"modified":"2025-04-15T12:11:38","modified_gmt":"2025-04-15T10:11:38","slug":"zuchthundinnen","status":"publish","type":"page","link":"https:\/\/www.teufelsfelsen.de\/de\/zuchthundinnen\/","title":{"rendered":"Zuchth\u00fcndinnen"},"content":{"rendered":"<p style=\"text-align: center\"><strong><span style=\"text-decoration: underline\">Wir sind sehr stolz auf unsere Zuchth\u00fcndinnen<\/span><\/strong><\/p>\n<p style=\"text-align: center\"><span style=\"text-decoration: underline\"><strong>Rauhhaarkaninchenteckelh\u00fcndin:<\/strong> <\/span><\/p>\n<p style=\"text-align: center\"><a href=\"https:\/\/www.teufelsfelsen.de\/de\/mathilda-vom-teufelsfelsen\/\"><img loading=\"lazy\" decoding=\"async\" class=\"aligncenter size-medium wp-image-6411\" src=\"https:\/\/www.teufelsfelsen.de\/de\/wp-content\/uploads\/sites\/2\/2023\/04\/Mathilda-300x251.jpg\" alt=\"\" width=\"300\" height=\"251\" srcset=\"https:\/\/www.teufelsfelsen.de\/de\/wp-content\/uploads\/sites\/2\/2023\/04\/Mathilda-300x251.jpg 300w, https:\/\/www.teufelsfelsen.de\/de\/wp-content\/uploads\/sites\/2\/2023\/04\/Mathilda-768x644.jpg 768w, https:\/\/www.teufelsfelsen.de\/de\/wp-content\/uploads\/sites\/2\/2023\/04\/Mathilda-700x587.jpg 700w, https:\/\/www.teufelsfelsen.de\/de\/wp-content\/uploads\/sites\/2\/2023\/04\/Mathilda.jpg 940w\" sizes=\"auto, (max-width: 300px) 100vw, 300px\" \/><\/a><\/p>\n<p style=\"text-align: center\">Mathilda vom Teufelsfelsen<\/p>\n<p style=\"text-align: center\"><span style=\"text-decoration: underline\"><strong>Rauhhaarzwergteckelh\u00fcndinnen:<\/strong><\/span><a href=\"https:\/\/www.teufelsfelsen.de\/de\/imogen-vom-teufelsfelsen\/\"><img loading=\"lazy\" decoding=\"async\" class=\"aligncenter size-medium wp-image-6409\" src=\"https:\/\/www.teufelsfelsen.de\/de\/wp-content\/uploads\/sites\/2\/2023\/04\/Imogen-300x252.jpg\" alt=\"\" width=\"300\" height=\"252\" srcset=\"https:\/\/www.teufelsfelsen.de\/de\/wp-content\/uploads\/sites\/2\/2023\/04\/Imogen-300x252.jpg 300w, https:\/\/www.teufelsfelsen.de\/de\/wp-content\/uploads\/sites\/2\/2023\/04\/Imogen-768x644.jpg 768w, https:\/\/www.teufelsfelsen.de\/de\/wp-content\/uploads\/sites\/2\/2023\/04\/Imogen-700x587.jpg 700w, https:\/\/www.teufelsfelsen.de\/de\/wp-content\/uploads\/sites\/2\/2023\/04\/Imogen.jpg 805w\" sizes=\"auto, (max-width: 300px) 100vw, 300px\" \/><\/a> Imogen vom Teufelsfelsen<\/p>\n<p style=\"text-align: center\"><a href=\"https:\/\/www.teufelsfelsen.de\/de\/jule-vom-teufelsfelsen\/\"><img loading=\"lazy\" decoding=\"async\" class=\"aligncenter size-medium wp-image-6410\" src=\"https:\/\/www.teufelsfelsen.de\/de\/wp-content\/uploads\/sites\/2\/2023\/04\/Jule-300x251.jpg\" alt=\"\" width=\"300\" height=\"251\" srcset=\"https:\/\/www.teufelsfelsen.de\/de\/wp-content\/uploads\/sites\/2\/2023\/04\/Jule-300x251.jpg 300w, https:\/\/www.teufelsfelsen.de\/de\/wp-content\/uploads\/sites\/2\/2023\/04\/Jule-768x644.jpg 768w, https:\/\/www.teufelsfelsen.de\/de\/wp-content\/uploads\/sites\/2\/2023\/04\/Jule-700x587.jpg 700w, https:\/\/www.teufelsfelsen.de\/de\/wp-content\/uploads\/sites\/2\/2023\/04\/Jule.jpg 940w\" sizes=\"auto, (max-width: 300px) 100vw, 300px\" \/><\/a> Jule vom Teufelsfelsen<\/p>\n<p style=\"text-align: center\"><strong><span style=\"text-decoration: underline\">Nachzucht<\/span><br \/>\n<span style=\"text-decoration: underline\">Rauhhaarzwergteckelh\u00fcndin:<\/span><a href=\"https:\/\/www.teufelsfelsen.de\/de\/thalia-vom-teufelsfelsen\/\"><img loading=\"lazy\" decoding=\"async\" class=\"aligncenter size-medium wp-image-6854\" src=\"https:\/\/www.teufelsfelsen.de\/de\/wp-content\/uploads\/sites\/2\/2025\/04\/Thalia-244x300.jpg\" alt=\"\" width=\"244\" height=\"300\" srcset=\"https:\/\/www.teufelsfelsen.de\/de\/wp-content\/uploads\/sites\/2\/2025\/04\/Thalia-244x300.jpg 244w, https:\/\/www.teufelsfelsen.de\/de\/wp-content\/uploads\/sites\/2\/2025\/04\/Thalia.jpg 520w\" sizes=\"auto, (max-width: 244px) 100vw, 244px\" \/><\/a><\/strong><a href=\"https:\/\/www.teufelsfelsen.de\/de\/thalia-vom-teufelsfelsen\/\">Thalia vom Teufelsfelsen<\/a><\/p>\n","protected":false},"excerpt":{"rendered":"<p>Wir sind sehr stolz auf unsere Zuchth\u00fcndinnen Rauhhaarkaninchenteckelh\u00fcndin: Mathilda vom Teufelsfelsen Rauhhaarzwergteckelh\u00fcndinnen: Imogen vom Teufelsfelsen Jule vom Teufelsfelsen Nachzucht Rauhhaarzwergteckelh\u00fcndin:Thalia vom Teufelsfelsen<\/p>\n","protected":false},"author":4,"featured_media":0,"parent":0,"menu_order":0,"comment_status":"closed","ping_status":"closed","template":"","meta":{"footnotes":""},"class_list":["post-214","page","type-page","status-publish","hentry"],"_links":{"self":[{"href":"https:\/\/www.teufelsfelsen.de\/de\/wp-json\/wp\/v2\/pages\/214","targetHints":{"allow":["GET"]}}],"collection":[{"href":"https:\/\/www.teufelsfelsen.de\/de\/wp-json\/wp\/v2\/pages"}],"about":[{"href":"https:\/\/www.teufelsfelsen.de\/de\/wp-json\/wp\/v2\/types\/page"}],"author":[{"embeddable":true,"href":"https:\/\/www.teufelsfelsen.de\/de\/wp-json\/wp\/v2\/users\/4"}],"replies":[{"embeddable":true,"href":"https:\/\/www.teufelsfelsen.de\/de\/wp-json\/wp\/v2\/comments?post=214"}],"version-history":[{"count":52,"href":"https:\/\/www.teufelsfelsen.de\/de\/wp-json\/wp\/v2\/pages\/214\/revisions"}],"predecessor-version":[{"id":6867,"href":"https:\/\/www.teufelsfelsen.de\/de\/wp-json\/wp\/v2\/pages\/214\/revisions\/6867"}],"wp:attachment":[{"href":"https:\/\/www.teufelsfelsen.de\/de\/wp-json\/wp\/v2\/media?parent=214"}],"curies":[{"name":"wp","href":"https:\/\/api.w.org\/{rel}","templated":true}]}}