{"id":2280,"date":"2014-09-30T23:00:23","date_gmt":"2014-09-30T21:00:23","guid":{"rendered":"https:\/\/www.teufelsfelsen.de\/de\/?page_id=2280"},"modified":"2014-10-20T12:38:55","modified_gmt":"2014-10-20T10:38:55","slug":"i3-wurf","status":"publish","type":"page","link":"https:\/\/www.teufelsfelsen.de\/de\/i3-wurf\/","title":{"rendered":"I3-Wurf"},"content":{"rendered":"<div class=\"_3hi clearfix\">\n<div class=\"_38 direction_ltr\">\n<p style=\"text-align: center\">Wir freuen uns..<\/p>\n<p style=\"text-align: center\">Wir haben Welpen aus:<\/p>\n<p style=\"text-align: center\"><a title=\"Siska vom Teufelsfelsen\" href=\"https:\/\/www.teufelsfelsen.de\/de\/siska-vom-teufelsfelsen\/\">MCh Siska vom Teufelsfelsen x\u00a0 <\/a><a title=\"Dago von der Buchenh\u00f6he\" href=\"https:\/\/www.teufelsfelsen.de\/de\/dago-von-der-buchenhohe\/\">JCh Dago von der Buchenh\u00f6he<\/a><\/p>\n<p style=\"text-align: center\"><img loading=\"lazy\" decoding=\"async\" class=\"alignnone size-medium wp-image-1598\" src=\"https:\/\/www.teufelsfelsen.de\/de\/wp-content\/uploads\/sites\/2\/2013\/11\/dagosiska1-300x226.jpg\" alt=\"dagosiska1\" width=\"300\" height=\"226\" srcset=\"https:\/\/www.teufelsfelsen.de\/de\/wp-content\/uploads\/sites\/2\/2013\/11\/dagosiska1-300x226.jpg 300w, https:\/\/www.teufelsfelsen.de\/de\/wp-content\/uploads\/sites\/2\/2013\/11\/dagosiska1.jpg 400w\" sizes=\"auto, (max-width: 300px) 100vw, 300px\" \/><\/p>\n<p style=\"text-align: center\">2 R\u00fcden and 1 H\u00fcndin&#8230;<\/p>\n<p style=\"text-align: center\">Ilja vom Teufelsfelsen \/ R\u00fcde \/ schwarz-rot<\/p>\n<p style=\"text-align: center\">Inspektor Clouseau vom Teufelsfelsen \/ R\u00fcde \/ schwarz-rot<\/p>\n<p style=\"text-align: center\">Ivory vom Teufelsfelsen \/ H\u00fcndin\/ rot<\/p>\n<p style=\"text-align: center\"><img loading=\"lazy\" decoding=\"async\" class=\"alignnone size-medium wp-image-2296\" src=\"https:\/\/www.teufelsfelsen.de\/de\/wp-content\/uploads\/sites\/2\/2014\/09\/10419520_774104812647181_7830666106695141020_n-290x300.jpg\" alt=\"10419520_774104812647181_7830666106695141020_n\" width=\"290\" height=\"300\" srcset=\"https:\/\/www.teufelsfelsen.de\/de\/wp-content\/uploads\/sites\/2\/2014\/09\/10419520_774104812647181_7830666106695141020_n-290x300.jpg 290w, https:\/\/www.teufelsfelsen.de\/de\/wp-content\/uploads\/sites\/2\/2014\/09\/10419520_774104812647181_7830666106695141020_n.jpg 698w\" sizes=\"auto, (max-width: 290px) 100vw, 290px\" \/><\/p>\n\n\t\t<div id='gallery-1' class='gallery galleryid-2280 gallery-columns-3 gallery-size-thumbnail gallery-link-file'><figure class='gallery-item'>\n\t\t\t<span class='gallery-icon'>\n\t\t\t\t<a rel='attachment' href='https:\/\/www.teufelsfelsen.de\/de\/wp-content\/uploads\/sites\/2\/2014\/09\/1238708_764355170288812_8244942518873006189_n.jpg'><img loading=\"lazy\" decoding=\"async\" width=\"150\" height=\"150\" src=\"https:\/\/www.teufelsfelsen.de\/de\/wp-content\/uploads\/sites\/2\/2014\/09\/1238708_764355170288812_8244942518873006189_n-150x150.jpg\" class=\"attachment-thumbnail size-thumbnail\" alt=\"\" srcset=\"https:\/\/www.teufelsfelsen.de\/de\/wp-content\/uploads\/sites\/2\/2014\/09\/1238708_764355170288812_8244942518873006189_n-150x150.jpg 150w, https:\/\/www.teufelsfelsen.de\/de\/wp-content\/uploads\/sites\/2\/2014\/09\/1238708_764355170288812_8244942518873006189_n-100x100.jpg 100w\" sizes=\"auto, (max-width: 150px) 100vw, 150px\" \/><\/a>\n\t\t\t<\/span>\n\t\t\t\t<figcaption class='wp-caption-text gallery-caption'>\n\t\t\t\tIllja \n\t\t\t\t<\/figcaption><\/figure><figure class='gallery-item'>\n\t\t\t<span class='gallery-icon'>\n\t\t\t\t<a rel='attachment' href='https:\/\/www.teufelsfelsen.de\/de\/wp-content\/uploads\/sites\/2\/2014\/09\/inspek.jpg'><img loading=\"lazy\" decoding=\"async\" width=\"150\" height=\"150\" src=\"https:\/\/www.teufelsfelsen.de\/de\/wp-content\/uploads\/sites\/2\/2014\/09\/inspek-150x150.jpg\" class=\"attachment-thumbnail size-thumbnail\" alt=\"\" srcset=\"https:\/\/www.teufelsfelsen.de\/de\/wp-content\/uploads\/sites\/2\/2014\/09\/inspek-150x150.jpg 150w, https:\/\/www.teufelsfelsen.de\/de\/wp-content\/uploads\/sites\/2\/2014\/09\/inspek-100x100.jpg 100w\" sizes=\"auto, (max-width: 150px) 100vw, 150px\" \/><\/a>\n\t\t\t<\/span>\n\t\t\t\t<figcaption class='wp-caption-text gallery-caption'>\n\t\t\t\tInspektor Clouseau\n\t\t\t\t<\/figcaption><\/figure><figure class='gallery-item'>\n\t\t\t<span class='gallery-icon'>\n\t\t\t\t<a rel='attachment' href='https:\/\/www.teufelsfelsen.de\/de\/wp-content\/uploads\/sites\/2\/2014\/09\/ivory.jpg'><img loading=\"lazy\" decoding=\"async\" width=\"150\" height=\"150\" src=\"https:\/\/www.teufelsfelsen.de\/de\/wp-content\/uploads\/sites\/2\/2014\/09\/ivory-150x150.jpg\" class=\"attachment-thumbnail size-thumbnail\" alt=\"\" srcset=\"https:\/\/www.teufelsfelsen.de\/de\/wp-content\/uploads\/sites\/2\/2014\/09\/ivory-150x150.jpg 150w, https:\/\/www.teufelsfelsen.de\/de\/wp-content\/uploads\/sites\/2\/2014\/09\/ivory-100x100.jpg 100w\" sizes=\"auto, (max-width: 150px) 100vw, 150px\" \/><\/a>\n\t\t\t<\/span>\n\t\t\t\t<figcaption class='wp-caption-text gallery-caption'>\n\t\t\t\tIvory\n\t\t\t\t<\/figcaption><\/figure><br style=\"clear: both\" \/>\n\t\t\t<div class='clear'><\/div>\n\t\t<\/div>\n\n<\/div>\n<div class=\"_1yr\" style=\"text-align: center\"><\/div>\n<\/div>\n<div class=\"_3hi clearfix\" style=\"text-align: center\">\n<div class=\"_38 direction_ltr\">\n<p>Alle Welpen sind wohlauf&#8230;<\/p>\n<\/div>\n<div class=\"_1yr\"><\/div>\n<\/div>\n<div class=\"_3hi clearfix\">\n<div class=\"_38 direction_ltr\">\n<p style=\"text-align: center\">\n<\/div>\n<\/div>\n","protected":false},"excerpt":{"rendered":"<p>Wir freuen uns.. Wir haben Welpen aus: MCh Siska vom Teufelsfelsen x\u00a0 JCh Dago von der Buchenh\u00f6he 2 R\u00fcden and 1 H\u00fcndin&#8230; Ilja vom Teufelsfelsen \/ R\u00fcde \/ schwarz-rot Inspektor Clouseau vom Teufelsfelsen \/ R\u00fcde \/ schwarz-rot Ivory vom Teufelsfelsen \/ H\u00fcndin\/ rot Alle Welpen sind wohlauf&#8230;<\/p>\n","protected":false},"author":4,"featured_media":0,"parent":0,"menu_order":0,"comment_status":"closed","ping_status":"closed","template":"","meta":{"footnotes":""},"class_list":["post-2280","page","type-page","status-publish","hentry"],"_links":{"self":[{"href":"https:\/\/www.teufelsfelsen.de\/de\/wp-json\/wp\/v2\/pages\/2280","targetHints":{"allow":["GET"]}}],"collection":[{"href":"https:\/\/www.teufelsfelsen.de\/de\/wp-json\/wp\/v2\/pages"}],"about":[{"href":"https:\/\/www.teufelsfelsen.de\/de\/wp-json\/wp\/v2\/types\/page"}],"author":[{"embeddable":true,"href":"https:\/\/www.teufelsfelsen.de\/de\/wp-json\/wp\/v2\/users\/4"}],"replies":[{"embeddable":true,"href":"https:\/\/www.teufelsfelsen.de\/de\/wp-json\/wp\/v2\/comments?post=2280"}],"version-history":[{"count":4,"href":"https:\/\/www.teufelsfelsen.de\/de\/wp-json\/wp\/v2\/pages\/2280\/revisions"}],"predecessor-version":[{"id":2298,"href":"https:\/\/www.teufelsfelsen.de\/de\/wp-json\/wp\/v2\/pages\/2280\/revisions\/2298"}],"wp:attachment":[{"href":"https:\/\/www.teufelsfelsen.de\/de\/wp-json\/wp\/v2\/media?parent=2280"}],"curies":[{"name":"wp","href":"https:\/\/api.w.org\/{rel}","templated":true}]}}