{"id":39,"date":"2013-09-09T14:37:35","date_gmt":"2013-09-09T12:37:35","guid":{"rendered":"http:\/\/teufelsfelsen.de\/?page_id=39"},"modified":"2026-01-12T12:16:14","modified_gmt":"2026-01-12T11:16:14","slug":"unsere-welpen","status":"publish","type":"page","link":"https:\/\/www.teufelsfelsen.de\/de\/unsere-teckel\/unsere-welpen\/","title":{"rendered":"Unsere Welpen"},"content":{"rendered":"<p>Wir erfreuen uns, j\u00e4hrlich wenn es passt, \u00fcber gesunden, wesensfesten und sch\u00f6nen Nachwuchs von unseren Zuchth\u00fcndinnen in unserer Familie.<\/p>\n<p>Hier finden Sie eine \u00dcbersicht unserer W\u00fcrfe aus dem aktuellen Jahr:<a href=\"https:\/\/www.teufelsfelsen.de\/de\/unsere-teckel\/unsere-welpen\/wurfplanung\/\"> aktuelle W\u00fcrfe<\/a><\/p>\n<p>Wir planen weiter W\u00fcrfe: <a title=\"Wurfplanung\" href=\"https:\/\/www.teufelsfelsen.de\/de\/unsere-teckel\/unsere-welpen\/aktuelle-wurfe\/\"><strong>Wurfplanung<\/strong><\/a><\/p>\n<p>Unser Ziel ist es gesunde, ausgeglichene und wesensfeste Hunde zu z\u00fcchten. Unsere Welpen werden in der Familie im Haus liebevoll aufgezogen. F\u00fcr unsere Welpen w\u00fcnschen wir uns liebevolle und verantwortungsvolle Menschen die ein Familienmitglied suchen.<\/p>\n<p>Wir verkaufen keine Welpen in Zwingerhaltung, da wir diese Haltung ablehnen.<\/p>\n<p>Die Welpen k\u00f6nnen bei Bedarf jagdlich fr\u00fchgepr\u00e4gt werden.<\/p>\n<p>Falls Sie Interesse an einem Welpen haben, k\u00f6nnen Sie sich gerne bei uns melden.<\/p>\n<p>Wir sind bei Bedarf nach dem Welpenkauf immer beratend f\u00fcr Sie da.<\/p>\n<p>Wir nehmen die Hunde in &#8222;speziellen F\u00e4llen&#8220; auch in Pflege.<\/p>\n<p>Die Elterntiere k\u00f6nnen Sie jederzeit vorher anschauen.<\/p>\n<p>Welpenbilder in verschiedenen Farben:<\/p>\n<p>braune und braunsaufarbene Zwergteckelwelpen<\/p>\n<p><a href=\"https:\/\/www.teufelsfelsen.de\/de\/wp-content\/uploads\/sites\/2\/2013\/09\/viki_baby_april1.jpg\"><img loading=\"lazy\" decoding=\"async\" class=\"alignnone size-full wp-image-358\" src=\"https:\/\/www.teufelsfelsen.de\/de\/wp-content\/uploads\/sites\/2\/2013\/09\/viki_baby_april1.jpg\" alt=\"viki_baby_april1\" width=\"361\" height=\"257\" srcset=\"https:\/\/www.teufelsfelsen.de\/de\/wp-content\/uploads\/sites\/2\/2013\/09\/viki_baby_april1.jpg 400w, https:\/\/www.teufelsfelsen.de\/de\/wp-content\/uploads\/sites\/2\/2013\/09\/viki_baby_april1-300x213.jpg 300w\" sizes=\"auto, (max-width: 361px) 100vw, 361px\" \/><\/a><\/p>\n<p>schwarz-rote und rote \/ d\u00fcrrlaub Zwergteckelwelpen<\/p>\n<p><a href=\"https:\/\/www.teufelsfelsen.de\/de\/wp-content\/uploads\/sites\/2\/2013\/09\/b-wurf1.jpg\"><img loading=\"lazy\" decoding=\"async\" class=\"alignnone size-full wp-image-354\" src=\"https:\/\/www.teufelsfelsen.de\/de\/wp-content\/uploads\/sites\/2\/2013\/09\/b-wurf1.jpg\" alt=\"b-wurf1\" width=\"363\" height=\"261\" srcset=\"https:\/\/www.teufelsfelsen.de\/de\/wp-content\/uploads\/sites\/2\/2013\/09\/b-wurf1.jpg 600w, https:\/\/www.teufelsfelsen.de\/de\/wp-content\/uploads\/sites\/2\/2013\/09\/b-wurf1-300x216.jpg 300w\" sizes=\"auto, (max-width: 363px) 100vw, 363px\" \/><\/a><\/p>\n<p>dunkelsaufarbene und rote Standardteckelwelpen<\/p>\n<p><a href=\"https:\/\/www.teufelsfelsen.de\/de\/wp-content\/uploads\/sites\/2\/2013\/09\/e2-wurf.jpg\"><img loading=\"lazy\" decoding=\"async\" class=\"alignnone size-medium wp-image-355\" src=\"https:\/\/www.teufelsfelsen.de\/de\/wp-content\/uploads\/sites\/2\/2013\/09\/e2-wurf-300x166.jpg\" alt=\"e2-wurf\" width=\"359\" height=\"198\" srcset=\"https:\/\/www.teufelsfelsen.de\/de\/wp-content\/uploads\/sites\/2\/2013\/09\/e2-wurf-300x166.jpg 300w, https:\/\/www.teufelsfelsen.de\/de\/wp-content\/uploads\/sites\/2\/2013\/09\/e2-wurf.jpg 400w\" sizes=\"auto, (max-width: 359px) 100vw, 359px\" \/><\/a><\/p>\n<p>saufarbengefleckte und saufarbene Kaninchenteckelwelpen<\/p>\n<p><a href=\"https:\/\/www.teufelsfelsen.de\/de\/wp-content\/uploads\/sites\/2\/2013\/09\/nestot.jpg\"><img loading=\"lazy\" decoding=\"async\" class=\"alignnone size-medium wp-image-357\" src=\"https:\/\/www.teufelsfelsen.de\/de\/wp-content\/uploads\/sites\/2\/2013\/09\/nestot-300x214.jpg\" alt=\"nestot\" width=\"358\" height=\"255\" srcset=\"https:\/\/www.teufelsfelsen.de\/de\/wp-content\/uploads\/sites\/2\/2013\/09\/nestot-300x214.jpg 300w, https:\/\/www.teufelsfelsen.de\/de\/wp-content\/uploads\/sites\/2\/2013\/09\/nestot.jpg 400w\" sizes=\"auto, (max-width: 358px) 100vw, 358px\" \/><\/a><\/p>\n<p><a href=\"https:\/\/www.teufelsfelsen.de\/de\/wp-content\/uploads\/sites\/2\/2013\/09\/narnja1_11.jpg\"><img loading=\"lazy\" decoding=\"async\" class=\"alignnone size-medium wp-image-356\" src=\"https:\/\/www.teufelsfelsen.de\/de\/wp-content\/uploads\/sites\/2\/2013\/09\/narnja1_11-300x214.jpg\" alt=\"narnja1_1\" width=\"365\" height=\"260\" srcset=\"https:\/\/www.teufelsfelsen.de\/de\/wp-content\/uploads\/sites\/2\/2013\/09\/narnja1_11-300x214.jpg 300w, https:\/\/www.teufelsfelsen.de\/de\/wp-content\/uploads\/sites\/2\/2013\/09\/narnja1_11.jpg 400w\" sizes=\"auto, (max-width: 365px) 100vw, 365px\" \/><\/a><\/p>\n<p>&nbsp;<\/p>\n","protected":false},"excerpt":{"rendered":"<p>Wir erfreuen uns, j\u00e4hrlich wenn es passt, \u00fcber gesunden, wesensfesten und sch\u00f6nen Nachwuchs von unseren Zuchth\u00fcndinnen in unserer Familie. Hier finden Sie eine \u00dcbersicht unserer W\u00fcrfe aus dem aktuellen Jahr: aktuelle W\u00fcrfe Wir planen weiter W\u00fcrfe: Wurfplanung Unser Ziel ist es gesunde, ausgeglichene und wesensfeste Hunde zu z\u00fcchten. Unsere Welpen &#8230;<\/p>\n","protected":false},"author":4,"featured_media":0,"parent":28,"menu_order":0,"comment_status":"closed","ping_status":"closed","template":"","meta":{"footnotes":""},"class_list":["post-39","page","type-page","status-publish","hentry"],"_links":{"self":[{"href":"https:\/\/www.teufelsfelsen.de\/de\/wp-json\/wp\/v2\/pages\/39","targetHints":{"allow":["GET"]}}],"collection":[{"href":"https:\/\/www.teufelsfelsen.de\/de\/wp-json\/wp\/v2\/pages"}],"about":[{"href":"https:\/\/www.teufelsfelsen.de\/de\/wp-json\/wp\/v2\/types\/page"}],"author":[{"embeddable":true,"href":"https:\/\/www.teufelsfelsen.de\/de\/wp-json\/wp\/v2\/users\/4"}],"replies":[{"embeddable":true,"href":"https:\/\/www.teufelsfelsen.de\/de\/wp-json\/wp\/v2\/comments?post=39"}],"version-history":[{"count":13,"href":"https:\/\/www.teufelsfelsen.de\/de\/wp-json\/wp\/v2\/pages\/39\/revisions"}],"predecessor-version":[{"id":6953,"href":"https:\/\/www.teufelsfelsen.de\/de\/wp-json\/wp\/v2\/pages\/39\/revisions\/6953"}],"up":[{"embeddable":true,"href":"https:\/\/www.teufelsfelsen.de\/de\/wp-json\/wp\/v2\/pages\/28"}],"wp:attachment":[{"href":"https:\/\/www.teufelsfelsen.de\/de\/wp-json\/wp\/v2\/media?parent=39"}],"curies":[{"name":"wp","href":"https:\/\/api.w.org\/{rel}","templated":true}]}}