{"id":436,"date":"2013-09-16T09:24:47","date_gmt":"2013-09-16T07:24:47","guid":{"rendered":"http:\/\/teufelsfelsen.de\/?page_id=436"},"modified":"2014-05-12T15:39:33","modified_gmt":"2014-05-12T13:39:33","slug":"auszeichnungen","status":"publish","type":"page","link":"https:\/\/www.teufelsfelsen.de\/de\/auszeichnungen\/","title":{"rendered":"Auszeichnungen"},"content":{"rendered":"<p>Wir besuchen mit unseren Zuchth\u00fcndinnen und unseren Deckr\u00fcden regelm\u00e4\u00dfig die Ausstellungen und Zuchtschauen:<\/p>\n<p><a href=\"http:\/\/www.vdh.de\/ausstellungen.html\" target=\"_blank\">VDH &#8211; Verband deutsches Hundewesen<\/a><br \/>\n<a href=\"http:\/\/www.dtk1888.de\/\" target=\"_blank\">DTK &#8211; Deutscher Teckelclub 1888 e.V. <\/a><\/p>\n<p>Auf den folgenden Unterseiten finden Sie unsere Ausstellungserfolge aus den letzen Jahren, sowie geordnet nach den vergebenen Titeln.<\/p>\n<p>Unsere S\u00f6hne Maximilian und Lennart laufen zudem regelm\u00e4\u00dfig beim Juniorhandling mit unseren Hunden, und konnten hier auch schon viele Erfolge erzielen. Wir sind sehr stolz auf die beiden.<\/p>\n<p>Unsere Zucht wurde zudem bereits Ausgezeichnet:<\/p>\n<p style=\"text-align: center\"><span style=\"text-decoration: underline\">Ausstellungsauszeichnung:<\/span><\/p>\n<p style=\"text-align: center\">F\u00fcr unsere Nachzucht haben wir die h\u00f6chste Zuchtauszeichnung des DTK erhalten.<\/p>\n<p style=\"text-align: center\">\u201eGold mit Kranz\u201c<\/p>\n<p style=\"text-align: center\"><a href=\"https:\/\/www.teufelsfelsen.de\/de\/wp-content\/uploads\/sites\/2\/2013\/09\/ausstellungsnadel-gold-mit-.gif\"><img loading=\"lazy\" decoding=\"async\" class=\"alignnone size-full wp-image-437\" src=\"https:\/\/www.teufelsfelsen.de\/de\/wp-content\/uploads\/sites\/2\/2013\/09\/ausstellungsnadel-gold-mit-.gif\" alt=\"ausstellungsnadel-gold-mit-\" width=\"200\" height=\"153\" \/><\/a><\/p>\n<p style=\"text-align: center\">Gebrauchsauszeichnung:<\/p>\n<p style=\"text-align: center\">F\u00fcr unsere Nachzucht haben wir die Zuchtauszeichnung in &#8222;Silber&#8220; des DTK erhalten.<a href=\"https:\/\/www.teufelsfelsen.de\/de\/wp-content\/uploads\/sites\/2\/2013\/09\/gebrauch_silber.gif\"><img loading=\"lazy\" decoding=\"async\" class=\"alignnone size-medium wp-image-438\" src=\"https:\/\/www.teufelsfelsen.de\/de\/wp-content\/uploads\/sites\/2\/2013\/09\/gebrauch_silber.gif\" alt=\"gebrauch_silber\" width=\"142\" height=\"165\" \/><\/a><\/p>\n<p style=\"text-align: center\">Vielen Dank den Ausstellern und F\u00fchrern der Teckel &#8222;vom Teufelsfelsen&#8220; f\u00fcr die Mithilfe an den Auszeichnungen durch das F\u00fchren und Ausstellen Ihrer Hunde.<\/p>\n<p style=\"text-align: center\">\u00a0Wir sind zudem Z\u00fcchter im VDH:<\/p>\n<p style=\"text-align: center\"><a href=\"https:\/\/www.teufelsfelsen.de\/de\/wp-content\/uploads\/sites\/2\/2013\/09\/Z\u00fcchter-im-VDH.png\"><img loading=\"lazy\" decoding=\"async\" class=\"alignnone size-medium wp-image-2096\" src=\"https:\/\/www.teufelsfelsen.de\/de\/wp-content\/uploads\/sites\/2\/2013\/09\/Z\u00fcchter-im-VDH-300x212.png\" alt=\"Z\u00fcchter im VDH\" width=\"300\" height=\"212\" srcset=\"https:\/\/www.teufelsfelsen.de\/de\/wp-content\/uploads\/sites\/2\/2013\/09\/Z\u00fcchter-im-VDH-300x212.png 300w, https:\/\/www.teufelsfelsen.de\/de\/wp-content\/uploads\/sites\/2\/2013\/09\/Z\u00fcchter-im-VDH-1024x723.png 1024w, https:\/\/www.teufelsfelsen.de\/de\/wp-content\/uploads\/sites\/2\/2013\/09\/Z\u00fcchter-im-VDH-700x494.png 700w, https:\/\/www.teufelsfelsen.de\/de\/wp-content\/uploads\/sites\/2\/2013\/09\/Z\u00fcchter-im-VDH.png 1167w\" sizes=\"auto, (max-width: 300px) 100vw, 300px\" \/><\/a><\/p>\n<p>&nbsp;<\/p>\n<p>&nbsp;<\/p>\n","protected":false},"excerpt":{"rendered":"<p>Wir besuchen mit unseren Zuchth\u00fcndinnen und unseren Deckr\u00fcden regelm\u00e4\u00dfig die Ausstellungen und Zuchtschauen: VDH &#8211; Verband deutsches Hundewesen DTK &#8211; Deutscher Teckelclub 1888 e.V. Auf den folgenden Unterseiten finden Sie unsere Ausstellungserfolge aus den letzen Jahren, sowie geordnet nach den vergebenen Titeln. Unsere S\u00f6hne Maximilian und Lennart laufen zudem regelm\u00e4\u00dfig &#8230;<\/p>\n","protected":false},"author":4,"featured_media":0,"parent":0,"menu_order":0,"comment_status":"closed","ping_status":"closed","template":"","meta":{"footnotes":""},"class_list":["post-436","page","type-page","status-publish","hentry"],"_links":{"self":[{"href":"https:\/\/www.teufelsfelsen.de\/de\/wp-json\/wp\/v2\/pages\/436","targetHints":{"allow":["GET"]}}],"collection":[{"href":"https:\/\/www.teufelsfelsen.de\/de\/wp-json\/wp\/v2\/pages"}],"about":[{"href":"https:\/\/www.teufelsfelsen.de\/de\/wp-json\/wp\/v2\/types\/page"}],"author":[{"embeddable":true,"href":"https:\/\/www.teufelsfelsen.de\/de\/wp-json\/wp\/v2\/users\/4"}],"replies":[{"embeddable":true,"href":"https:\/\/www.teufelsfelsen.de\/de\/wp-json\/wp\/v2\/comments?post=436"}],"version-history":[{"count":3,"href":"https:\/\/www.teufelsfelsen.de\/de\/wp-json\/wp\/v2\/pages\/436\/revisions"}],"predecessor-version":[{"id":2097,"href":"https:\/\/www.teufelsfelsen.de\/de\/wp-json\/wp\/v2\/pages\/436\/revisions\/2097"}],"wp:attachment":[{"href":"https:\/\/www.teufelsfelsen.de\/de\/wp-json\/wp\/v2\/media?parent=436"}],"curies":[{"name":"wp","href":"https:\/\/api.w.org\/{rel}","templated":true}]}}