{"id":5074,"date":"2018-01-15T09:14:49","date_gmt":"2018-01-15T08:14:49","guid":{"rendered":"https:\/\/www.teufelsfelsen.de\/de\/?page_id=5074"},"modified":"2018-12-10T09:10:47","modified_gmt":"2018-12-10T08:10:47","slug":"erfolge-2018","status":"publish","type":"page","link":"https:\/\/www.teufelsfelsen.de\/de\/erfolge-2018\/","title":{"rendered":"Erfolge 2018"},"content":{"rendered":"<div>\n<div>\n<p style=\"text-align: center\"><strong><span style=\"text-decoration: underline\">Wir waren in Wels (A) auf der internationalen Doppelausstellung:<br \/>\n<\/span><\/strong><span style=\"text-decoration: underline\">Kaninchenteckel<\/span><br \/>\nLina vom Teufelsfelsen<br \/>\nV1 CACA, res. CACIB<br \/>\nV1 CACA<\/p>\n<p style=\"text-align: center\"><span class=\"text_exposed_show\"><span style=\"text-decoration: underline\">Zwergteckel:<\/span><br \/>\nOmega vom Teufelsfelsen<br \/>\nV1 CACA<br \/>\nSG 1<\/span><\/p>\n<p style=\"text-align: center\">Es war ein wundersch\u00f6nes Wochenende mit guten Freunden und guten Erfolgen&#8230;<\/p>\n<p style=\"text-align: center\">\n<p style=\"text-align: center\">XXXXXXXXXXXXXXXXXXXXXXXXXXXXXXXXXXXXXXXXXX<\/p>\n<p>&nbsp;<\/p>\n<p style=\"text-align: center\"><span style=\"text-decoration: underline\"><strong>National und Internationale Ausstellung Karlsruhe 10.+11.11.2018:<br \/>\n<\/strong>Kaninchenteckel<br \/>\n<\/span>Lina vom Teufelsfelsen<br \/>\nV1 VDH-CAC, DTK-CAC, BOB, BIG 3 +<br \/>\nV1 VDH-CAC, Res. DTK-CAC, res. CACIB<\/p>\n<p><img loading=\"lazy\" decoding=\"async\" class=\"aligncenter size-medium wp-image-5522\" src=\"https:\/\/www.teufelsfelsen.de\/de\/wp-content\/uploads\/sites\/2\/2018\/11\/46401757_1861168557339020_5473793736938881024_n-206x300.jpg\" alt=\"\" width=\"206\" height=\"300\" srcset=\"https:\/\/www.teufelsfelsen.de\/de\/wp-content\/uploads\/sites\/2\/2018\/11\/46401757_1861168557339020_5473793736938881024_n-206x300.jpg 206w, https:\/\/www.teufelsfelsen.de\/de\/wp-content\/uploads\/sites\/2\/2018\/11\/46401757_1861168557339020_5473793736938881024_n.jpg 591w\" sizes=\"auto, (max-width: 206px) 100vw, 206px\" \/><\/p>\n<p style=\"text-align: center\">Hodja\u00b4s Zentropa Sweet<br \/>\nV2 res. VDH-CAC,\u00a0 + V3<\/p>\n<p style=\"text-align: center\"><span style=\"text-decoration: underline\">Zwergteckel:<br \/>\n<\/span>Helene vom Teufelsfelsen<br \/>\nV2 res. VDH-CAC + V2 res. VDH-CAC<\/p>\n<p><img loading=\"lazy\" decoding=\"async\" class=\"aligncenter size-medium wp-image-5521\" src=\"https:\/\/www.teufelsfelsen.de\/de\/wp-content\/uploads\/sites\/2\/2018\/11\/46441103_363310754436778_6639253939004899328_n-300x284.jpg\" alt=\"\" width=\"300\" height=\"284\" srcset=\"https:\/\/www.teufelsfelsen.de\/de\/wp-content\/uploads\/sites\/2\/2018\/11\/46441103_363310754436778_6639253939004899328_n-300x284.jpg 300w, https:\/\/www.teufelsfelsen.de\/de\/wp-content\/uploads\/sites\/2\/2018\/11\/46441103_363310754436778_6639253939004899328_n-768x728.jpg 768w, https:\/\/www.teufelsfelsen.de\/de\/wp-content\/uploads\/sites\/2\/2018\/11\/46441103_363310754436778_6639253939004899328_n.jpg 1024w, https:\/\/www.teufelsfelsen.de\/de\/wp-content\/uploads\/sites\/2\/2018\/11\/46441103_363310754436778_6639253939004899328_n-700x664.jpg 700w\" sizes=\"auto, (max-width: 300px) 100vw, 300px\" \/><\/p>\n<p style=\"text-align: center\">Es war ein erfolgreiches Wochenende und wir hatten viel Spass&#8230;.<\/p>\n<p style=\"text-align: center\">XXXXXXXXXXXXXXXXXXXXXXXXXXXXXXXXXXXXXXXXXX<\/p>\n<p style=\"text-align: center\"><span style=\"text-decoration: underline\"><strong>Auf der Zuchtschau in Freudenstadt -Untermusbach 05.08.2018:<br \/>\n<\/strong><\/span><span style=\"text-decoration: underline\">Kaninchenteckel<\/span><br \/>\nXora-Panka vom Teufelsfelsen<\/p>\n<p><img loading=\"lazy\" decoding=\"async\" class=\"aligncenter size-medium wp-image-5413\" src=\"https:\/\/www.teufelsfelsen.de\/de\/wp-content\/uploads\/sites\/2\/2018\/08\/38682943_1494627844016510_3929867051178393600_n-1-300x242.jpg\" alt=\"\" width=\"300\" height=\"242\" srcset=\"https:\/\/www.teufelsfelsen.de\/de\/wp-content\/uploads\/sites\/2\/2018\/08\/38682943_1494627844016510_3929867051178393600_n-1-300x242.jpg 300w, https:\/\/www.teufelsfelsen.de\/de\/wp-content\/uploads\/sites\/2\/2018\/08\/38682943_1494627844016510_3929867051178393600_n-1.jpg 644w\" sizes=\"auto, (max-width: 300px) 100vw, 300px\" \/><\/p>\n<p style=\"text-align: center\">Panka hat mit Ihrem Frauchen Ihren ersten Pokal gewonnen. Sie wurde BOB Baby bei den Rauhhaar Kaninchenteckel. Wir sind sehr stolz&#8230;..<\/p>\n<p style=\"text-align: center\">XXXXXXXXXXXXXXXXXXXXXXXXXXXXXXXXXXXXXXXXXX<\/p>\n<p style=\"text-align: center\"><strong><span style=\"text-decoration: underline\">Wir waren auf der \u00f6sterreichischen Klubsiegerausstellung in Hohenems \/ Vorarlberg<br \/>\n<\/span><\/strong><span style=\"text-decoration: underline\">Kaninchenteckel<\/span><br \/>\nLina vom Teufelsfelsen<br \/>\nV1 CACA, Klubsieger 2018, BOS<\/p>\n<p style=\"text-align: center\"><img loading=\"lazy\" decoding=\"async\" class=\"aligncenter size-medium wp-image-5396\" src=\"https:\/\/www.teufelsfelsen.de\/de\/wp-content\/uploads\/sites\/2\/2018\/07\/38167286_1882298981827753_1571489324849954816_n-300x289.jpg\" alt=\"\" width=\"300\" height=\"289\" srcset=\"https:\/\/www.teufelsfelsen.de\/de\/wp-content\/uploads\/sites\/2\/2018\/07\/38167286_1882298981827753_1571489324849954816_n-300x289.jpg 300w, https:\/\/www.teufelsfelsen.de\/de\/wp-content\/uploads\/sites\/2\/2018\/07\/38167286_1882298981827753_1571489324849954816_n-768x739.jpg 768w, https:\/\/www.teufelsfelsen.de\/de\/wp-content\/uploads\/sites\/2\/2018\/07\/38167286_1882298981827753_1571489324849954816_n.jpg 1024w, https:\/\/www.teufelsfelsen.de\/de\/wp-content\/uploads\/sites\/2\/2018\/07\/38167286_1882298981827753_1571489324849954816_n-700x673.jpg 700w\" sizes=\"auto, (max-width: 300px) 100vw, 300px\" \/><\/p>\n<div class=\"text_exposed_show\">\n<p style=\"text-align: center\">Hodja\u00b4s Zentropa Sweet<br \/>\nV1 CACA<\/p>\n<p style=\"text-align: center\"><span class=\"text_exposed_show\"><span style=\"text-decoration: underline\">Zwergteckel:<\/span><\/span><br \/>\nFranziska von der Buchenh\u00f6he<br \/>\nV1 CACA Klubsieger 2018<\/p>\n<p style=\"text-align: center\">Amelie durfte bei Dackel &amp; Kind mit Curth starten&#8230;<\/p>\n<p style=\"text-align: center\"><img loading=\"lazy\" decoding=\"async\" class=\"aligncenter size-medium wp-image-5397\" src=\"https:\/\/www.teufelsfelsen.de\/de\/wp-content\/uploads\/sites\/2\/2018\/07\/37971888_1882298868494431_4292763290582384640_n-243x300.jpg\" alt=\"\" width=\"243\" height=\"300\" srcset=\"https:\/\/www.teufelsfelsen.de\/de\/wp-content\/uploads\/sites\/2\/2018\/07\/37971888_1882298868494431_4292763290582384640_n-243x300.jpg 243w, https:\/\/www.teufelsfelsen.de\/de\/wp-content\/uploads\/sites\/2\/2018\/07\/37971888_1882298868494431_4292763290582384640_n.jpg 535w\" sizes=\"auto, (max-width: 243px) 100vw, 243px\" \/><br \/>\nEs war ein riesen Spa\u00df und ein gro\u00dfartiger Tag. Die Ausstellung war super organisiert.<\/p>\n<div class=\"text_exposed_root text_exposed\" style=\"text-align: center\"><\/div>\n<p style=\"text-align: center\">XXXXXXXXXXXXXXXXXXXXXXXXXXXXXXXXXXXXXXXXXX<\/p>\n<div class=\"text_exposed_root text_exposed\" style=\"text-align: center\">\n<p><strong><span style=\"text-decoration: underline\">BHP-Pr\u00fcfung in Forst am 14.07.2018:<\/span><\/strong><\/p>\n<p><span style=\"text-decoration: underline\">Kaninchenteckel:<\/span><br \/>\nTinkerbell vom Teufelsfelsen<br \/>\nBHP 1+2<\/p>\n<p>Super Erfolg Familie Zeiher.. Macht weiter so&#8230;<\/p>\n<\/div>\n<p style=\"text-align: center\">XXXXXXXXXXXXXXXXXXXXXXXXXXXXXXXXXXXXXXXXXX<\/p>\n<\/div>\n<\/div>\n<div><\/div>\n<div id=\"id_5b375d41ee7246173768637\" class=\"text_exposed_root text_exposed\" style=\"text-align: center\"><span style=\"text-decoration: underline\"><strong>Landessiegerausstellung DCN in Pruppach 08.07.2018:<\/strong><\/span><\/div>\n<div class=\"text_exposed_root text_exposed\" style=\"text-align: center\"><span style=\"text-decoration: underline\">Kaninchenteckel<\/span><br \/>\nLina vom Teufelsfelsen<br \/>\nV1 VDH-CAC, DTK-CAC, Landessieger DCN und BOB<\/div>\n<\/div>\n<div style=\"text-align: center\"><\/div>\n<div style=\"text-align: center\">\n<p>Wir sind megastolz auf unsere Lina.<\/p>\n<div class=\"text_exposed_root text_exposed\" style=\"text-align: center\"><\/div>\n<p style=\"text-align: center\">XXXXXXXXXXXXXXXXXXXXXXXXXXXXXXXXXXXXXXXXXX<\/p>\n<\/div>\n<div>\n<p style=\"text-align: center\"><span style=\"text-decoration: underline\"><strong>Landessiegerausstellung DWH in Herrenberg 01.07.2018:<\/strong><\/span><\/p>\n<p style=\"text-align: center\"><span style=\"text-decoration: underline\">Kaninchenteckel:<\/span><br \/>\nLina vom Teufelsfelsen<br \/>\nV1 VDH-CAC<\/p>\n<p style=\"text-align: center\">Hodja`s Zentropa Sweet<br \/>\nV1 VDH-CAC, DTK-CAC, Landessieger DWH 2018<br \/>\n<img loading=\"lazy\" decoding=\"async\" class=\"aligncenter size-medium wp-image-5379\" src=\"https:\/\/www.teufelsfelsen.de\/de\/wp-content\/uploads\/sites\/2\/2018\/07\/36478205_1837988402925478_6651441162110369792_n-300x300.jpg\" alt=\"\" width=\"300\" height=\"300\" srcset=\"https:\/\/www.teufelsfelsen.de\/de\/wp-content\/uploads\/sites\/2\/2018\/07\/36478205_1837988402925478_6651441162110369792_n-300x300.jpg 300w, https:\/\/www.teufelsfelsen.de\/de\/wp-content\/uploads\/sites\/2\/2018\/07\/36478205_1837988402925478_6651441162110369792_n-150x150.jpg 150w, https:\/\/www.teufelsfelsen.de\/de\/wp-content\/uploads\/sites\/2\/2018\/07\/36478205_1837988402925478_6651441162110369792_n-768x765.jpg 768w, https:\/\/www.teufelsfelsen.de\/de\/wp-content\/uploads\/sites\/2\/2018\/07\/36478205_1837988402925478_6651441162110369792_n.jpg 1024w, https:\/\/www.teufelsfelsen.de\/de\/wp-content\/uploads\/sites\/2\/2018\/07\/36478205_1837988402925478_6651441162110369792_n-100x100.jpg 100w, https:\/\/www.teufelsfelsen.de\/de\/wp-content\/uploads\/sites\/2\/2018\/07\/36478205_1837988402925478_6651441162110369792_n-700x697.jpg 700w\" sizes=\"auto, (max-width: 300px) 100vw, 300px\" \/><\/p>\n<p style=\"text-align: center\"><span class=\"text_exposed_show\"><span style=\"text-decoration: underline\">Zwergteckel:<\/span><br \/>\nOmega vom Teufelsfelsen<br \/>\nV1 VDH-CAC<br \/>\n(Omega hat die Bed. VDH-Champion erf\u00fcllt)<br \/>\n<\/span><\/p>\n<div class=\"text_exposed_root text_exposed\" style=\"text-align: center\"><span class=\"text_exposed_show\">Es war ein toller Tag, mit guten Freunden und mit super Ergebnissen, wir sind mega stolz&#8230;<\/span><\/div>\n<div><\/div>\n<p style=\"text-align: center\">XXXXXXXXXXXXXXXXXXXXXXXXXXXXXXXXXXXXXXXXXX<\/p>\n<\/div>\n<div id=\"id_5b375d41ee7246173768637\" class=\"text_exposed_root text_exposed\" style=\"text-align: center\"><span style=\"text-decoration: underline\"><strong>Rassehundeausstellung M\u00fcnchen wedelt und trabt 24.06.2018:<\/strong><\/span><\/div>\n<div class=\"text_exposed_root text_exposed\" style=\"text-align: center\"><span style=\"text-decoration: underline\">Kaninchenteckel<\/span><br \/>\nLina vom Teufelsfelsen<br \/>\nV1 VDH-CAC, DTK-CAC und BOB<\/div>\n<div style=\"text-align: center\"><img loading=\"lazy\" decoding=\"async\" class=\"aligncenter size-medium wp-image-5374\" src=\"https:\/\/www.teufelsfelsen.de\/de\/wp-content\/uploads\/sites\/2\/2018\/06\/36188059_1827666947290957_3750311480898093056_n-300x275.jpg\" alt=\"\" width=\"300\" height=\"275\" srcset=\"https:\/\/www.teufelsfelsen.de\/de\/wp-content\/uploads\/sites\/2\/2018\/06\/36188059_1827666947290957_3750311480898093056_n-300x275.jpg 300w, https:\/\/www.teufelsfelsen.de\/de\/wp-content\/uploads\/sites\/2\/2018\/06\/36188059_1827666947290957_3750311480898093056_n-768x703.jpg 768w, https:\/\/www.teufelsfelsen.de\/de\/wp-content\/uploads\/sites\/2\/2018\/06\/36188059_1827666947290957_3750311480898093056_n-700x641.jpg 700w, https:\/\/www.teufelsfelsen.de\/de\/wp-content\/uploads\/sites\/2\/2018\/06\/36188059_1827666947290957_3750311480898093056_n.jpg 960w\" sizes=\"auto, (max-width: 300px) 100vw, 300px\" \/><span class=\"text_exposed_show\"><span class=\"text_exposed_show\"><span style=\"text-decoration: underline\">Zwergteckel:<\/span><br \/>\nOmega vom Teufelsfelsen<br \/>\nV1 VDH-CAC, DTK-CAC res.<\/span><\/span><\/div>\n<div style=\"text-align: center\">Franziska von der Buchenh\u00f6he<br \/>\nV1 VDH-CAC, DTK-CAC<br \/>\n(Franziska hat die Bed. VDH-Champion erf\u00fcllt)<\/div>\n<div class=\"text_exposed_root text_exposed\" style=\"text-align: center\"><span class=\"text_exposed_show\"><br \/>\nEs war ein toller Tag, mit guten Freunden und mit super Ergebnissen, wir sind mega stolz&#8230;<\/span><\/div>\n<div><\/div>\n<p style=\"text-align: center\">XXXXXXXXXXXXXXXXXXXXXXXXXXXXXXXXXXXXXXXXXX<\/p>\n<p style=\"text-align: center\"><strong><span style=\"text-decoration: underline\">Neuer Championtitel f\u00fcr Lina:<\/span><\/strong><\/p>\n<p style=\"text-align: center\">Lina hat den WUT Champion verliehen bekommen&#8230; <img loading=\"lazy\" decoding=\"async\" class=\"aligncenter size-medium wp-image-5369\" src=\"https:\/\/www.teufelsfelsen.de\/de\/wp-content\/uploads\/sites\/2\/2018\/06\/34511511_1800051690052483_5898573656145002496_n-225x300.jpg\" alt=\"\" width=\"225\" height=\"300\" srcset=\"https:\/\/www.teufelsfelsen.de\/de\/wp-content\/uploads\/sites\/2\/2018\/06\/34511511_1800051690052483_5898573656145002496_n-225x300.jpg 225w, https:\/\/www.teufelsfelsen.de\/de\/wp-content\/uploads\/sites\/2\/2018\/06\/34511511_1800051690052483_5898573656145002496_n.jpg 768w, https:\/\/www.teufelsfelsen.de\/de\/wp-content\/uploads\/sites\/2\/2018\/06\/34511511_1800051690052483_5898573656145002496_n-700x933.jpg 700w\" sizes=\"auto, (max-width: 225px) 100vw, 225px\" \/><\/p>\n<p style=\"text-align: center\">Wir sind \u00fcbergl\u00fccklich&#8230;<\/p>\n<p style=\"text-align: center\">XXXXXXXXXXXXXXXXXXXXXXXXXXXXXXXXXXXXXXXXXX<\/p>\n<p style=\"text-align: center\"><strong><span style=\"text-decoration: underline\">Neuer Championtitel f\u00fcr Lina:<\/span><\/strong><\/p>\n<p style=\"text-align: center\">Lina hat den Rum\u00e4nischen Champion verliehen bekommen&#8230;<\/p>\n<p><img loading=\"lazy\" decoding=\"async\" class=\"aligncenter size-medium wp-image-5331\" src=\"https:\/\/www.teufelsfelsen.de\/de\/wp-content\/uploads\/sites\/2\/2018\/05\/31947651_1771117356279250_8145392974214201344_n-1-300x244.jpg\" alt=\"\" width=\"300\" height=\"244\" srcset=\"https:\/\/www.teufelsfelsen.de\/de\/wp-content\/uploads\/sites\/2\/2018\/05\/31947651_1771117356279250_8145392974214201344_n-1-300x244.jpg 300w, https:\/\/www.teufelsfelsen.de\/de\/wp-content\/uploads\/sites\/2\/2018\/05\/31947651_1771117356279250_8145392974214201344_n-1-768x624.jpg 768w, https:\/\/www.teufelsfelsen.de\/de\/wp-content\/uploads\/sites\/2\/2018\/05\/31947651_1771117356279250_8145392974214201344_n-1-700x569.jpg 700w, https:\/\/www.teufelsfelsen.de\/de\/wp-content\/uploads\/sites\/2\/2018\/05\/31947651_1771117356279250_8145392974214201344_n-1.jpg 955w\" sizes=\"auto, (max-width: 300px) 100vw, 300px\" \/><\/p>\n<p style=\"text-align: center\">Sie ist einfach fantastisch&#8230;<br \/>\nDanke an Melanie die Lina mitgenommen hat&#8230;.<\/p>\n<p style=\"text-align: center\">XXXXXXXXXXXXXXXXXXXXXXXXXXXXXXXXXXXXXXXXXX<\/p>\n<p style=\"text-align: center\"><strong><span style=\"text-decoration: underline\">1 x CAC + 2 x CACIB Show Timi\u015foara 05.05.-06.05.2018:<\/span><\/strong><\/p>\n<p style=\"text-align: center\"><span style=\"text-decoration: underline\">Kaninchenteckel:<\/span><br \/>\nLina vom Teufelsfelsen<br \/>\n<img loading=\"lazy\" decoding=\"async\" class=\"aligncenter size-medium wp-image-5330\" src=\"https:\/\/www.teufelsfelsen.de\/de\/wp-content\/uploads\/sites\/2\/2018\/05\/31958868_1771825476208438_1880928146430099456_n-178x300.jpg\" alt=\"\" width=\"178\" height=\"300\" srcset=\"https:\/\/www.teufelsfelsen.de\/de\/wp-content\/uploads\/sites\/2\/2018\/05\/31958868_1771825476208438_1880928146430099456_n-178x300.jpg 178w, https:\/\/www.teufelsfelsen.de\/de\/wp-content\/uploads\/sites\/2\/2018\/05\/31958868_1771825476208438_1880928146430099456_n.jpg 447w\" sizes=\"auto, (max-width: 178px) 100vw, 178px\" \/><\/p>\n<p style=\"text-align: center\">V1 CAC, BOB<br \/>\nV1 CAC, CACIB, BOB<br \/>\nV1 CAC, CACIB, BOB<\/p>\n<p style=\"text-align: center\">Wir sind megastolz auf unsere Lina. <strong>3 x BOB<\/strong>&#8230; Sie ist einfach unglaublich &#8230;.<\/p>\n<p style=\"text-align: center\">XXXXXXXXXXXXXXXXXXXXXXXXXXXXXXXXXXXXXXXXXX<\/p>\n<p style=\"text-align: center\"><strong><span style=\"text-decoration: underline\">LV Th\u00fcringen Landessiegerschau in Erfurt:<\/span><\/strong><\/p>\n<p style=\"text-align: center\"><span style=\"text-decoration: underline\">Kaninchenteckel:<\/span><br \/>\nLina vom Teufelsfelsen<br \/>\n<img loading=\"lazy\" decoding=\"async\" class=\"aligncenter size-medium wp-image-5321\" src=\"https:\/\/www.teufelsfelsen.de\/de\/wp-content\/uploads\/sites\/2\/2018\/04\/30776977_1756947404362912_927845765_n-246x300.jpg\" alt=\"\" width=\"246\" height=\"300\" srcset=\"https:\/\/www.teufelsfelsen.de\/de\/wp-content\/uploads\/sites\/2\/2018\/04\/30776977_1756947404362912_927845765_n-246x300.jpg 246w, https:\/\/www.teufelsfelsen.de\/de\/wp-content\/uploads\/sites\/2\/2018\/04\/30776977_1756947404362912_927845765_n.jpg 394w\" sizes=\"auto, (max-width: 246px) 100vw, 246px\" \/><br \/>\nV1 VDH-CAC, DTK-CAC, Landessiegerin Th\u00fcringen 2018<\/p>\n<p style=\"text-align: center\">Wir sind \u00fcbergl\u00fccklich.<\/p>\n<p style=\"text-align: center\">XXXXXXXXXXXXXXXXXXXXXXXXXXXXXXXXXXXXXXXXXX<\/p>\n<p style=\"text-align: center\"><strong><span style=\"text-decoration: underline\">Post vom DTK:<\/span><\/strong><\/p>\n<p style=\"text-align: center\"><span style=\"text-decoration: underline\">Kaninchenteckel:<br \/>\n<\/span>Lina vom Teufelsfelsen<\/p>\n<p style=\"text-align: center\">Unsere Kaninchenteckelh\u00fcndin Lina vom Teufelsfelsen hat den Titel:<br \/>\n<strong>Deutscher Champion DTK<\/strong><br \/>\nverliehen bekommen.<\/p>\n<p style=\"text-align: center\">Wir sind \u00fcbergl\u00fccklich.<\/p>\n<p style=\"text-align: center\">XXXXXXXXXXXXXXXXXXXXXXXXXXXXXXXXXXXXXXXXXX<\/p>\n<p style=\"text-align: center\"><strong><span style=\"text-decoration: underline\">Spurlautpr\u00fcfung in Grafenrheinfeld der Gruppe W\u00fcrzburg:<\/span><\/strong><\/p>\n<p style=\"text-align: center\"><span style=\"text-decoration: underline\">Kaninchenteckel:<\/span><\/p>\n<p style=\"text-align: center\"><img loading=\"lazy\" decoding=\"async\" class=\"aligncenter size-medium wp-image-5302\" src=\"https:\/\/www.teufelsfelsen.de\/de\/wp-content\/uploads\/sites\/2\/2018\/04\/30724344_1750219991702320_4292831520432848896_n-225x300.jpg\" alt=\"\" width=\"225\" height=\"300\" srcset=\"https:\/\/www.teufelsfelsen.de\/de\/wp-content\/uploads\/sites\/2\/2018\/04\/30724344_1750219991702320_4292831520432848896_n-225x300.jpg 225w, https:\/\/www.teufelsfelsen.de\/de\/wp-content\/uploads\/sites\/2\/2018\/04\/30724344_1750219991702320_4292831520432848896_n-700x933.jpg 700w, https:\/\/www.teufelsfelsen.de\/de\/wp-content\/uploads\/sites\/2\/2018\/04\/30724344_1750219991702320_4292831520432848896_n.jpg 720w\" sizes=\"auto, (max-width: 225px) 100vw, 225px\" \/><\/p>\n<p style=\"text-align: center\">Lina vom Teufelsfelsen\u00a0hat das Leistungszeichen <strong>Sp<\/strong> erreicht:\u00a0<strong><br \/>\n<\/strong><strong>\u00a050 Punkte \/ 3. Preis<\/strong><\/p>\n<p style=\"text-align: center\">Wir freuen uns sehr \u00fcber das tolle Ergebnis und sind sehr stolz auf unsere Lina.<\/p>\n<p style=\"text-align: center\">XXXXXXXXXXXXXXXXXXXXXXXXXXXXXXXXXXXXXXXXXX<\/p>\n<p style=\"text-align: center\"><strong><span style=\"text-decoration: underline\">Spezialausstellung in Traunstein 25.03.2018:<\/span><\/strong><\/p>\n<p style=\"text-align: center\"><span style=\"text-decoration: underline\">Kaninchenteckel:<\/span><\/p>\n<p><img loading=\"lazy\" decoding=\"async\" class=\"aligncenter size-medium wp-image-5241\" src=\"https:\/\/www.teufelsfelsen.de\/de\/wp-content\/uploads\/sites\/2\/2018\/03\/IMG_2123-215x300.jpg\" alt=\"\" width=\"215\" height=\"300\" srcset=\"https:\/\/www.teufelsfelsen.de\/de\/wp-content\/uploads\/sites\/2\/2018\/03\/IMG_2123-215x300.jpg 215w, https:\/\/www.teufelsfelsen.de\/de\/wp-content\/uploads\/sites\/2\/2018\/03\/IMG_2123.jpg 288w\" sizes=\"auto, (max-width: 215px) 100vw, 215px\" \/> <img loading=\"lazy\" decoding=\"async\" class=\"aligncenter size-medium wp-image-5242\" src=\"https:\/\/www.teufelsfelsen.de\/de\/wp-content\/uploads\/sites\/2\/2018\/03\/Lina-224x300.jpg\" alt=\"\" width=\"224\" height=\"300\" srcset=\"https:\/\/www.teufelsfelsen.de\/de\/wp-content\/uploads\/sites\/2\/2018\/03\/Lina-224x300.jpg 224w, https:\/\/www.teufelsfelsen.de\/de\/wp-content\/uploads\/sites\/2\/2018\/03\/Lina.jpg 336w\" sizes=\"auto, (max-width: 224px) 100vw, 224px\" \/><\/p>\n<p style=\"text-align: center\">Lina vom Teufelsfelsen<br \/>\nV1 VDH-CAC, DTK-CAC<\/p>\n<p style=\"text-align: center\">Wir freuen uns sehr \u00fcber das tolle Ergebnis, somit hat Lina die Bedingungen f\u00fcr den Deutschen Champion VDH + DTK erf\u00fcllt&#8230;..<\/p>\n<p style=\"text-align: center\">XXXXXXXXXXXXXXXXXXXXXXXXXXXXXXXXXXXXXXXXXX<\/p>\n<p style=\"text-align: center\"><span style=\"text-decoration: underline\"><strong>Stuttgart 04.02.2018:<\/strong><\/span><\/p>\n<p style=\"text-align: center\"><span style=\"text-decoration: underline\">Kaninchenteckel:<br \/>\n<\/span><\/p>\n<p style=\"text-align: center\"><img loading=\"lazy\" decoding=\"async\" class=\"aligncenter size-medium wp-image-5176\" src=\"https:\/\/www.teufelsfelsen.de\/de\/wp-content\/uploads\/sites\/2\/2018\/02\/27459361_1672445256146461_6665613484947491532_n-300x137.jpg\" alt=\"\" width=\"300\" height=\"137\" srcset=\"https:\/\/www.teufelsfelsen.de\/de\/wp-content\/uploads\/sites\/2\/2018\/02\/27459361_1672445256146461_6665613484947491532_n-300x137.jpg 300w, https:\/\/www.teufelsfelsen.de\/de\/wp-content\/uploads\/sites\/2\/2018\/02\/27459361_1672445256146461_6665613484947491532_n-700x320.jpg 700w, https:\/\/www.teufelsfelsen.de\/de\/wp-content\/uploads\/sites\/2\/2018\/02\/27459361_1672445256146461_6665613484947491532_n.jpg 707w\" sizes=\"auto, (max-width: 300px) 100vw, 300px\" \/> Lina vom Teufelsfelsen<br \/>\nV1 VDH-CAC, DTK-CAC<\/p>\n<p style=\"text-align: center\"><span style=\"text-decoration: underline\">Zwergteckel:<br \/>\n<\/span>Omega vom Teufelsfelsen<br \/>\nV1 VDH-CAC<\/p>\n<p style=\"text-align: center\">Wir freuen uns sehr \u00fcber die tollen Ergebnisse&#8230;<\/p>\n<p style=\"text-align: center\">XXXXXXXXXXXXXXXXXXXXXXXXXXXXXXXXXXXXXXXXXX<\/p>\n<p style=\"text-align: center\"><span style=\"text-decoration: underline\"><strong>Omega war mit Udo unterwegs:<\/strong><\/span><\/p>\n<p style=\"text-align: center\"><span style=\"text-decoration: underline\">Zwergteckel:<\/span><\/p>\n<p style=\"text-align: center\">Omega vom Teufelsfelsen<\/p>\n<p style=\"text-align: center\">An unsere Omega wurde das <strong>Leistungszeichen BhN\/F<\/strong> in Direktvergabe vergeben.<\/p>\n<p style=\"text-align: center\">Wir sind megastolz&#8230;.<\/p>\n<p style=\"text-align: center\">XXXXXXXXXXXXXXXXXXXXXXXXXXXXXXXXXXXXXXXXXX<\/p>\n<p style=\"text-align: center\"><strong><span style=\"text-decoration: underline\">Internationale Ausstellung in N\u00fcrnberg 14.01.2018:<\/span><\/strong><\/p>\n<p style=\"text-align: center\"><span style=\"text-decoration: underline\">Kaninchenteckel:<br \/>\n<img loading=\"lazy\" decoding=\"async\" class=\"aligncenter size-medium wp-image-5079\" src=\"https:\/\/www.teufelsfelsen.de\/de\/wp-content\/uploads\/sites\/2\/2018\/01\/26906076_1651659558225031_1987647344_o-300x185.jpg\" alt=\"\" width=\"300\" height=\"185\" srcset=\"https:\/\/www.teufelsfelsen.de\/de\/wp-content\/uploads\/sites\/2\/2018\/01\/26906076_1651659558225031_1987647344_o-300x185.jpg 300w, https:\/\/www.teufelsfelsen.de\/de\/wp-content\/uploads\/sites\/2\/2018\/01\/26906076_1651659558225031_1987647344_o-768x474.jpg 768w, https:\/\/www.teufelsfelsen.de\/de\/wp-content\/uploads\/sites\/2\/2018\/01\/26906076_1651659558225031_1987647344_o.jpg 1024w, https:\/\/www.teufelsfelsen.de\/de\/wp-content\/uploads\/sites\/2\/2018\/01\/26906076_1651659558225031_1987647344_o-640x395.jpg 640w, https:\/\/www.teufelsfelsen.de\/de\/wp-content\/uploads\/sites\/2\/2018\/01\/26906076_1651659558225031_1987647344_o-310x190.jpg 310w, https:\/\/www.teufelsfelsen.de\/de\/wp-content\/uploads\/sites\/2\/2018\/01\/26906076_1651659558225031_1987647344_o-700x432.jpg 700w\" sizes=\"auto, (max-width: 300px) 100vw, 300px\" \/><br \/>\n<\/span>Lina vom Teufelsfelsen<br \/>\nV1 VDH-CAC, DTK-CAC, CACIB, BOB, Alpensieger 2018, VDH Noris Sieger 2018<br \/>\n<img loading=\"lazy\" decoding=\"async\" class=\"aligncenter size-medium wp-image-4417\" src=\"https:\/\/www.teufelsfelsen.de\/de\/wp-content\/uploads\/sites\/2\/2017\/01\/Lina-300x200.jpg\" alt=\"\" width=\"300\" height=\"200\" srcset=\"https:\/\/www.teufelsfelsen.de\/de\/wp-content\/uploads\/sites\/2\/2017\/01\/Lina-300x200.jpg 300w, https:\/\/www.teufelsfelsen.de\/de\/wp-content\/uploads\/sites\/2\/2017\/01\/Lina.jpg 650w\" sizes=\"auto, (max-width: 300px) 100vw, 300px\" \/>Wir sind megastolz auf unsere Lina&#8230;<\/p>\n<p style=\"text-align: center\">XXXXXXXXXXXXXXXXXXXXXXXXXXXXXXXXXXXXXXXXXX<\/p>\n","protected":false},"excerpt":{"rendered":"<p>Wir waren in Wels (A) auf der internationalen Doppelausstellung: Kaninchenteckel Lina vom Teufelsfelsen V1 CACA, res. CACIB V1 CACA Zwergteckel: Omega vom Teufelsfelsen V1 CACA SG 1 Es war ein wundersch\u00f6nes Wochenende mit guten Freunden und guten Erfolgen&#8230; XXXXXXXXXXXXXXXXXXXXXXXXXXXXXXXXXXXXXXXXXX &nbsp; National und Internationale Ausstellung Karlsruhe 10.+11.11.2018: Kaninchenteckel Lina vom Teufelsfelsen &#8230;<\/p>\n","protected":false},"author":4,"featured_media":0,"parent":0,"menu_order":0,"comment_status":"closed","ping_status":"closed","template":"","meta":{"footnotes":""},"class_list":["post-5074","page","type-page","status-publish","hentry"],"_links":{"self":[{"href":"https:\/\/www.teufelsfelsen.de\/de\/wp-json\/wp\/v2\/pages\/5074","targetHints":{"allow":["GET"]}}],"collection":[{"href":"https:\/\/www.teufelsfelsen.de\/de\/wp-json\/wp\/v2\/pages"}],"about":[{"href":"https:\/\/www.teufelsfelsen.de\/de\/wp-json\/wp\/v2\/types\/page"}],"author":[{"embeddable":true,"href":"https:\/\/www.teufelsfelsen.de\/de\/wp-json\/wp\/v2\/users\/4"}],"replies":[{"embeddable":true,"href":"https:\/\/www.teufelsfelsen.de\/de\/wp-json\/wp\/v2\/comments?post=5074"}],"version-history":[{"count":33,"href":"https:\/\/www.teufelsfelsen.de\/de\/wp-json\/wp\/v2\/pages\/5074\/revisions"}],"predecessor-version":[{"id":5534,"href":"https:\/\/www.teufelsfelsen.de\/de\/wp-json\/wp\/v2\/pages\/5074\/revisions\/5534"}],"wp:attachment":[{"href":"https:\/\/www.teufelsfelsen.de\/de\/wp-json\/wp\/v2\/media?parent=5074"}],"curies":[{"name":"wp","href":"https:\/\/api.w.org\/{rel}","templated":true}]}}