{"id":5084,"date":"2018-01-16T09:57:09","date_gmt":"2018-01-16T08:57:09","guid":{"rendered":"https:\/\/www.teufelsfelsen.de\/de\/?page_id=5084"},"modified":"2018-07-24T08:58:13","modified_gmt":"2018-07-24T06:58:13","slug":"v3-wurf","status":"publish","type":"page","link":"https:\/\/www.teufelsfelsen.de\/de\/v3-wurf\/","title":{"rendered":"V3-Wurf"},"content":{"rendered":"<p style=\"text-align: center\"><strong>Wir haben seit dem 29.12.2017 folgenden Wiederholungswurf:<\/strong><\/p>\n<p style=\"text-align: center\">Ortenaujugendsieger 2015<br \/>\nD-JCh VDH 2015<br \/>\nWUT-JCh 2015<br \/>\nD-JCh DTK 2015<br \/>\nLJS Th\u00fcringen 2015<br \/>\nSDC Jugendchampion 2015<br \/>\nLJS Westfalen 2015<br \/>\nLS DWH 2015<br \/>\nLS Berlin-Brandenburg 2015<br \/>\nVDH Rheinland-Pfalz Sieger 2015<br \/>\nGerman Winner 2015<br \/>\nVDH Sieger Leipzig 2015<br \/>\nJahres Jugend Sieger DTK 2015<br \/>\n<a href=\"https:\/\/www.teufelsfelsen.de\/de\/satie\/\"><strong>Luxury Lifestyle iz Taksagrada<\/strong><\/a><\/p>\n<p style=\"text-align: center\"><img loading=\"lazy\" decoding=\"async\" class=\"alignnone size-medium wp-image-2903\" src=\"https:\/\/www.teufelsfelsen.de\/de\/wp-content\/uploads\/sites\/2\/2015\/01\/11903318_930600620330932_1038002266_n-206x300.jpg\" alt=\"11903318_930600620330932_1038002266_n\" width=\"206\" height=\"300\" srcset=\"https:\/\/www.teufelsfelsen.de\/de\/wp-content\/uploads\/sites\/2\/2015\/01\/11903318_930600620330932_1038002266_n-206x300.jpg 206w, https:\/\/www.teufelsfelsen.de\/de\/wp-content\/uploads\/sites\/2\/2015\/01\/11903318_930600620330932_1038002266_n.jpg 537w\" sizes=\"auto, (max-width: 206px) 100vw, 206px\" \/><\/p>\n<p style=\"text-align: center\">Vater:\u00a0Mariss Pizhon<br \/>\nMutter:\u00a0Teila Slavnaya iz Taksagrada<\/p>\n<p style=\"text-align: center\">Rauhhaarkaninchenteckel \/\u00a0dunkel-saufarben<br \/>\nWesenstest bestanden<br \/>\nDNA Profil registriert<br \/>\nPRA und Katarakt frei laut AU<br \/>\nReinerbig frei von der Vererbung der crd-PRA Krankheit (Zertifikat liegt vor)<br \/>\nOI-Frei \/\u00a0Frei von der Genmutation zur Vererbung der Glasknochenkrankheit<br \/>\nFormwert: vorz\u00fcglich<\/p>\n<p style=\"text-align: center\">und<\/p>\n<p style=\"text-align: center\"><span class=\"_5yl5\">Bundesjugendsieger DTK 2005<br \/>\nFCI Landesjugendsieger\u00a0<\/span><span class=\"_5yl5\">Rheinland-Pfalz 2005<br \/>\nLuxemburg Jugend Champion 2005<br \/>\nWelt-Union-Teckel-Jugend-Champion 2005<br \/>\nLandesjugendsieger S\u00fcdbayern 2005<br \/>\nDeutscher Jugend Champion DTK 2005<br \/>\nFCI Landessieger Bayern 2006<br \/>\nJugend Champion of Champions DTK 2006<br \/>\nFCI Saarlandsieger 2006<br \/>\nLandessieger Th\u00fcringen 2006<br \/>\nBelgischer Klubsieger 2006 \u201c (BOB)<br \/>\nWelt-Union-Teckel-Champion 2006<br \/>\nDeutscher Champion DTK 2007<br \/>\nDeutscher Champion VDH 2007<br \/>\nLuxemburg Champion 2007<br \/>\nSchweizer Sch\u00f6nheits Champion 2007<br \/>\nMexiko Champion 2007<br \/>\nInternationaler Sch\u00f6nheitschampion 2007<br \/>\n\u201eBelgischer Klubsieger 2007\u201c (BOB)<br \/>\nLandessieger S\u00fcdbayern 2007<br \/>\nBundessieger VDH 2007 (BOB)<br \/>\nBelgischer Sch\u00f6nheitschampion 2007<br \/>\nFranz\u00f6sischer Sch\u00f6nheitschampion 2007<br \/>\nChampion of Champion DTK 2007<br \/>\nLandesveteranensieger DCN 2013<br \/>\n<\/span><a href=\"https:\/\/www.teufelsfelsen.de\/de\/wotan-vom-rainerschlossl-fci\/\"><strong>Wotan vom Rainerschl\u00f6ssl FCI<\/strong><\/a><\/p>\n<p style=\"text-align: center\"><img loading=\"lazy\" decoding=\"async\" class=\"alignnone size-medium wp-image-3149\" src=\"https:\/\/www.teufelsfelsen.de\/de\/wp-content\/uploads\/sites\/2\/2013\/09\/Wotan-242x300.jpg\" alt=\"Wotan\" width=\"242\" height=\"300\" srcset=\"https:\/\/www.teufelsfelsen.de\/de\/wp-content\/uploads\/sites\/2\/2013\/09\/Wotan-242x300.jpg 242w, https:\/\/www.teufelsfelsen.de\/de\/wp-content\/uploads\/sites\/2\/2013\/09\/Wotan.jpg 322w\" sizes=\"auto, (max-width: 242px) 100vw, 242px\" \/><\/p>\n<p style=\"text-align: center\">Rauhhaarkaninchenteckel \/ braun<br \/>\nWesenstest bestanden<br \/>\nDNA Profil registriert<br \/>\nOI-Frei \/\u00a0Frei von der Genmutation zur Vererbung der Glasknochenkrankheit<br \/>\ncrd-PRA frei \/ Reinerbig frei von der Vererbung der crd-PRA Krankheit<br \/>\n(Zertifikat liegt vor)<br \/>\nWotan ist laut Gentest f\u00fcr die Fellfarbe Merle \u2013 Merle frei<br \/>\n<strong>Leistungszeichen:<\/strong><br \/>\nSchu\u00dffestigkeit, STiJ verliehen, KSchlH\/B<br \/>\nK\u00f6rschau: vorz\u00fcglich<\/p>\n<p style=\"text-align: center\">______________________________________<\/p>\n<p style=\"text-align: center\">Satie hat 1 R\u00fcden zur Welt gebracht. Seine 2 Br\u00fcder haben die Geburt leider nicht \u00fcberlebt.<br \/>\nVenio vom Teufelsfelsen \/ R\u00fcde \/ dunkel-saufarben \/ <strong>vergeben<\/strong><\/p>\n<p style=\"text-align: center\"><img loading=\"lazy\" decoding=\"async\" class=\"aligncenter size-medium wp-image-5063\" src=\"https:\/\/www.teufelsfelsen.de\/de\/wp-content\/uploads\/sites\/2\/2018\/01\/DSC05123-300x225.jpg\" alt=\"\" width=\"300\" height=\"225\" srcset=\"https:\/\/www.teufelsfelsen.de\/de\/wp-content\/uploads\/sites\/2\/2018\/01\/DSC05123-300x225.jpg 300w, https:\/\/www.teufelsfelsen.de\/de\/wp-content\/uploads\/sites\/2\/2018\/01\/DSC05123-768x576.jpg 768w, https:\/\/www.teufelsfelsen.de\/de\/wp-content\/uploads\/sites\/2\/2018\/01\/DSC05123-268x200.jpg 268w, https:\/\/www.teufelsfelsen.de\/de\/wp-content\/uploads\/sites\/2\/2018\/01\/DSC05123-700x525.jpg 700w, https:\/\/www.teufelsfelsen.de\/de\/wp-content\/uploads\/sites\/2\/2018\/01\/DSC05123.jpg 980w\" sizes=\"auto, (max-width: 300px) 100vw, 300px\" \/><\/p>\n<p style=\"text-align: center\">Mutter und Venio sind wohlauf\u2026<\/p>\n<p style=\"text-align: center\">______________________________________<\/p>\n<p style=\"text-align: center\"><span style=\"text-decoration: underline\"><strong>Neue Bilder:<\/strong><\/span><\/p>\n<p style=\"text-align: center\"><img loading=\"lazy\" decoding=\"async\" class=\"aligncenter size-medium wp-image-5273\" src=\"https:\/\/www.teufelsfelsen.de\/de\/wp-content\/uploads\/sites\/2\/2018\/04\/Max-281x300.jpg\" alt=\"\" width=\"281\" height=\"300\" srcset=\"https:\/\/www.teufelsfelsen.de\/de\/wp-content\/uploads\/sites\/2\/2018\/04\/Max-281x300.jpg 281w, https:\/\/www.teufelsfelsen.de\/de\/wp-content\/uploads\/sites\/2\/2018\/04\/Max.jpg 524w\" sizes=\"auto, (max-width: 281px) 100vw, 281px\" \/><\/p>\n","protected":false},"excerpt":{"rendered":"<p>Wir haben seit dem 29.12.2017 folgenden Wiederholungswurf: Ortenaujugendsieger 2015 D-JCh VDH 2015 WUT-JCh 2015 D-JCh DTK 2015 LJS Th\u00fcringen 2015 SDC Jugendchampion 2015 LJS Westfalen 2015 LS DWH 2015 LS Berlin-Brandenburg 2015 VDH Rheinland-Pfalz Sieger 2015 German Winner 2015 VDH Sieger Leipzig 2015 Jahres Jugend Sieger DTK 2015 Luxury Lifestyle &#8230;<\/p>\n","protected":false},"author":4,"featured_media":0,"parent":0,"menu_order":0,"comment_status":"closed","ping_status":"closed","template":"","meta":{"footnotes":""},"class_list":["post-5084","page","type-page","status-publish","hentry"],"_links":{"self":[{"href":"https:\/\/www.teufelsfelsen.de\/de\/wp-json\/wp\/v2\/pages\/5084","targetHints":{"allow":["GET"]}}],"collection":[{"href":"https:\/\/www.teufelsfelsen.de\/de\/wp-json\/wp\/v2\/pages"}],"about":[{"href":"https:\/\/www.teufelsfelsen.de\/de\/wp-json\/wp\/v2\/types\/page"}],"author":[{"embeddable":true,"href":"https:\/\/www.teufelsfelsen.de\/de\/wp-json\/wp\/v2\/users\/4"}],"replies":[{"embeddable":true,"href":"https:\/\/www.teufelsfelsen.de\/de\/wp-json\/wp\/v2\/comments?post=5084"}],"version-history":[{"count":7,"href":"https:\/\/www.teufelsfelsen.de\/de\/wp-json\/wp\/v2\/pages\/5084\/revisions"}],"predecessor-version":[{"id":5390,"href":"https:\/\/www.teufelsfelsen.de\/de\/wp-json\/wp\/v2\/pages\/5084\/revisions\/5390"}],"wp:attachment":[{"href":"https:\/\/www.teufelsfelsen.de\/de\/wp-json\/wp\/v2\/media?parent=5084"}],"curies":[{"name":"wp","href":"https:\/\/api.w.org\/{rel}","templated":true}]}}