{"id":5636,"date":"2019-07-09T12:30:07","date_gmt":"2019-07-09T10:30:07","guid":{"rendered":"https:\/\/www.teufelsfelsen.de\/de\/?page_id=5636"},"modified":"2019-08-28T10:10:15","modified_gmt":"2019-08-28T08:10:15","slug":"k-wurf-von-der-buchenhoehe","status":"publish","type":"page","link":"https:\/\/www.teufelsfelsen.de\/de\/k-wurf-von-der-buchenhoehe\/","title":{"rendered":"K-Wurf von der Buchenh\u00f6he"},"content":{"rendered":"<header class=\"entry-header\">\n<h5 class=\"entry-title\" style=\"text-align: center\"><strong>Die Zwergteckelwelpen sind seit 29.06.2019 auf der Welt nach:<\/strong><\/h5>\n<\/header>\n<div class=\"entry-content\">\n<h5 style=\"text-align: center\">VDH Jugendsieger Baden-W\u00fcrttemberg 2015<br \/>\nDeutscher Champion VDH 2019 (Bed. erf\u00fcllt)<br \/>\nFranziska von der Buchenh\u00f6he<\/h5>\n<p style=\"text-align: center\"><img loading=\"lazy\" decoding=\"async\" class=\"aligncenter size-medium wp-image-4909\" src=\"https:\/\/www.teufelsfelsen.de\/de\/wp-content\/uploads\/sites\/2\/2017\/07\/13340678_1086387441418915_478429728_o-300x176.jpg\" alt=\"\" width=\"300\" height=\"176\" srcset=\"https:\/\/www.teufelsfelsen.de\/de\/wp-content\/uploads\/sites\/2\/2017\/07\/13340678_1086387441418915_478429728_o-300x176.jpg 300w, https:\/\/www.teufelsfelsen.de\/de\/wp-content\/uploads\/sites\/2\/2017\/07\/13340678_1086387441418915_478429728_o.jpg 450w\" sizes=\"auto, (max-width: 300px) 100vw, 300px\" \/><\/p>\n<p style=\"text-align: center\"><span class=\"null\">Zwergteckel \/ schwarz-rot<br \/>\nMutter: Paula vom Teufelsfelsen<strong><br \/>\n<\/strong>Vater: WUTJ-Ch 2011, \u00d6BJS 2011 Lauser-Lennart vom Teufelsfelsen<\/span><\/p>\n<p style=\"text-align: center\"><span class=\"null\"><strong>Leistungszeichen:<br \/>\nBHP 1+2<\/strong><\/span><\/p>\n<p style=\"text-align: center\">Zahn und Rutenstatus vorhanden<br \/>\nDNA Profil registriert,<br \/>\nOI-Frei \/ Frei von der Genmutation zur Vererbung der Glasknochenkrankheit<\/p>\n<p style=\"text-align: center\">und<\/p>\n<div id=\"cc-m-12399679232\" class=\"j-module n j-header \">\n<h5 id=\"cc-m-header-12399679232\" style=\"text-align: center\"><strong>LJS 2014\u00a0 WUT-JCh\u00a0 2014\u00a0 A-JCh 2015\u00a0 LS 2015<\/strong><br \/>\n<strong>WUT-Ch 2016 D-Ch VDH 2017 D-CH 2017<br \/>\nBartim\u00e4us von Burg Ehrenfels &#8220; Zwergi&#8220;\u00a0\u00a0<\/strong><\/h5>\n<p style=\"text-align: center\"><img loading=\"lazy\" decoding=\"async\" class=\"aligncenter size-medium wp-image-5637\" src=\"https:\/\/www.teufelsfelsen.de\/de\/wp-content\/uploads\/sites\/2\/2019\/07\/image-300x200.jpg\" alt=\"\" width=\"300\" height=\"200\" srcset=\"https:\/\/www.teufelsfelsen.de\/de\/wp-content\/uploads\/sites\/2\/2019\/07\/image-300x200.jpg 300w, https:\/\/www.teufelsfelsen.de\/de\/wp-content\/uploads\/sites\/2\/2019\/07\/image.jpg 600w\" sizes=\"auto, (max-width: 300px) 100vw, 300px\" \/><\/p>\n<div id=\"cc-m-12402345432\" class=\"j-module n j-text \">\n<p style=\"text-align: center\"><span class=\"null\">Zwergteckel \/ dkl-saufarben<\/span><\/p>\n<p style=\"text-align: center\">crd-PRA-frei, OI-frei, Furnishings F\/F<br \/>\n<span class=\"null\"><strong>Leistungszeichen:<br \/>\n<\/strong><\/span><strong>\u00a0BHP-1, BHP-2, BHPS-1, BHPS-2, Sfk, SchwhK, Sp<\/strong><\/p>\n<p style=\"text-align: center\">XXXXXXXXXXXXXXXXXXXXXXXXXXXXXXXXX<\/p>\n<p style=\"text-align: center\">Neue Bilder von den Welpen im Garten&#8230;<br \/>\nAlle Welpen sind vergeben..<\/p>\n<p style=\"text-align: center\"><img loading=\"lazy\" decoding=\"async\" class=\"aligncenter size-medium wp-image-5839\" src=\"https:\/\/www.teufelsfelsen.de\/de\/wp-content\/uploads\/sites\/2\/2019\/07\/68744033_2472087849493773_6992135019049254912_n-300x190.jpg\" alt=\"\" width=\"300\" height=\"190\" srcset=\"https:\/\/www.teufelsfelsen.de\/de\/wp-content\/uploads\/sites\/2\/2019\/07\/68744033_2472087849493773_6992135019049254912_n-300x190.jpg 300w, https:\/\/www.teufelsfelsen.de\/de\/wp-content\/uploads\/sites\/2\/2019\/07\/68744033_2472087849493773_6992135019049254912_n-768x486.jpg 768w, https:\/\/www.teufelsfelsen.de\/de\/wp-content\/uploads\/sites\/2\/2019\/07\/68744033_2472087849493773_6992135019049254912_n-1024x648.jpg 1024w, https:\/\/www.teufelsfelsen.de\/de\/wp-content\/uploads\/sites\/2\/2019\/07\/68744033_2472087849493773_6992135019049254912_n-700x443.jpg 700w\" sizes=\"auto, (max-width: 300px) 100vw, 300px\" \/><\/p>\n<p style=\"text-align: center\"><img loading=\"lazy\" decoding=\"async\" class=\"aligncenter size-medium wp-image-5845\" src=\"https:\/\/www.teufelsfelsen.de\/de\/wp-content\/uploads\/sites\/2\/2019\/08\/67870251_418590768747224_4988114406995918848_n-191x300.jpg\" alt=\"\" width=\"191\" height=\"300\" srcset=\"https:\/\/www.teufelsfelsen.de\/de\/wp-content\/uploads\/sites\/2\/2019\/08\/67870251_418590768747224_4988114406995918848_n-191x300.jpg 191w, https:\/\/www.teufelsfelsen.de\/de\/wp-content\/uploads\/sites\/2\/2019\/08\/67870251_418590768747224_4988114406995918848_n-768x1204.jpg 768w, https:\/\/www.teufelsfelsen.de\/de\/wp-content\/uploads\/sites\/2\/2019\/08\/67870251_418590768747224_4988114406995918848_n-653x1024.jpg 653w, https:\/\/www.teufelsfelsen.de\/de\/wp-content\/uploads\/sites\/2\/2019\/08\/67870251_418590768747224_4988114406995918848_n-700x1097.jpg 700w, https:\/\/www.teufelsfelsen.de\/de\/wp-content\/uploads\/sites\/2\/2019\/08\/67870251_418590768747224_4988114406995918848_n.jpg 1375w\" sizes=\"auto, (max-width: 191px) 100vw, 191px\" \/><\/p>\n<p style=\"text-align: center\">XXXXXXXXXXXXXXXXXXXXXXXXXXXX<\/p>\n<p style=\"text-align: center\">Franziska hat am 30.06.2019 5 gesunde Welpen zur Welt gebracht.<br \/>\n<strong>3 R\u00fcden:<\/strong><br \/>\n<strong>Knox von der Buchenh\u00f6he\u00a0<\/strong><\/p>\n<p style=\"text-align: center\"><img loading=\"lazy\" decoding=\"async\" class=\"aligncenter size-medium wp-image-5856\" src=\"https:\/\/www.teufelsfelsen.de\/de\/wp-content\/uploads\/sites\/2\/2019\/08\/68670974_895120380862406_441208061739139072_n-278x300.jpg\" alt=\"\" width=\"278\" height=\"300\" srcset=\"https:\/\/www.teufelsfelsen.de\/de\/wp-content\/uploads\/sites\/2\/2019\/08\/68670974_895120380862406_441208061739139072_n-278x300.jpg 278w, https:\/\/www.teufelsfelsen.de\/de\/wp-content\/uploads\/sites\/2\/2019\/08\/68670974_895120380862406_441208061739139072_n-768x829.jpg 768w, https:\/\/www.teufelsfelsen.de\/de\/wp-content\/uploads\/sites\/2\/2019\/08\/68670974_895120380862406_441208061739139072_n-949x1024.jpg 949w, https:\/\/www.teufelsfelsen.de\/de\/wp-content\/uploads\/sites\/2\/2019\/08\/68670974_895120380862406_441208061739139072_n-700x755.jpg 700w\" sizes=\"auto, (max-width: 278px) 100vw, 278px\" \/> <img loading=\"lazy\" decoding=\"async\" class=\"aligncenter size-medium wp-image-5858\" src=\"https:\/\/www.teufelsfelsen.de\/de\/wp-content\/uploads\/sites\/2\/2019\/08\/67925805_350551625853903_3032414144117604352_n-297x300.jpg\" alt=\"\" width=\"297\" height=\"300\" srcset=\"https:\/\/www.teufelsfelsen.de\/de\/wp-content\/uploads\/sites\/2\/2019\/08\/67925805_350551625853903_3032414144117604352_n-297x300.jpg 297w, https:\/\/www.teufelsfelsen.de\/de\/wp-content\/uploads\/sites\/2\/2019\/08\/67925805_350551625853903_3032414144117604352_n-768x775.jpg 768w, https:\/\/www.teufelsfelsen.de\/de\/wp-content\/uploads\/sites\/2\/2019\/08\/67925805_350551625853903_3032414144117604352_n.jpg 1015w, https:\/\/www.teufelsfelsen.de\/de\/wp-content\/uploads\/sites\/2\/2019\/08\/67925805_350551625853903_3032414144117604352_n-100x100.jpg 100w, https:\/\/www.teufelsfelsen.de\/de\/wp-content\/uploads\/sites\/2\/2019\/08\/67925805_350551625853903_3032414144117604352_n-700x706.jpg 700w\" sizes=\"auto, (max-width: 297px) 100vw, 297px\" \/> <img loading=\"lazy\" decoding=\"async\" class=\"aligncenter size-medium wp-image-5859\" src=\"https:\/\/www.teufelsfelsen.de\/de\/wp-content\/uploads\/sites\/2\/2019\/08\/68244359_366179927638711_5688229608508358656_n-300x212.jpg\" alt=\"\" width=\"300\" height=\"212\" srcset=\"https:\/\/www.teufelsfelsen.de\/de\/wp-content\/uploads\/sites\/2\/2019\/08\/68244359_366179927638711_5688229608508358656_n-300x212.jpg 300w, https:\/\/www.teufelsfelsen.de\/de\/wp-content\/uploads\/sites\/2\/2019\/08\/68244359_366179927638711_5688229608508358656_n-768x542.jpg 768w, https:\/\/www.teufelsfelsen.de\/de\/wp-content\/uploads\/sites\/2\/2019\/08\/68244359_366179927638711_5688229608508358656_n.jpg 1024w, https:\/\/www.teufelsfelsen.de\/de\/wp-content\/uploads\/sites\/2\/2019\/08\/68244359_366179927638711_5688229608508358656_n-700x494.jpg 700w\" sizes=\"auto, (max-width: 300px) 100vw, 300px\" \/> <img loading=\"lazy\" decoding=\"async\" class=\"aligncenter size-medium wp-image-5860\" src=\"https:\/\/www.teufelsfelsen.de\/de\/wp-content\/uploads\/sites\/2\/2019\/08\/68523285_487765888644788_2187275222917316608_n-300x181.jpg\" alt=\"\" width=\"300\" height=\"181\" srcset=\"https:\/\/www.teufelsfelsen.de\/de\/wp-content\/uploads\/sites\/2\/2019\/08\/68523285_487765888644788_2187275222917316608_n-300x181.jpg 300w, https:\/\/www.teufelsfelsen.de\/de\/wp-content\/uploads\/sites\/2\/2019\/08\/68523285_487765888644788_2187275222917316608_n-768x463.jpg 768w, https:\/\/www.teufelsfelsen.de\/de\/wp-content\/uploads\/sites\/2\/2019\/08\/68523285_487765888644788_2187275222917316608_n.jpg 1024w, https:\/\/www.teufelsfelsen.de\/de\/wp-content\/uploads\/sites\/2\/2019\/08\/68523285_487765888644788_2187275222917316608_n-700x422.jpg 700w\" sizes=\"auto, (max-width: 300px) 100vw, 300px\" \/> <img loading=\"lazy\" decoding=\"async\" class=\"aligncenter size-medium wp-image-5861\" src=\"https:\/\/www.teufelsfelsen.de\/de\/wp-content\/uploads\/sites\/2\/2019\/08\/67905858_652395345243314_1589859149083049984_n-300x195.jpg\" alt=\"\" width=\"300\" height=\"195\" srcset=\"https:\/\/www.teufelsfelsen.de\/de\/wp-content\/uploads\/sites\/2\/2019\/08\/67905858_652395345243314_1589859149083049984_n-300x195.jpg 300w, https:\/\/www.teufelsfelsen.de\/de\/wp-content\/uploads\/sites\/2\/2019\/08\/67905858_652395345243314_1589859149083049984_n-768x499.jpg 768w, https:\/\/www.teufelsfelsen.de\/de\/wp-content\/uploads\/sites\/2\/2019\/08\/67905858_652395345243314_1589859149083049984_n.jpg 1024w, https:\/\/www.teufelsfelsen.de\/de\/wp-content\/uploads\/sites\/2\/2019\/08\/67905858_652395345243314_1589859149083049984_n-700x455.jpg 700w\" sizes=\"auto, (max-width: 300px) 100vw, 300px\" \/><\/p>\n<p style=\"text-align: center\"><strong>Korbinian von der Buchenh\u00f6he\u00a0<\/strong><\/p>\n<p style=\"text-align: center\"><img loading=\"lazy\" decoding=\"async\" class=\"aligncenter size-medium wp-image-5857\" src=\"https:\/\/www.teufelsfelsen.de\/de\/wp-content\/uploads\/sites\/2\/2019\/08\/68886815_745831165834052_211284147258261504_n-300x230.jpg\" alt=\"\" width=\"300\" height=\"230\" srcset=\"https:\/\/www.teufelsfelsen.de\/de\/wp-content\/uploads\/sites\/2\/2019\/08\/68886815_745831165834052_211284147258261504_n-300x230.jpg 300w, https:\/\/www.teufelsfelsen.de\/de\/wp-content\/uploads\/sites\/2\/2019\/08\/68886815_745831165834052_211284147258261504_n-768x589.jpg 768w, https:\/\/www.teufelsfelsen.de\/de\/wp-content\/uploads\/sites\/2\/2019\/08\/68886815_745831165834052_211284147258261504_n-1024x785.jpg 1024w, https:\/\/www.teufelsfelsen.de\/de\/wp-content\/uploads\/sites\/2\/2019\/08\/68886815_745831165834052_211284147258261504_n-700x537.jpg 700w\" sizes=\"auto, (max-width: 300px) 100vw, 300px\" \/> <img loading=\"lazy\" decoding=\"async\" class=\"aligncenter size-medium wp-image-5851\" src=\"https:\/\/www.teufelsfelsen.de\/de\/wp-content\/uploads\/sites\/2\/2019\/08\/68377688_525824861489200_383254663559905280_n-300x174.jpg\" alt=\"\" width=\"300\" height=\"174\" srcset=\"https:\/\/www.teufelsfelsen.de\/de\/wp-content\/uploads\/sites\/2\/2019\/08\/68377688_525824861489200_383254663559905280_n-300x174.jpg 300w, https:\/\/www.teufelsfelsen.de\/de\/wp-content\/uploads\/sites\/2\/2019\/08\/68377688_525824861489200_383254663559905280_n-768x447.jpg 768w, https:\/\/www.teufelsfelsen.de\/de\/wp-content\/uploads\/sites\/2\/2019\/08\/68377688_525824861489200_383254663559905280_n-1024x595.jpg 1024w, https:\/\/www.teufelsfelsen.de\/de\/wp-content\/uploads\/sites\/2\/2019\/08\/68377688_525824861489200_383254663559905280_n-700x407.jpg 700w\" sizes=\"auto, (max-width: 300px) 100vw, 300px\" \/> <img loading=\"lazy\" decoding=\"async\" class=\"aligncenter size-medium wp-image-5852\" src=\"https:\/\/www.teufelsfelsen.de\/de\/wp-content\/uploads\/sites\/2\/2019\/08\/67808718_2665767803433337_5697957842577784832_n-1-300x228.jpg\" alt=\"\" width=\"300\" height=\"228\" srcset=\"https:\/\/www.teufelsfelsen.de\/de\/wp-content\/uploads\/sites\/2\/2019\/08\/67808718_2665767803433337_5697957842577784832_n-1-300x228.jpg 300w, https:\/\/www.teufelsfelsen.de\/de\/wp-content\/uploads\/sites\/2\/2019\/08\/67808718_2665767803433337_5697957842577784832_n-1-768x584.jpg 768w, https:\/\/www.teufelsfelsen.de\/de\/wp-content\/uploads\/sites\/2\/2019\/08\/67808718_2665767803433337_5697957842577784832_n-1-1024x779.jpg 1024w, https:\/\/www.teufelsfelsen.de\/de\/wp-content\/uploads\/sites\/2\/2019\/08\/67808718_2665767803433337_5697957842577784832_n-1-700x533.jpg 700w\" sizes=\"auto, (max-width: 300px) 100vw, 300px\" \/><\/p>\n<p style=\"text-align: center\"><strong>Kilian von der Buchenh\u00f6he \/ reserviert<\/strong><\/p>\n<p style=\"text-align: center\"><img loading=\"lazy\" decoding=\"async\" class=\"aligncenter size-medium wp-image-5844\" src=\"https:\/\/www.teufelsfelsen.de\/de\/wp-content\/uploads\/sites\/2\/2019\/08\/68720926_416320008999752_7857209662314119168_n-300x197.jpg\" alt=\"\" width=\"300\" height=\"197\" srcset=\"https:\/\/www.teufelsfelsen.de\/de\/wp-content\/uploads\/sites\/2\/2019\/08\/68720926_416320008999752_7857209662314119168_n-300x197.jpg 300w, https:\/\/www.teufelsfelsen.de\/de\/wp-content\/uploads\/sites\/2\/2019\/08\/68720926_416320008999752_7857209662314119168_n-768x504.jpg 768w, https:\/\/www.teufelsfelsen.de\/de\/wp-content\/uploads\/sites\/2\/2019\/08\/68720926_416320008999752_7857209662314119168_n-1024x673.jpg 1024w, https:\/\/www.teufelsfelsen.de\/de\/wp-content\/uploads\/sites\/2\/2019\/08\/68720926_416320008999752_7857209662314119168_n-700x460.jpg 700w\" sizes=\"auto, (max-width: 300px) 100vw, 300px\" \/><\/p>\n<p style=\"text-align: center\"><img loading=\"lazy\" decoding=\"async\" class=\"aligncenter size-medium wp-image-5846\" src=\"https:\/\/www.teufelsfelsen.de\/de\/wp-content\/uploads\/sites\/2\/2019\/08\/68308429_422581981708253_5485100216870764544_n-300x256.jpg\" alt=\"\" width=\"300\" height=\"256\" srcset=\"https:\/\/www.teufelsfelsen.de\/de\/wp-content\/uploads\/sites\/2\/2019\/08\/68308429_422581981708253_5485100216870764544_n-300x256.jpg 300w, https:\/\/www.teufelsfelsen.de\/de\/wp-content\/uploads\/sites\/2\/2019\/08\/68308429_422581981708253_5485100216870764544_n-768x654.jpg 768w, https:\/\/www.teufelsfelsen.de\/de\/wp-content\/uploads\/sites\/2\/2019\/08\/68308429_422581981708253_5485100216870764544_n-1024x872.jpg 1024w, https:\/\/www.teufelsfelsen.de\/de\/wp-content\/uploads\/sites\/2\/2019\/08\/68308429_422581981708253_5485100216870764544_n-700x596.jpg 700w\" sizes=\"auto, (max-width: 300px) 100vw, 300px\" \/> <img loading=\"lazy\" decoding=\"async\" class=\"aligncenter size-medium wp-image-5850\" src=\"https:\/\/www.teufelsfelsen.de\/de\/wp-content\/uploads\/sites\/2\/2019\/08\/69056439_508559976561824_8629749548719276032_n-293x300.jpg\" alt=\"\" width=\"293\" height=\"300\" srcset=\"https:\/\/www.teufelsfelsen.de\/de\/wp-content\/uploads\/sites\/2\/2019\/08\/69056439_508559976561824_8629749548719276032_n-293x300.jpg 293w, https:\/\/www.teufelsfelsen.de\/de\/wp-content\/uploads\/sites\/2\/2019\/08\/69056439_508559976561824_8629749548719276032_n-768x787.jpg 768w, https:\/\/www.teufelsfelsen.de\/de\/wp-content\/uploads\/sites\/2\/2019\/08\/69056439_508559976561824_8629749548719276032_n-999x1024.jpg 999w, https:\/\/www.teufelsfelsen.de\/de\/wp-content\/uploads\/sites\/2\/2019\/08\/69056439_508559976561824_8629749548719276032_n-700x717.jpg 700w\" sizes=\"auto, (max-width: 293px) 100vw, 293px\" \/><\/p>\n<p style=\"text-align: center\"><strong>2 H\u00fcndinnen:<\/strong><br \/>\n<strong>Karla von der Buchenh\u00f6he \/ reserviert<\/strong><\/p>\n<p style=\"text-align: center\"><img loading=\"lazy\" decoding=\"async\" class=\"aligncenter size-medium wp-image-5842\" src=\"https:\/\/www.teufelsfelsen.de\/de\/wp-content\/uploads\/sites\/2\/2019\/08\/67890539_345334689745655_2723652892283109376_n-289x300.jpg\" alt=\"\" width=\"289\" height=\"300\" srcset=\"https:\/\/www.teufelsfelsen.de\/de\/wp-content\/uploads\/sites\/2\/2019\/08\/67890539_345334689745655_2723652892283109376_n-289x300.jpg 289w, https:\/\/www.teufelsfelsen.de\/de\/wp-content\/uploads\/sites\/2\/2019\/08\/67890539_345334689745655_2723652892283109376_n-768x799.jpg 768w, https:\/\/www.teufelsfelsen.de\/de\/wp-content\/uploads\/sites\/2\/2019\/08\/67890539_345334689745655_2723652892283109376_n-985x1024.jpg 985w, https:\/\/www.teufelsfelsen.de\/de\/wp-content\/uploads\/sites\/2\/2019\/08\/67890539_345334689745655_2723652892283109376_n-700x728.jpg 700w, https:\/\/www.teufelsfelsen.de\/de\/wp-content\/uploads\/sites\/2\/2019\/08\/67890539_345334689745655_2723652892283109376_n.jpg 2033w\" sizes=\"auto, (max-width: 289px) 100vw, 289px\" \/><\/p>\n<p><img loading=\"lazy\" decoding=\"async\" class=\"aligncenter size-medium wp-image-5843\" src=\"https:\/\/www.teufelsfelsen.de\/de\/wp-content\/uploads\/sites\/2\/2019\/08\/68668908_410468639578309_7500427665338269696_n-300x230.jpg\" alt=\"\" width=\"300\" height=\"230\" srcset=\"https:\/\/www.teufelsfelsen.de\/de\/wp-content\/uploads\/sites\/2\/2019\/08\/68668908_410468639578309_7500427665338269696_n-300x230.jpg 300w, https:\/\/www.teufelsfelsen.de\/de\/wp-content\/uploads\/sites\/2\/2019\/08\/68668908_410468639578309_7500427665338269696_n-768x588.jpg 768w, https:\/\/www.teufelsfelsen.de\/de\/wp-content\/uploads\/sites\/2\/2019\/08\/68668908_410468639578309_7500427665338269696_n-1024x784.jpg 1024w, https:\/\/www.teufelsfelsen.de\/de\/wp-content\/uploads\/sites\/2\/2019\/08\/68668908_410468639578309_7500427665338269696_n-700x536.jpg 700w\" sizes=\"auto, (max-width: 300px) 100vw, 300px\" \/><\/p>\n<p style=\"text-align: center\"><strong>Kaja von der Buchenh\u00f6he \/ reserviert<\/strong><\/p>\n<p style=\"text-align: center\"><img loading=\"lazy\" decoding=\"async\" class=\"aligncenter size-medium wp-image-5849\" src=\"https:\/\/www.teufelsfelsen.de\/de\/wp-content\/uploads\/sites\/2\/2019\/08\/68259362_502396513883096_2939996150238806016_n-300x285.jpg\" alt=\"\" width=\"300\" height=\"285\" srcset=\"https:\/\/www.teufelsfelsen.de\/de\/wp-content\/uploads\/sites\/2\/2019\/08\/68259362_502396513883096_2939996150238806016_n-300x285.jpg 300w, https:\/\/www.teufelsfelsen.de\/de\/wp-content\/uploads\/sites\/2\/2019\/08\/68259362_502396513883096_2939996150238806016_n-768x729.jpg 768w, https:\/\/www.teufelsfelsen.de\/de\/wp-content\/uploads\/sites\/2\/2019\/08\/68259362_502396513883096_2939996150238806016_n-1024x972.jpg 1024w, https:\/\/www.teufelsfelsen.de\/de\/wp-content\/uploads\/sites\/2\/2019\/08\/68259362_502396513883096_2939996150238806016_n-700x665.jpg 700w, https:\/\/www.teufelsfelsen.de\/de\/wp-content\/uploads\/sites\/2\/2019\/08\/68259362_502396513883096_2939996150238806016_n.jpg 1641w\" sizes=\"auto, (max-width: 300px) 100vw, 300px\" \/> <img loading=\"lazy\" decoding=\"async\" class=\"aligncenter size-medium wp-image-5848\" src=\"https:\/\/www.teufelsfelsen.de\/de\/wp-content\/uploads\/sites\/2\/2019\/08\/68267621_489206771844448_9007881106569035776_n-231x300.jpg\" alt=\"\" width=\"231\" height=\"300\" srcset=\"https:\/\/www.teufelsfelsen.de\/de\/wp-content\/uploads\/sites\/2\/2019\/08\/68267621_489206771844448_9007881106569035776_n-231x300.jpg 231w, https:\/\/www.teufelsfelsen.de\/de\/wp-content\/uploads\/sites\/2\/2019\/08\/68267621_489206771844448_9007881106569035776_n-768x997.jpg 768w, https:\/\/www.teufelsfelsen.de\/de\/wp-content\/uploads\/sites\/2\/2019\/08\/68267621_489206771844448_9007881106569035776_n-789x1024.jpg 789w, https:\/\/www.teufelsfelsen.de\/de\/wp-content\/uploads\/sites\/2\/2019\/08\/68267621_489206771844448_9007881106569035776_n-700x908.jpg 700w, https:\/\/www.teufelsfelsen.de\/de\/wp-content\/uploads\/sites\/2\/2019\/08\/68267621_489206771844448_9007881106569035776_n.jpg 1340w\" sizes=\"auto, (max-width: 231px) 100vw, 231px\" \/> <img loading=\"lazy\" decoding=\"async\" class=\"aligncenter size-medium wp-image-5847\" src=\"https:\/\/www.teufelsfelsen.de\/de\/wp-content\/uploads\/sites\/2\/2019\/08\/68742397_461001567785524_4591299187357777920_n-263x300.jpg\" alt=\"\" width=\"263\" height=\"300\" srcset=\"https:\/\/www.teufelsfelsen.de\/de\/wp-content\/uploads\/sites\/2\/2019\/08\/68742397_461001567785524_4591299187357777920_n-263x300.jpg 263w, https:\/\/www.teufelsfelsen.de\/de\/wp-content\/uploads\/sites\/2\/2019\/08\/68742397_461001567785524_4591299187357777920_n-768x877.jpg 768w, https:\/\/www.teufelsfelsen.de\/de\/wp-content\/uploads\/sites\/2\/2019\/08\/68742397_461001567785524_4591299187357777920_n-897x1024.jpg 897w, https:\/\/www.teufelsfelsen.de\/de\/wp-content\/uploads\/sites\/2\/2019\/08\/68742397_461001567785524_4591299187357777920_n-700x799.jpg 700w, https:\/\/www.teufelsfelsen.de\/de\/wp-content\/uploads\/sites\/2\/2019\/08\/68742397_461001567785524_4591299187357777920_n.jpg 1737w\" sizes=\"auto, (max-width: 263px) 100vw, 263px\" \/><\/p>\n<\/div>\n<\/div>\n<\/div>\n","protected":false},"excerpt":{"rendered":"<p>Die Zwergteckelwelpen sind seit 29.06.2019 auf der Welt nach: VDH Jugendsieger Baden-W\u00fcrttemberg 2015 Deutscher Champion VDH 2019 (Bed. erf\u00fcllt) Franziska von der Buchenh\u00f6he Zwergteckel \/ schwarz-rot Mutter: Paula vom Teufelsfelsen Vater: WUTJ-Ch 2011, \u00d6BJS 2011 Lauser-Lennart vom Teufelsfelsen Leistungszeichen: BHP 1+2 Zahn und Rutenstatus vorhanden DNA Profil registriert, OI-Frei \/ &#8230;<\/p>\n","protected":false},"author":4,"featured_media":0,"parent":0,"menu_order":0,"comment_status":"closed","ping_status":"closed","template":"","meta":{"footnotes":""},"class_list":["post-5636","page","type-page","status-publish","hentry"],"_links":{"self":[{"href":"https:\/\/www.teufelsfelsen.de\/de\/wp-json\/wp\/v2\/pages\/5636","targetHints":{"allow":["GET"]}}],"collection":[{"href":"https:\/\/www.teufelsfelsen.de\/de\/wp-json\/wp\/v2\/pages"}],"about":[{"href":"https:\/\/www.teufelsfelsen.de\/de\/wp-json\/wp\/v2\/types\/page"}],"author":[{"embeddable":true,"href":"https:\/\/www.teufelsfelsen.de\/de\/wp-json\/wp\/v2\/users\/4"}],"replies":[{"embeddable":true,"href":"https:\/\/www.teufelsfelsen.de\/de\/wp-json\/wp\/v2\/comments?post=5636"}],"version-history":[{"count":23,"href":"https:\/\/www.teufelsfelsen.de\/de\/wp-json\/wp\/v2\/pages\/5636\/revisions"}],"predecessor-version":[{"id":5871,"href":"https:\/\/www.teufelsfelsen.de\/de\/wp-json\/wp\/v2\/pages\/5636\/revisions\/5871"}],"wp:attachment":[{"href":"https:\/\/www.teufelsfelsen.de\/de\/wp-json\/wp\/v2\/media?parent=5636"}],"curies":[{"name":"wp","href":"https:\/\/api.w.org\/{rel}","templated":true}]}}