{"id":72,"date":"2013-09-09T14:50:27","date_gmt":"2013-09-09T12:50:27","guid":{"rendered":"http:\/\/teufelsfelsen.de\/?page_id=72"},"modified":"2014-04-29T14:17:14","modified_gmt":"2014-04-29T12:17:14","slug":"fotogalerie","status":"publish","type":"page","link":"https:\/\/www.teufelsfelsen.de\/de\/fotogalerie\/","title":{"rendered":"Fotogalerie"},"content":{"rendered":"<p>Hier finden Sie die sch\u00f6nsten Bilder unserer Teufelsfelsen und Buchenh\u00f6he Teckel.<\/p>\n<p>Viel Spa\u00df beim anschauen.<\/p>\n<p><a title=\"Fotogalerie: Welpen\" href=\"https:\/\/www.teufelsfelsen.de\/de\/fotogalerie-welpen\/\">Welpen-Bilder: hier klicken!<\/a><\/p>\n<p><a title=\"Fotogalerie: H\u00fcndinnen\" href=\"https:\/\/www.teufelsfelsen.de\/de\/fotogalerie-huendinnen\/\">Unsere H\u00fcndinnen: hier klicken!<\/a><\/p>\n<p><a title=\"Fotogalerie: R\u00fcden\" href=\"https:\/\/www.teufelsfelsen.de\/de\/fotogalerie-rueden\/\">Unser R\u00fcden: hier klicken!<\/a><\/p>\n<p><a title=\"Fotogalerie: sonstiges\" href=\"https:\/\/www.teufelsfelsen.de\/de\/fotogalerie-sonstiges\/\">Andere sch\u00f6ne Fotos: hier klicken!<\/a><\/p>\n<p>&nbsp;<\/p>\n<p>&nbsp;<\/p>\n<p>&nbsp;<\/p>\n","protected":false},"excerpt":{"rendered":"<p>Hier finden Sie die sch\u00f6nsten Bilder unserer Teufelsfelsen und Buchenh\u00f6he Teckel. Viel Spa\u00df beim anschauen. Welpen-Bilder: hier klicken! Unsere H\u00fcndinnen: hier klicken! Unser R\u00fcden: hier klicken! Andere sch\u00f6ne Fotos: hier klicken! &nbsp; &nbsp; &nbsp;<\/p>\n","protected":false},"author":4,"featured_media":0,"parent":0,"menu_order":0,"comment_status":"closed","ping_status":"closed","template":"","meta":{"footnotes":""},"class_list":["post-72","page","type-page","status-publish","hentry"],"_links":{"self":[{"href":"https:\/\/www.teufelsfelsen.de\/de\/wp-json\/wp\/v2\/pages\/72","targetHints":{"allow":["GET"]}}],"collection":[{"href":"https:\/\/www.teufelsfelsen.de\/de\/wp-json\/wp\/v2\/pages"}],"about":[{"href":"https:\/\/www.teufelsfelsen.de\/de\/wp-json\/wp\/v2\/types\/page"}],"author":[{"embeddable":true,"href":"https:\/\/www.teufelsfelsen.de\/de\/wp-json\/wp\/v2\/users\/4"}],"replies":[{"embeddable":true,"href":"https:\/\/www.teufelsfelsen.de\/de\/wp-json\/wp\/v2\/comments?post=72"}],"version-history":[{"count":1,"href":"https:\/\/www.teufelsfelsen.de\/de\/wp-json\/wp\/v2\/pages\/72\/revisions"}],"predecessor-version":[{"id":1959,"href":"https:\/\/www.teufelsfelsen.de\/de\/wp-json\/wp\/v2\/pages\/72\/revisions\/1959"}],"wp:attachment":[{"href":"https:\/\/www.teufelsfelsen.de\/de\/wp-json\/wp\/v2\/media?parent=72"}],"curies":[{"name":"wp","href":"https:\/\/api.w.org\/{rel}","templated":true}]}}