{"id":79,"date":"2013-09-09T14:51:53","date_gmt":"2013-09-09T12:51:53","guid":{"rendered":"http:\/\/teufelsfelsen.de\/?page_id=79"},"modified":"2025-01-23T11:33:04","modified_gmt":"2025-01-23T10:33:04","slug":"welpen","status":"publish","type":"page","link":"https:\/\/www.teufelsfelsen.de\/de\/teckel-von-der-buchenhohe\/welpen\/","title":{"rendered":"Welpen"},"content":{"rendered":"<p>Hier finden Sie eine \u00dcbersicht \u00fcber die W\u00fcrfe des Zwingers &#8222;von der Buchenh\u00f6he&#8220;:<\/p>\n<table border=\"0\" width=\"240\" cellspacing=\"0\" cellpadding=\"0\">\n<tbody>\n<tr>\n<td class=\"xl63\" width=\"80\" height=\"19\"><a title=\"A-Wurf von der Buchenh\u00f6he\" href=\"https:\/\/www.teufelsfelsen.de\/de\/a-wurf-von-der-buchenhoehe\/\">2009: A-Wurf<\/a><\/td>\n<td class=\"xl63\" width=\"80\"><a title=\"B-Wurf von der Buchenh\u00f6he\" href=\"https:\/\/www.teufelsfelsen.de\/de\/b-wurf-von-der-buchenhoehe\/\">2010: B-Wurf<\/a><\/td>\n<td class=\"xl63\" width=\"80\"><a title=\"B-Wurf von der Buchenh\u00f6he\" href=\"https:\/\/www.teufelsfelsen.de\/de\/c-wurf-von-der-buchenhoehe\/\">2010: C-Wurf<\/a><\/td>\n<\/tr>\n<tr>\n<td class=\"xl63\" height=\"19\"><a title=\"D-Wurf von der Buchenh\u00f6he\" href=\"https:\/\/www.teufelsfelsen.de\/de\/d-wurf-von-der-buchenhoehe\/\">2012: D-Wurf<\/a><\/td>\n<td class=\"xl63\"><a title=\"E-Wurf von der Buchenh\u00f6he\" href=\"https:\/\/www.teufelsfelsen.de\/de\/e-wurf-von-der-buchenhoehe\/\">2014: E-Wurf<\/a><\/td>\n<td class=\"xl63\"><a href=\"https:\/\/www.teufelsfelsen.de\/de\/f-wurf-von-der-buchenhoehe\/\">2014: F-Wurf<\/a><\/td>\n<\/tr>\n<tr>\n<td class=\"xl63\" height=\"19\"><a href=\"https:\/\/www.teufelsfelsen.de\/de\/g-wurf-von-der-buchenhoehe\/\">2016: G-Wurf<\/a><\/td>\n<td class=\"xl63\">2017: H-Wurf<\/td>\n<td class=\"xl63\"><a href=\"https:\/\/www.teufelsfelsen.de\/de\/i-wurf-von-der-buchenhoehe\/\">2017: I-Wurf<\/a><\/td>\n<\/tr>\n<tr>\n<td class=\"xl63\" height=\"19\"><a href=\"https:\/\/www.teufelsfelsen.de\/de\/j-wurf-von-der-buchenhoehe\/\">2018: J-Wurf<\/a><\/td>\n<td class=\"xl63\"><a href=\"https:\/\/www.teufelsfelsen.de\/de\/k-wurf-von-der-buchenhoehe\/\">2019 K-Wurf<\/a><\/td>\n<td class=\"xl63\"><a href=\"https:\/\/www.teufelsfelsen.de\/de\/l-wurf-von-der-buchenhoehe\/\">2019 L-Wurf<\/a><\/td>\n<\/tr>\n<\/tbody>\n<\/table>\n<p style=\"text-align: center\"><span style=\"text-decoration: underline\"><strong>Welpenbilder<\/strong><\/span><\/p>\n<p style=\"text-align: center\"><img loading=\"lazy\" decoding=\"async\" class=\"aligncenter size-medium wp-image-6007\" src=\"https:\/\/www.teufelsfelsen.de\/de\/wp-content\/uploads\/sites\/2\/2019\/11\/74573706_398446757697852_1579940055256924160_n-254x300.jpg\" alt=\"\" width=\"254\" height=\"300\" srcset=\"https:\/\/www.teufelsfelsen.de\/de\/wp-content\/uploads\/sites\/2\/2019\/11\/74573706_398446757697852_1579940055256924160_n-254x300.jpg 254w, https:\/\/www.teufelsfelsen.de\/de\/wp-content\/uploads\/sites\/2\/2019\/11\/74573706_398446757697852_1579940055256924160_n.jpg 308w\" sizes=\"auto, (max-width: 254px) 100vw, 254px\" \/> <img loading=\"lazy\" decoding=\"async\" class=\"aligncenter size-medium wp-image-6008\" src=\"https:\/\/www.teufelsfelsen.de\/de\/wp-content\/uploads\/sites\/2\/2019\/11\/74390485_410926592937300_8305203802445709312_n.jpg\" alt=\"\" width=\"270\" height=\"268\" srcset=\"https:\/\/www.teufelsfelsen.de\/de\/wp-content\/uploads\/sites\/2\/2019\/11\/74390485_410926592937300_8305203802445709312_n.jpg 270w, https:\/\/www.teufelsfelsen.de\/de\/wp-content\/uploads\/sites\/2\/2019\/11\/74390485_410926592937300_8305203802445709312_n-150x150.jpg 150w, https:\/\/www.teufelsfelsen.de\/de\/wp-content\/uploads\/sites\/2\/2019\/11\/74390485_410926592937300_8305203802445709312_n-100x100.jpg 100w\" sizes=\"auto, (max-width: 270px) 100vw, 270px\" \/> <img loading=\"lazy\" decoding=\"async\" class=\"aligncenter size-medium wp-image-6009\" src=\"https:\/\/www.teufelsfelsen.de\/de\/wp-content\/uploads\/sites\/2\/2019\/11\/74696623_1030389880673775_2652203263750832128_n-300x178.jpg\" alt=\"\" width=\"300\" height=\"178\" srcset=\"https:\/\/www.teufelsfelsen.de\/de\/wp-content\/uploads\/sites\/2\/2019\/11\/74696623_1030389880673775_2652203263750832128_n-300x178.jpg 300w, https:\/\/www.teufelsfelsen.de\/de\/wp-content\/uploads\/sites\/2\/2019\/11\/74696623_1030389880673775_2652203263750832128_n.jpg 375w\" sizes=\"auto, (max-width: 300px) 100vw, 300px\" \/>Luke, Lizzy, Luna-Emma und Lambert von der Buchenh\u00f6he<\/p>\n<p style=\"text-align: center\"><img loading=\"lazy\" decoding=\"async\" class=\"aligncenter size-medium wp-image-5614\" src=\"https:\/\/www.teufelsfelsen.de\/de\/wp-content\/uploads\/sites\/2\/2019\/07\/66194880_2400625423501962_5459037908642037760_n-300x284.jpg\" alt=\"\" width=\"300\" height=\"284\" srcset=\"https:\/\/www.teufelsfelsen.de\/de\/wp-content\/uploads\/sites\/2\/2019\/07\/66194880_2400625423501962_5459037908642037760_n-300x284.jpg 300w, https:\/\/www.teufelsfelsen.de\/de\/wp-content\/uploads\/sites\/2\/2019\/07\/66194880_2400625423501962_5459037908642037760_n-768x728.jpg 768w, https:\/\/www.teufelsfelsen.de\/de\/wp-content\/uploads\/sites\/2\/2019\/07\/66194880_2400625423501962_5459037908642037760_n.jpg 1024w, https:\/\/www.teufelsfelsen.de\/de\/wp-content\/uploads\/sites\/2\/2019\/07\/66194880_2400625423501962_5459037908642037760_n-700x663.jpg 700w\" sizes=\"auto, (max-width: 300px) 100vw, 300px\" \/><\/p>\n<p style=\"text-align: center\">Jule von der Buchenh\u00f6he<br \/>\n<img loading=\"lazy\" decoding=\"async\" class=\"aligncenter size-medium wp-image-5344\" src=\"https:\/\/www.teufelsfelsen.de\/de\/wp-content\/uploads\/sites\/2\/2018\/05\/11805-1-300x276.jpg\" alt=\"\" width=\"300\" height=\"276\" srcset=\"https:\/\/www.teufelsfelsen.de\/de\/wp-content\/uploads\/sites\/2\/2018\/05\/11805-1-300x276.jpg 300w, https:\/\/www.teufelsfelsen.de\/de\/wp-content\/uploads\/sites\/2\/2018\/05\/11805-1.jpg 400w\" sizes=\"auto, (max-width: 300px) 100vw, 300px\" \/><img loading=\"lazy\" decoding=\"async\" class=\"aligncenter size-medium wp-image-5348\" src=\"https:\/\/www.teufelsfelsen.de\/de\/wp-content\/uploads\/sites\/2\/2018\/05\/11805_2-300x287.jpg\" alt=\"\" width=\"300\" height=\"287\" srcset=\"https:\/\/www.teufelsfelsen.de\/de\/wp-content\/uploads\/sites\/2\/2018\/05\/11805_2-300x287.jpg 300w, https:\/\/www.teufelsfelsen.de\/de\/wp-content\/uploads\/sites\/2\/2018\/05\/11805_2.jpg 400w\" sizes=\"auto, (max-width: 300px) 100vw, 300px\" \/><br \/>\nJakob von der Buchenh\u00f6he<\/p>\n<p style=\"text-align: center\"><img loading=\"lazy\" decoding=\"async\" class=\"aligncenter size-medium wp-image-5304\" src=\"https:\/\/www.teufelsfelsen.de\/de\/wp-content\/uploads\/sites\/2\/2018\/04\/30422192_1751209178270068_1976615864_n-300x283.jpg\" alt=\"\" width=\"300\" height=\"283\" srcset=\"https:\/\/www.teufelsfelsen.de\/de\/wp-content\/uploads\/sites\/2\/2018\/04\/30422192_1751209178270068_1976615864_n-300x283.jpg 300w, https:\/\/www.teufelsfelsen.de\/de\/wp-content\/uploads\/sites\/2\/2018\/04\/30422192_1751209178270068_1976615864_n.jpg 508w\" sizes=\"auto, (max-width: 300px) 100vw, 300px\" \/>Jasper von der Buchenh\u00f6he<br \/>\n<img loading=\"lazy\" decoding=\"async\" class=\"aligncenter size-medium wp-image-5294\" src=\"https:\/\/www.teufelsfelsen.de\/de\/wp-content\/uploads\/sites\/2\/2018\/04\/30223505_1746174308773555_724822019_o-300x259.jpg\" alt=\"\" width=\"300\" height=\"259\" srcset=\"https:\/\/www.teufelsfelsen.de\/de\/wp-content\/uploads\/sites\/2\/2018\/04\/30223505_1746174308773555_724822019_o-300x259.jpg 300w, https:\/\/www.teufelsfelsen.de\/de\/wp-content\/uploads\/sites\/2\/2018\/04\/30223505_1746174308773555_724822019_o-768x662.jpg 768w, https:\/\/www.teufelsfelsen.de\/de\/wp-content\/uploads\/sites\/2\/2018\/04\/30223505_1746174308773555_724822019_o.jpg 1024w, https:\/\/www.teufelsfelsen.de\/de\/wp-content\/uploads\/sites\/2\/2018\/04\/30223505_1746174308773555_724822019_o-700x604.jpg 700w\" sizes=\"auto, (max-width: 300px) 100vw, 300px\" \/>Jill von der Buchenh\u00f6he<br \/>\n<img loading=\"lazy\" decoding=\"async\" class=\"aligncenter size-medium wp-image-5205\" src=\"https:\/\/www.teufelsfelsen.de\/de\/wp-content\/uploads\/sites\/2\/2018\/03\/28943294_1714362238621429_258008267_o-300x169.jpg\" alt=\"\" width=\"300\" height=\"169\" srcset=\"https:\/\/www.teufelsfelsen.de\/de\/wp-content\/uploads\/sites\/2\/2018\/03\/28943294_1714362238621429_258008267_o-300x169.jpg 300w, https:\/\/www.teufelsfelsen.de\/de\/wp-content\/uploads\/sites\/2\/2018\/03\/28943294_1714362238621429_258008267_o-768x432.jpg 768w, https:\/\/www.teufelsfelsen.de\/de\/wp-content\/uploads\/sites\/2\/2018\/03\/28943294_1714362238621429_258008267_o.jpg 1024w, https:\/\/www.teufelsfelsen.de\/de\/wp-content\/uploads\/sites\/2\/2018\/03\/28943294_1714362238621429_258008267_o-700x394.jpg 700w\" sizes=\"auto, (max-width: 300px) 100vw, 300px\" \/><\/p>\n","protected":false},"excerpt":{"rendered":"<p>Hier finden Sie eine \u00dcbersicht \u00fcber die W\u00fcrfe des Zwingers &#8222;von der Buchenh\u00f6he&#8220;: 2009: A-Wurf 2010: B-Wurf 2010: C-Wurf 2012: D-Wurf 2014: E-Wurf 2014: F-Wurf 2016: G-Wurf 2017: H-Wurf 2017: I-Wurf 2018: J-Wurf 2019 K-Wurf 2019 L-Wurf Welpenbilder Luke, Lizzy, Luna-Emma und Lambert von der Buchenh\u00f6he Jule von der Buchenh\u00f6he &#8230;<\/p>\n","protected":false},"author":4,"featured_media":0,"parent":74,"menu_order":0,"comment_status":"closed","ping_status":"closed","template":"","meta":{"footnotes":""},"class_list":["post-79","page","type-page","status-publish","hentry"],"_links":{"self":[{"href":"https:\/\/www.teufelsfelsen.de\/de\/wp-json\/wp\/v2\/pages\/79","targetHints":{"allow":["GET"]}}],"collection":[{"href":"https:\/\/www.teufelsfelsen.de\/de\/wp-json\/wp\/v2\/pages"}],"about":[{"href":"https:\/\/www.teufelsfelsen.de\/de\/wp-json\/wp\/v2\/types\/page"}],"author":[{"embeddable":true,"href":"https:\/\/www.teufelsfelsen.de\/de\/wp-json\/wp\/v2\/users\/4"}],"replies":[{"embeddable":true,"href":"https:\/\/www.teufelsfelsen.de\/de\/wp-json\/wp\/v2\/comments?post=79"}],"version-history":[{"count":71,"href":"https:\/\/www.teufelsfelsen.de\/de\/wp-json\/wp\/v2\/pages\/79\/revisions"}],"predecessor-version":[{"id":6819,"href":"https:\/\/www.teufelsfelsen.de\/de\/wp-json\/wp\/v2\/pages\/79\/revisions\/6819"}],"up":[{"embeddable":true,"href":"https:\/\/www.teufelsfelsen.de\/de\/wp-json\/wp\/v2\/pages\/74"}],"wp:attachment":[{"href":"https:\/\/www.teufelsfelsen.de\/de\/wp-json\/wp\/v2\/media?parent=79"}],"curies":[{"name":"wp","href":"https:\/\/api.w.org\/{rel}","templated":true}]}}