{"id":819,"date":"2013-09-23T16:10:10","date_gmt":"2013-09-23T14:10:10","guid":{"rendered":"http:\/\/teufelsfelsen.de\/?page_id=819"},"modified":"2015-12-02T10:20:02","modified_gmt":"2015-12-02T09:20:02","slug":"c2-wurf-2","status":"publish","type":"page","link":"https:\/\/www.teufelsfelsen.de\/de\/c2-wurf-2\/","title":{"rendered":"C2-Wurf"},"content":{"rendered":"<p style=\"text-align: center\">Zwergwelpen:<\/p>\n<p style=\"text-align: center\">LJS 2005 Jgd.ChLux 2005 WUT-JCh 2005<br \/>\nDtJCh 2005 LS 2005 LuxCh 2007 WUT-Ch 2007<br \/>\nD-Ch VDH 2007 CH-Ch 2008<\/p>\n<p style=\"text-align: center\">Sindy (genannt Sissi) vom Rainerschl\u00f6ssl FCI:<\/p>\n<p style=\"text-align: center\"><a href=\"https:\/\/www.teufelsfelsen.de\/de\/wp-content\/uploads\/sites\/2\/2013\/09\/sissi11.jpg\"><img loading=\"lazy\" decoding=\"async\" class=\"alignnone size-full wp-image-704\" src=\"https:\/\/www.teufelsfelsen.de\/de\/wp-content\/uploads\/sites\/2\/2013\/09\/sissi11.jpg\" alt=\"sissi1\" width=\"260\" height=\"194\" \/><\/a><\/p>\n<p style=\"text-align: center\">Rauhhaar\/dunkelsaufarben<\/p>\n<p style=\"text-align: center\">LZ: SFK, StiJ verliehen, BhN\/F, KSchlH\/B, Formwert: 25 x V I<\/p>\n<p style=\"text-align: center\">DTK-CAC\/J, VDH-CAC\/J, DTK-CAC, VDH-CAC, CACL, CACIB, BOB,<\/p>\n<p style=\"text-align: center\">BOG 3.Platz<\/p>\n<p style=\"text-align: center\">K\u00f6rschau: vorz\u00fcglich<\/p>\n<p style=\"text-align: center\">sch\u00f6nster Ausstellungshund der Gruppe Mittelbaden im BDC im Jahre 2005<\/p>\n<p style=\"text-align: center\">Titel:<\/p>\n<p style=\"text-align: center\">FCI Landesjugendsieger Bayern 2005<br \/>\nLandesjugendsieger Rheinland-Pfalz \/ Saarland 2005<br \/>\nJugend Champion Luxemburg 2005<br \/>\nLandesjugendsieger Hessen 2005<br \/>\nWUT &#8211; Jugendchampion 2005<br \/>\nFCI Landesjugendsieger Rheinland-Pfalz 2005<br \/>\nDeutscher Jugend Champion DTK 2005<br \/>\nLandessieger S\u00fcdbayern 2005<br \/>\nDeutscher Champion VDH 2007<br \/>\nLuxemburg Champion 2007<br \/>\nWelt Union Teckel Champion 2007<br \/>\nSchweizer Sch\u00f6nheitschampion 2008<\/p>\n<p style=\"text-align: center\">und<\/p>\n<p style=\"text-align: center\">Samson vom Teufelsfelsen<\/p>\n<p style=\"text-align: center\"><a href=\"https:\/\/www.teufelsfelsen.de\/de\/wp-content\/uploads\/sites\/2\/2013\/09\/samson.jpg\"><img loading=\"lazy\" decoding=\"async\" class=\"alignnone size-medium wp-image-820\" src=\"https:\/\/www.teufelsfelsen.de\/de\/wp-content\/uploads\/sites\/2\/2013\/09\/samson-300x213.jpg\" alt=\"samson\" width=\"300\" height=\"213\" srcset=\"https:\/\/www.teufelsfelsen.de\/de\/wp-content\/uploads\/sites\/2\/2013\/09\/samson-300x213.jpg 300w, https:\/\/www.teufelsfelsen.de\/de\/wp-content\/uploads\/sites\/2\/2013\/09\/samson.jpg 400w\" sizes=\"auto, (max-width: 300px) 100vw, 300px\" \/><\/a><\/p>\n<p style=\"text-align: center\">Rauhhaar\/rot<\/p>\n<p style=\"text-align: center\">PRA und Katarakt frei<\/p>\n<p style=\"text-align: center\">LZ: SFK, BHP 1+2<\/p>\n<p style=\"text-align: center\">Formwert: V I VDH-CAC, DTK-CAC<\/p>\n<p style=\"text-align: center\">Sissi hat 5 wundersch\u00f6ne Welpen geboren.<\/p>\n<p style=\"text-align: center\">Es sind 4 R\u00fcden und 1 H\u00fcndin.<\/p>\n<p style=\"text-align: center\"><a href=\"https:\/\/www.teufelsfelsen.de\/de\/wp-content\/uploads\/sites\/2\/2013\/09\/c-wurf_1.jpg\"><img loading=\"lazy\" decoding=\"async\" src=\"https:\/\/www.teufelsfelsen.de\/de\/wp-content\/uploads\/sites\/2\/2013\/09\/c-wurf_1-300x166.jpg\" alt=\"c-wurf_1\" width=\"300\" height=\"166\" \/><\/a><\/p>\n<p style=\"text-align: center\">Casper \/ dunkelsaufarben<\/p>\n<p style=\"text-align: center\"><a href=\"https:\/\/www.teufelsfelsen.de\/de\/wp-content\/uploads\/sites\/2\/2013\/09\/casper.jpg\"><img loading=\"lazy\" decoding=\"async\" src=\"https:\/\/www.teufelsfelsen.de\/de\/wp-content\/uploads\/sites\/2\/2013\/09\/casper-300x216.jpg\" alt=\"casper\" width=\"300\" height=\"216\" \/><\/a><\/p>\n<p style=\"text-align: center\">Calimero \/ rot<\/p>\n<p style=\"text-align: center\"><a href=\"https:\/\/www.teufelsfelsen.de\/de\/wp-content\/uploads\/sites\/2\/2013\/09\/calimero_2.jpg\"><img loading=\"lazy\" decoding=\"async\" src=\"https:\/\/www.teufelsfelsen.de\/de\/wp-content\/uploads\/sites\/2\/2013\/09\/calimero_2-300x216.jpg\" alt=\"calimero_2\" width=\"300\" height=\"216\" \/><\/a><\/p>\n<p style=\"text-align: center\">Cajus \/ dunkelsaufarben<\/p>\n<p style=\"text-align: center\"><a href=\"https:\/\/www.teufelsfelsen.de\/de\/wp-content\/uploads\/sites\/2\/2013\/09\/cajus_1.jpg\"><img loading=\"lazy\" decoding=\"async\" src=\"https:\/\/www.teufelsfelsen.de\/de\/wp-content\/uploads\/sites\/2\/2013\/09\/cajus_1-300x216.jpg\" alt=\"cajus_1\" width=\"300\" height=\"216\" \/><\/a><\/p>\n<p style=\"text-align: center\"><a href=\"https:\/\/www.teufelsfelsen.de\/de\/wp-content\/uploads\/sites\/2\/2013\/09\/cajus2.jpg\"><img loading=\"lazy\" decoding=\"async\" src=\"https:\/\/www.teufelsfelsen.de\/de\/wp-content\/uploads\/sites\/2\/2013\/09\/cajus2-300x216.jpg\" alt=\"cajus2\" width=\"300\" height=\"216\" \/><\/a><\/p>\n<p style=\"text-align: center\"><b>Calimero \/ rot <\/b><\/p>\n<p style=\"text-align: center\"><a href=\"https:\/\/www.teufelsfelsen.de\/de\/wp-content\/uploads\/sites\/2\/2013\/09\/calimero1.jpg\"><img loading=\"lazy\" decoding=\"async\" src=\"https:\/\/www.teufelsfelsen.de\/de\/wp-content\/uploads\/sites\/2\/2013\/09\/calimero1-216x300.jpg\" alt=\"calimero1\" width=\"216\" height=\"300\" \/><\/a><\/p>\n<p style=\"text-align: center\">Cosima \/ dunkelsaufarben<\/p>\n<p style=\"text-align: center\"><a href=\"https:\/\/www.teufelsfelsen.de\/de\/wp-content\/uploads\/sites\/2\/2013\/09\/conrad_3.jpg\"><img loading=\"lazy\" decoding=\"async\" src=\"https:\/\/www.teufelsfelsen.de\/de\/wp-content\/uploads\/sites\/2\/2013\/09\/conrad_3-300x216.jpg\" alt=\"conrad_3\" width=\"300\" height=\"216\" \/><\/a><\/p>\n<p style=\"text-align: center\">Conrad \/ rot<\/p>\n<p style=\"text-align: center\"><a href=\"https:\/\/www.teufelsfelsen.de\/de\/wp-content\/uploads\/sites\/2\/2013\/09\/conrad2.jpg\"><img loading=\"lazy\" decoding=\"async\" src=\"https:\/\/www.teufelsfelsen.de\/de\/wp-content\/uploads\/sites\/2\/2013\/09\/conrad2-300x216.jpg\" alt=\"conrad2\" width=\"300\" height=\"216\" \/><\/a><\/p>\n<p style=\"text-align: center\"><a href=\"https:\/\/www.teufelsfelsen.de\/de\/wp-content\/uploads\/sites\/2\/2013\/09\/conrad1.jpg\"><img loading=\"lazy\" decoding=\"async\" src=\"https:\/\/www.teufelsfelsen.de\/de\/wp-content\/uploads\/sites\/2\/2013\/09\/conrad1-300x216.jpg\" alt=\"conrad1\" width=\"300\" height=\"216\" \/><\/a><\/p>\n","protected":false},"excerpt":{"rendered":"<p>Zwergwelpen: LJS 2005 Jgd.ChLux 2005 WUT-JCh 2005 DtJCh 2005 LS 2005 LuxCh 2007 WUT-Ch 2007 D-Ch VDH 2007 CH-Ch 2008 Sindy (genannt Sissi) vom Rainerschl\u00f6ssl FCI: Rauhhaar\/dunkelsaufarben LZ: SFK, StiJ verliehen, BhN\/F, KSchlH\/B, Formwert: 25 x V I DTK-CAC\/J, VDH-CAC\/J, DTK-CAC, VDH-CAC, CACL, CACIB, BOB, BOG 3.Platz K\u00f6rschau: vorz\u00fcglich sch\u00f6nster &#8230;<\/p>\n","protected":false},"author":4,"featured_media":0,"parent":0,"menu_order":0,"comment_status":"closed","ping_status":"closed","template":"","meta":{"footnotes":""},"class_list":["post-819","page","type-page","status-publish","hentry"],"_links":{"self":[{"href":"https:\/\/www.teufelsfelsen.de\/de\/wp-json\/wp\/v2\/pages\/819","targetHints":{"allow":["GET"]}}],"collection":[{"href":"https:\/\/www.teufelsfelsen.de\/de\/wp-json\/wp\/v2\/pages"}],"about":[{"href":"https:\/\/www.teufelsfelsen.de\/de\/wp-json\/wp\/v2\/types\/page"}],"author":[{"embeddable":true,"href":"https:\/\/www.teufelsfelsen.de\/de\/wp-json\/wp\/v2\/users\/4"}],"replies":[{"embeddable":true,"href":"https:\/\/www.teufelsfelsen.de\/de\/wp-json\/wp\/v2\/comments?post=819"}],"version-history":[{"count":2,"href":"https:\/\/www.teufelsfelsen.de\/de\/wp-json\/wp\/v2\/pages\/819\/revisions"}],"predecessor-version":[{"id":3133,"href":"https:\/\/www.teufelsfelsen.de\/de\/wp-json\/wp\/v2\/pages\/819\/revisions\/3133"}],"wp:attachment":[{"href":"https:\/\/www.teufelsfelsen.de\/de\/wp-json\/wp\/v2\/media?parent=819"}],"curies":[{"name":"wp","href":"https:\/\/api.w.org\/{rel}","templated":true}]}}