{"id":85,"date":"2013-09-09T14:52:48","date_gmt":"2013-09-09T12:52:48","guid":{"rendered":"http:\/\/teufelsfelsen.de\/?page_id=85"},"modified":"2021-02-18T12:27:21","modified_gmt":"2021-02-18T11:27:21","slug":"kontakt","status":"publish","type":"page","link":"https:\/\/www.teufelsfelsen.de\/de\/kontakt\/","title":{"rendered":"Kontakt"},"content":{"rendered":"<p>Zuchtgemeinschaft:<\/p>\n<p>Udo + Alexandra Zerweckh, Forsthaus Stutensee, 76297 Stutensee<\/p>\n<p>NEU: Handy: 0172\/7183915<\/p>\n<p>E-Mail: teufelsfelsen@aol.com<\/p>\n<p>Der Lebensraum unserer Hunde und unsere Sachkenntnis ist vom Veterin\u00e4ramt des Landkreises Karlsruhe gem\u00e4\u00df \u00a7 11 des Tierschutzgesetzes \u00fcberpr\u00fcft und genehmigt.<\/p>\n<p>&nbsp;<\/p>\n<p>&nbsp;<\/p>\n","protected":false},"excerpt":{"rendered":"<p>Zuchtgemeinschaft: Udo + Alexandra Zerweckh, Forsthaus Stutensee, 76297 Stutensee NEU: Handy: 0172\/7183915 E-Mail: teufelsfelsen@aol.com Der Lebensraum unserer Hunde und unsere Sachkenntnis ist vom Veterin\u00e4ramt des Landkreises Karlsruhe gem\u00e4\u00df \u00a7 11 des Tierschutzgesetzes \u00fcberpr\u00fcft und genehmigt. &nbsp; &nbsp;<\/p>\n","protected":false},"author":4,"featured_media":0,"parent":0,"menu_order":0,"comment_status":"closed","ping_status":"closed","template":"","meta":{"footnotes":""},"class_list":["post-85","page","type-page","status-publish","hentry"],"_links":{"self":[{"href":"https:\/\/www.teufelsfelsen.de\/de\/wp-json\/wp\/v2\/pages\/85","targetHints":{"allow":["GET"]}}],"collection":[{"href":"https:\/\/www.teufelsfelsen.de\/de\/wp-json\/wp\/v2\/pages"}],"about":[{"href":"https:\/\/www.teufelsfelsen.de\/de\/wp-json\/wp\/v2\/types\/page"}],"author":[{"embeddable":true,"href":"https:\/\/www.teufelsfelsen.de\/de\/wp-json\/wp\/v2\/users\/4"}],"replies":[{"embeddable":true,"href":"https:\/\/www.teufelsfelsen.de\/de\/wp-json\/wp\/v2\/comments?post=85"}],"version-history":[{"count":5,"href":"https:\/\/www.teufelsfelsen.de\/de\/wp-json\/wp\/v2\/pages\/85\/revisions"}],"predecessor-version":[{"id":6298,"href":"https:\/\/www.teufelsfelsen.de\/de\/wp-json\/wp\/v2\/pages\/85\/revisions\/6298"}],"wp:attachment":[{"href":"https:\/\/www.teufelsfelsen.de\/de\/wp-json\/wp\/v2\/media?parent=85"}],"curies":[{"name":"wp","href":"https:\/\/api.w.org\/{rel}","templated":true}]}}