{"id":900,"date":"2013-09-26T21:24:49","date_gmt":"2013-09-26T19:24:49","guid":{"rendered":"http:\/\/teufelsfelsen.de\/?page_id=900"},"modified":"2014-04-29T14:27:37","modified_gmt":"2014-04-29T12:27:37","slug":"i2-wurf","status":"publish","type":"page","link":"https:\/\/www.teufelsfelsen.de\/de\/i2-wurf\/","title":{"rendered":"I2-Wurf"},"content":{"rendered":"<p style=\"text-align: center\"><b><span style=\"text-decoration: underline\">Zwergteckelwelpen<\/span> <\/b><\/p>\n<p style=\"text-align: center\" align=\"center\">\u00a0JCh.of.CH. DTK 2007 \/ WUT-JCh 2007<\/p>\n<p style=\"text-align: center\" align=\"center\">D-JCh VDH 2008\u00a0 \/ LJS DWH 2008<\/p>\n<p style=\"text-align: center\" align=\"center\">D-JCh DTK 2008<i> \/ <\/i>LS S\u00fcdbayern 2008<\/p>\n<p style=\"text-align: center\" align=\"center\">Brabo Winner 2009 \/ LS DCN 2009<\/p>\n<p style=\"text-align: center\" align=\"center\">WUT-Ch 2009<i> \/\u00a0 <\/i>D-Ch VDH 2009<\/p>\n<p style=\"text-align: center\" align=\"center\"><span style=\"text-decoration: underline\"><strong>Siska vom Teufelsfelsen<\/strong><\/span><\/p>\n<p style=\"text-align: center\" align=\"center\"><strong><a href=\"https:\/\/www.teufelsfelsen.de\/de\/wp-content\/uploads\/sites\/2\/2013\/09\/siska.jpg\"><img loading=\"lazy\" decoding=\"async\" class=\"alignnone size-medium wp-image-257\" src=\"https:\/\/www.teufelsfelsen.de\/de\/wp-content\/uploads\/sites\/2\/2013\/09\/siska-216x300.jpg\" alt=\"siska\" width=\"216\" height=\"300\" srcset=\"https:\/\/www.teufelsfelsen.de\/de\/wp-content\/uploads\/sites\/2\/2013\/09\/siska-216x300.jpg 216w, https:\/\/www.teufelsfelsen.de\/de\/wp-content\/uploads\/sites\/2\/2013\/09\/siska.jpg 288w\" sizes=\"auto, (max-width: 216px) 100vw, 216px\" \/><\/a><\/strong><\/p>\n<p style=\"text-align: center\" align=\"center\"><strong><a href=\"https:\/\/www.teufelsfelsen.de\/de\/wp-content\/uploads\/sites\/2\/2013\/09\/siska_08_06.jpg\"><img loading=\"lazy\" decoding=\"async\" class=\"alignnone size-medium wp-image-297\" src=\"https:\/\/www.teufelsfelsen.de\/de\/wp-content\/uploads\/sites\/2\/2013\/09\/siska_08_06-300x213.jpg\" alt=\"siska_08_06\" width=\"300\" height=\"213\" srcset=\"https:\/\/www.teufelsfelsen.de\/de\/wp-content\/uploads\/sites\/2\/2013\/09\/siska_08_06-300x213.jpg 300w, https:\/\/www.teufelsfelsen.de\/de\/wp-content\/uploads\/sites\/2\/2013\/09\/siska_08_06.jpg 400w\" sizes=\"auto, (max-width: 300px) 100vw, 300px\" \/><\/a><\/strong><\/p>\n<p style=\"text-align: center\" align=\"center\">\u00a0Rauhhaar: rot (d\u00fcrrlaubfarben)<\/p>\n<p style=\"text-align: center\" align=\"center\">PRA \/\u00a0Katarakt frei<\/p>\n<p style=\"text-align: center\" align=\"center\"><strong>Leistungszeichen:<\/strong><\/p>\n<p style=\"text-align: center\" align=\"center\">SFK \/ StiJ<\/p>\n<p style=\"text-align: center\" align=\"center\"><b>\u00a0Formerwert:<\/b> V1 VDH-CAC\/J, DTK-CAC\/J, CAC, CACIB, Jugendsieger, BOB,<\/p>\n<p style=\"text-align: center\" align=\"center\">Jugendsieger\u00a0der Gruppe 4 \/ Sieger Gruppe 4\u00a0\/BOG<\/p>\n<p style=\"text-align: center\" align=\"center\"><span style=\"text-decoration: underline\"><b>sch\u00f6nster Erfolg:\u00a0<\/b><\/span><\/p>\n<p style=\"text-align: center\">Nationale Zuchtschau in Stuttgart am 11.11.2007:<\/p>\n<p style=\"text-align: center\" align=\"center\">V1 VDH-CAC\/J, DTK-CAC\/J, Jugendsieger\u00a0Stuttgart, BOB, Sieger Gruppe 4\u00a0\/BOG<\/p>\n<p style=\"text-align: center\" align=\"center\"><a href=\"https:\/\/www.teufelsfelsen.de\/de\/wp-content\/uploads\/sites\/2\/2013\/09\/f51407-03.jpg\"><img loading=\"lazy\" decoding=\"async\" class=\"alignnone size-medium wp-image-901\" src=\"https:\/\/www.teufelsfelsen.de\/de\/wp-content\/uploads\/sites\/2\/2013\/09\/f51407-03-201x300.jpg\" alt=\"f51407-03\" width=\"201\" height=\"300\" srcset=\"https:\/\/www.teufelsfelsen.de\/de\/wp-content\/uploads\/sites\/2\/2013\/09\/f51407-03-201x300.jpg 201w, https:\/\/www.teufelsfelsen.de\/de\/wp-content\/uploads\/sites\/2\/2013\/09\/f51407-03.jpg 268w\" sizes=\"auto, (max-width: 201px) 100vw, 201px\" \/><\/a><\/p>\n<p style=\"text-align: center\" align=\"center\"><span style=\"text-decoration: underline\"><b>Titel:<\/b><\/span><\/p>\n<p style=\"text-align: center\" align=\"center\">Jugendsieger Baden-W\u00fcrttemberg 2007<\/p>\n<p style=\"text-align: center\" align=\"center\">Jugendsieger Stuttgart 2007<\/p>\n<p style=\"text-align: center\" align=\"center\">Jugendsieger Limburg 2007<\/p>\n<p style=\"text-align: center\" align=\"center\">Jugendsieger Kortrijk 2007<\/p>\n<p style=\"text-align: center\" align=\"center\">Welt Union Teckel Jugend Champion 2007<\/p>\n<p style=\"text-align: center\" align=\"center\">Jugend Champion of Champion\u00a0DTK\u00a02007<\/p>\n<p style=\"text-align: center\" align=\"center\">Ortenaujugendsieger 2008<\/p>\n<p style=\"text-align: center\" align=\"center\">Deutscher Jugend Champion VDH 2008<\/p>\n<p style=\"text-align: center\" align=\"center\">Landesjugendsieger DWH\u00a02008<\/p>\n<p style=\"text-align: center\" align=\"center\">Deutscher Jugend Champion DTK 2008<\/p>\n<p style=\"text-align: center\" align=\"center\">Landessieger S\u00fcdbayern 2008<\/p>\n<p style=\"text-align: center\" align=\"center\">Brabo Winner 2009<\/p>\n<p style=\"text-align: center\" align=\"center\">Landessieger DCN 2009<\/p>\n<p style=\"text-align: center\" align=\"center\"><span style=\"text-decoration: underline\"><b>Colmar 2008:\u00a0<\/b><\/span><\/p>\n<p style=\"text-align: center\" align=\"center\">\u00a0<a href=\"https:\/\/www.teufelsfelsen.de\/de\/wp-content\/uploads\/sites\/2\/2013\/09\/siska_colmar.jpg\"><img loading=\"lazy\" decoding=\"async\" class=\"alignnone size-medium wp-image-902\" src=\"https:\/\/www.teufelsfelsen.de\/de\/wp-content\/uploads\/sites\/2\/2013\/09\/siska_colmar-300x198.jpg\" alt=\"siska_colmar\" width=\"300\" height=\"198\" srcset=\"https:\/\/www.teufelsfelsen.de\/de\/wp-content\/uploads\/sites\/2\/2013\/09\/siska_colmar-300x198.jpg 300w, https:\/\/www.teufelsfelsen.de\/de\/wp-content\/uploads\/sites\/2\/2013\/09\/siska_colmar.jpg 400w\" sizes=\"auto, (max-width: 300px) 100vw, 300px\" \/><\/a><\/p>\n<p style=\"text-align: center\">\u00a0Bester Jugendhund der Gruppe IV + 2. Bester Teckel der Gruppe IV<\/p>\n<p style=\"text-align: center\" align=\"center\">\u00a0und<\/p>\n<p style=\"text-align: center\" align=\"center\">IACh , ISchCh, SK-ACh, EJS (FCI), PL-Ch, CZ-Ch,<\/p>\n<p style=\"text-align: center\" align=\"center\">\u00a0H-Ch, SK-Ch, HR-Ch, A-Ch, L-Ch, WUT-Ch<\/p>\n<p style=\"text-align: center\" align=\"center\">DALAM\u00c1NEK VALENTINKA<\/p>\n<p style=\"text-align: center\" align=\"center\"><span style=\"font-family: Comic Sans MS\"><a href=\"https:\/\/www.teufelsfelsen.de\/de\/wp-content\/uploads\/sites\/2\/2013\/09\/Dalamanek_Valentinka1.jpg\"><img loading=\"lazy\" decoding=\"async\" class=\"alignnone size-medium wp-image-903\" src=\"https:\/\/www.teufelsfelsen.de\/de\/wp-content\/uploads\/sites\/2\/2013\/09\/Dalamanek_Valentinka1-300x164.jpg\" alt=\"Dalamanek_Valentinka\" width=\"300\" height=\"164\" srcset=\"https:\/\/www.teufelsfelsen.de\/de\/wp-content\/uploads\/sites\/2\/2013\/09\/Dalamanek_Valentinka1-300x164.jpg 300w, https:\/\/www.teufelsfelsen.de\/de\/wp-content\/uploads\/sites\/2\/2013\/09\/Dalamanek_Valentinka1.jpg 471w\" sizes=\"auto, (max-width: 300px) 100vw, 300px\" \/><\/a><br \/>\n<\/span><\/p>\n<p style=\"text-align: center\" align=\"center\">Rauhhaar \/dunkelsaufarben<\/p>\n<p style=\"text-align: center\" align=\"center\">PRA \/ Katarakt frei<\/p>\n<p style=\"text-align: center\" align=\"center\">Titel:<\/p>\n<p style=\"text-align: center\" align=\"center\">Internationaler Sch\u00f6nheitschampion<\/p>\n<p style=\"text-align: center\" align=\"center\">Europajugendsieger<\/p>\n<p style=\"text-align: center\" align=\"center\">Tschechischer Champion<\/p>\n<p style=\"text-align: center\" align=\"center\">Slovakischer Champion<\/p>\n<p style=\"text-align: center\" align=\"center\">\u00d6sterreichischer Champion<\/p>\n<p style=\"text-align: center\" align=\"center\">Ungarischer Champion<\/p>\n<p style=\"text-align: center\" align=\"center\">Luxemburg Champion<\/p>\n<p style=\"text-align: center\" align=\"center\">Polnischer Champion<\/p>\n<p style=\"text-align: center\" align=\"center\">WUT-Champion<\/p>\n<p style=\"text-align: center\" align=\"center\">Internationaler Arbeitschampion<\/p>\n<p style=\"text-align: center\" align=\"center\">Slovakischer Arbeitschampion<\/p>\n<p style=\"text-align: center\" align=\"center\">LZ:<\/p>\n<p style=\"text-align: center\" align=\"center\">Anlagepr\u00fcfung mit Spurlaut\/Tschechien<\/p>\n<p style=\"text-align: center\" align=\"center\">BhFK\/Tschechien<\/p>\n<p style=\"text-align: center\" align=\"center\">\u00a0 Internationale Baupr\u00fcfungen in der Slovakei<\/p>\n<p style=\"text-align: center\" align=\"center\">\u00a0Ungarn und Serbien<\/p>\n<p style=\"text-align: center\" align=\"center\">6 x 1. Preis\/ 4 x CACT, 3 x CACIT<\/p>\n<p style=\"text-align: center\" align=\"center\">***<\/p>\n<p style=\"text-align: center\" align=\"center\">Siska hat am 17.03.2010 2 dunkel-saufarbene R\u00fcden zur Welt gebracht.<\/p>\n<p style=\"text-align: center\" align=\"center\"><span style=\"text-decoration: underline\">Sie hei\u00dfen:<\/span><\/p>\n<p style=\"text-align: center\" align=\"center\">Iltis vom Teufelsfelsen<\/p>\n<p style=\"text-align: center\" align=\"center\">Ikarus vom Teufelsfelsen (verstorben)<\/p>\n<p style=\"text-align: center\" align=\"center\">Beide R\u00fcden entwickeln sich prima und nehmen t\u00e4glich m\u00e4chtig zu.<\/p>\n<p style=\"text-align: center\" align=\"center\"><a href=\"https:\/\/www.teufelsfelsen.de\/de\/wp-content\/uploads\/sites\/2\/2013\/09\/bild027.jpg\"><img loading=\"lazy\" decoding=\"async\" class=\"alignnone size-medium wp-image-904\" src=\"https:\/\/www.teufelsfelsen.de\/de\/wp-content\/uploads\/sites\/2\/2013\/09\/bild027-300x225.jpg\" alt=\"bild027\" width=\"300\" height=\"225\" srcset=\"https:\/\/www.teufelsfelsen.de\/de\/wp-content\/uploads\/sites\/2\/2013\/09\/bild027-300x225.jpg 300w, https:\/\/www.teufelsfelsen.de\/de\/wp-content\/uploads\/sites\/2\/2013\/09\/bild027-268x200.jpg 268w, https:\/\/www.teufelsfelsen.de\/de\/wp-content\/uploads\/sites\/2\/2013\/09\/bild027.jpg 400w\" sizes=\"auto, (max-width: 300px) 100vw, 300px\" \/><\/a><\/p>\n<p style=\"text-align: center\" align=\"center\">Heute ist leider Ikarus verstorben.<\/p>\n<p style=\"text-align: center\" align=\"center\">Wir hoffen, da\u00df Siska und Ihr Einzelkind sich weiterhin so prima entwickeln.<\/p>\n<p style=\"text-align: center\" align=\"center\"><a href=\"https:\/\/www.teufelsfelsen.de\/de\/wp-content\/uploads\/sites\/2\/2013\/09\/iltis.jpg\"><img loading=\"lazy\" decoding=\"async\" class=\"alignnone size-medium wp-image-905\" src=\"https:\/\/www.teufelsfelsen.de\/de\/wp-content\/uploads\/sites\/2\/2013\/09\/iltis-300x213.jpg\" alt=\"iltis\" width=\"300\" height=\"213\" srcset=\"https:\/\/www.teufelsfelsen.de\/de\/wp-content\/uploads\/sites\/2\/2013\/09\/iltis-300x213.jpg 300w, https:\/\/www.teufelsfelsen.de\/de\/wp-content\/uploads\/sites\/2\/2013\/09\/iltis.jpg 400w\" sizes=\"auto, (max-width: 300px) 100vw, 300px\" \/><\/a><\/p>\n<p style=\"text-align: center\" align=\"center\"><a href=\"https:\/\/www.teufelsfelsen.de\/de\/wp-content\/uploads\/sites\/2\/2013\/09\/iltis1.jpg\"><img loading=\"lazy\" decoding=\"async\" class=\"alignnone size-medium wp-image-906\" src=\"https:\/\/www.teufelsfelsen.de\/de\/wp-content\/uploads\/sites\/2\/2013\/09\/iltis1-213x300.jpg\" alt=\"iltis1\" width=\"213\" height=\"300\" srcset=\"https:\/\/www.teufelsfelsen.de\/de\/wp-content\/uploads\/sites\/2\/2013\/09\/iltis1-213x300.jpg 213w, https:\/\/www.teufelsfelsen.de\/de\/wp-content\/uploads\/sites\/2\/2013\/09\/iltis1.jpg 285w\" sizes=\"auto, (max-width: 213px) 100vw, 213px\" \/><\/a><\/p>\n<p style=\"text-align: center\" align=\"center\"><span style=\"text-decoration: underline\">neue Bilder vom 28.04.2010:<\/span><\/p>\n<p style=\"text-align: center\" align=\"center\"><span style=\"text-decoration: underline\"><span style=\"font-family: Comic Sans MS;font-size: large\"><a href=\"https:\/\/www.teufelsfelsen.de\/de\/wp-content\/uploads\/sites\/2\/2013\/09\/iltis_1.jpg\"><img loading=\"lazy\" decoding=\"async\" class=\"alignnone size-medium wp-image-907\" src=\"https:\/\/www.teufelsfelsen.de\/de\/wp-content\/uploads\/sites\/2\/2013\/09\/iltis_1-300x214.jpg\" alt=\"iltis_1\" width=\"300\" height=\"214\" srcset=\"https:\/\/www.teufelsfelsen.de\/de\/wp-content\/uploads\/sites\/2\/2013\/09\/iltis_1-300x214.jpg 300w, https:\/\/www.teufelsfelsen.de\/de\/wp-content\/uploads\/sites\/2\/2013\/09\/iltis_1.jpg 400w\" sizes=\"auto, (max-width: 300px) 100vw, 300px\" \/><\/a><\/span><\/span><\/p>\n<p style=\"text-align: center\" align=\"center\"><span style=\"text-decoration: underline\"><span style=\"font-family: Comic Sans MS;font-size: large\"> <a href=\"https:\/\/www.teufelsfelsen.de\/de\/wp-content\/uploads\/sites\/2\/2013\/09\/iltis2.jpg\"><img loading=\"lazy\" decoding=\"async\" class=\"alignnone size-medium wp-image-908\" src=\"https:\/\/www.teufelsfelsen.de\/de\/wp-content\/uploads\/sites\/2\/2013\/09\/iltis2-300x214.jpg\" alt=\"iltis2\" width=\"300\" height=\"214\" srcset=\"https:\/\/www.teufelsfelsen.de\/de\/wp-content\/uploads\/sites\/2\/2013\/09\/iltis2-300x214.jpg 300w, https:\/\/www.teufelsfelsen.de\/de\/wp-content\/uploads\/sites\/2\/2013\/09\/iltis2.jpg 400w\" sizes=\"auto, (max-width: 300px) 100vw, 300px\" \/><\/a> <\/span><\/span><\/p>\n<p style=\"text-align: center\" align=\"center\"><span style=\"text-decoration: underline\"><span style=\"font-family: Comic Sans MS;font-size: large\"><a href=\"https:\/\/www.teufelsfelsen.de\/de\/wp-content\/uploads\/sites\/2\/2013\/09\/iltis3.jpg\"><img loading=\"lazy\" decoding=\"async\" class=\"alignnone size-medium wp-image-909\" src=\"https:\/\/www.teufelsfelsen.de\/de\/wp-content\/uploads\/sites\/2\/2013\/09\/iltis3-214x300.jpg\" alt=\"iltis3\" width=\"214\" height=\"300\" srcset=\"https:\/\/www.teufelsfelsen.de\/de\/wp-content\/uploads\/sites\/2\/2013\/09\/iltis3-214x300.jpg 214w, https:\/\/www.teufelsfelsen.de\/de\/wp-content\/uploads\/sites\/2\/2013\/09\/iltis3.jpg 286w\" sizes=\"auto, (max-width: 214px) 100vw, 214px\" \/><\/a><\/span><\/span><\/p>\n<p style=\"text-align: center\" align=\"center\"><span style=\"font-family: Comic Sans MS;font-size: large\">\u00a0<\/span><\/p>\n","protected":false},"excerpt":{"rendered":"<p>Zwergteckelwelpen \u00a0JCh.of.CH. DTK 2007 \/ WUT-JCh 2007 D-JCh VDH 2008\u00a0 \/ LJS DWH 2008 D-JCh DTK 2008 \/ LS S\u00fcdbayern 2008 Brabo Winner 2009 \/ LS DCN 2009 WUT-Ch 2009 \/\u00a0 D-Ch VDH 2009 Siska vom Teufelsfelsen \u00a0Rauhhaar: rot (d\u00fcrrlaubfarben) PRA \/\u00a0Katarakt frei Leistungszeichen: SFK \/ StiJ \u00a0Formerwert: V1 VDH-CAC\/J, &#8230;<\/p>\n","protected":false},"author":4,"featured_media":0,"parent":0,"menu_order":0,"comment_status":"closed","ping_status":"closed","template":"","meta":{"footnotes":""},"class_list":["post-900","page","type-page","status-publish","hentry"],"_links":{"self":[{"href":"https:\/\/www.teufelsfelsen.de\/de\/wp-json\/wp\/v2\/pages\/900","targetHints":{"allow":["GET"]}}],"collection":[{"href":"https:\/\/www.teufelsfelsen.de\/de\/wp-json\/wp\/v2\/pages"}],"about":[{"href":"https:\/\/www.teufelsfelsen.de\/de\/wp-json\/wp\/v2\/types\/page"}],"author":[{"embeddable":true,"href":"https:\/\/www.teufelsfelsen.de\/de\/wp-json\/wp\/v2\/users\/4"}],"replies":[{"embeddable":true,"href":"https:\/\/www.teufelsfelsen.de\/de\/wp-json\/wp\/v2\/comments?post=900"}],"version-history":[{"count":1,"href":"https:\/\/www.teufelsfelsen.de\/de\/wp-json\/wp\/v2\/pages\/900\/revisions"}],"predecessor-version":[{"id":2046,"href":"https:\/\/www.teufelsfelsen.de\/de\/wp-json\/wp\/v2\/pages\/900\/revisions\/2046"}],"wp:attachment":[{"href":"https:\/\/www.teufelsfelsen.de\/de\/wp-json\/wp\/v2\/media?parent=900"}],"curies":[{"name":"wp","href":"https:\/\/api.w.org\/{rel}","templated":true}]}}