{"id":954,"date":"2013-09-26T22:03:28","date_gmt":"2013-09-26T20:03:28","guid":{"rendered":"http:\/\/teufelsfelsen.de\/?page_id=954"},"modified":"2014-04-29T14:20:51","modified_gmt":"2014-04-29T12:20:51","slug":"n2-wurf","status":"publish","type":"page","link":"https:\/\/www.teufelsfelsen.de\/de\/n2-wurf\/","title":{"rendered":"N2-Wurf"},"content":{"rendered":"<p style=\"text-align: center\">Wir haben seit dem 01.12.2010 Kaninchenteckelwelpen<\/p>\n<p style=\"text-align: center\">\u00a0LJS DWH 2008 \/ Schweizer Jugendsieger 2008<\/p>\n<p style=\"text-align: center\">VDH Jugendsieger Leipzig 2008 \/ LJS S\u00fcdbayern 2008<\/p>\n<p style=\"text-align: center\">WUT-JCh 2008 \/\u00a0 CH-JCh SKG 2008<\/p>\n<p style=\"text-align: center\">SDC-JCh 2008 \/ D-JCh DTK 2008<\/p>\n<p style=\"text-align: center\">VDH Jugendsieger Baden-W\u00fcrttemberg 2008<\/p>\n<p style=\"text-align: center\">Brabo Winner 2009 \/ Sieger Th\u00fcringen 2009 \/<\/p>\n<p style=\"text-align: center\">Sieger Lommel 2009 \/ D-Ch VDH 2010 \/<\/p>\n<p style=\"text-align: center\">LS Th\u00fcringen 2010 \/ Schweizer Landessieger 2010 \/<\/p>\n<p style=\"text-align: center\">CH-Ch 2010 \/ D-Ch DTK 2010<\/p>\n<p style=\"text-align: center\">Umbra vom Teufelsfelsen:<\/p>\n<div id=\"attachment_268\" style=\"width: 310px\" class=\"wp-caption alignnone\"><a href=\"https:\/\/www.teufelsfelsen.de\/de\/wp-content\/uploads\/sites\/2\/2013\/09\/umbra_300x200.jpg\"><img loading=\"lazy\" decoding=\"async\" aria-describedby=\"caption-attachment-268\" class=\"size-full wp-image-268\" src=\"https:\/\/www.teufelsfelsen.de\/de\/wp-content\/uploads\/sites\/2\/2013\/09\/umbra_300x200.jpg\" alt=\"Umbra vom Teufelsfelsen\" width=\"300\" height=\"200\" \/><\/a><p id=\"caption-attachment-268\" class=\"wp-caption-text\">Umbra vom Teufelsfelsen<\/p><\/div>\n<p style=\"text-align: center\"><a href=\"https:\/\/www.teufelsfelsen.de\/de\/wp-content\/uploads\/sites\/2\/2013\/09\/umbra.jpg\"><img loading=\"lazy\" decoding=\"async\" class=\"alignnone size-medium wp-image-689\" src=\"https:\/\/www.teufelsfelsen.de\/de\/wp-content\/uploads\/sites\/2\/2013\/09\/umbra-213x300.jpg\" alt=\"umbra\" width=\"213\" height=\"300\" srcset=\"https:\/\/www.teufelsfelsen.de\/de\/wp-content\/uploads\/sites\/2\/2013\/09\/umbra-213x300.jpg 213w, https:\/\/www.teufelsfelsen.de\/de\/wp-content\/uploads\/sites\/2\/2013\/09\/umbra.jpg 285w\" sizes=\"auto, (max-width: 213px) 100vw, 213px\" \/><\/a><\/p>\n<p style=\"text-align: center\">Vater. MCh Wotan vom Rainerschl\u00f6ssl FCI<\/p>\n<p style=\"text-align: center\">Mutter: MCh Isa vom Rainerschl\u00f6ssl FCI<\/p>\n<p style=\"text-align: center\">Rauhhaar braun-rot<\/p>\n<p style=\"text-align: center\">PRA \/ Katarakt frei<\/p>\n<p style=\"text-align: center\">LZ: SFK<\/p>\n<p style=\"text-align: center\">Umbra ist eingemessen mit BU 29 cm<\/p>\n<p style=\"text-align: center\">Wesenstest bestanden<\/p>\n<p style=\"text-align: center\">\u00a0und<\/p>\n<p style=\"text-align: center\">LS Hessen 2011<\/p>\n<p style=\"text-align: center\">LS DCN 2011<\/p>\n<p style=\"text-align: center\">KS DTK 2011<\/p>\n<p style=\"text-align: center\">Tsertus Pumpernikel<\/p>\n<p style=\"text-align: center\"><a href=\"https:\/\/www.teufelsfelsen.de\/de\/wp-content\/uploads\/sites\/2\/2013\/09\/pumpernikel1.jpg\"><img loading=\"lazy\" decoding=\"async\" class=\"alignnone size-medium wp-image-346\" src=\"https:\/\/www.teufelsfelsen.de\/de\/wp-content\/uploads\/sites\/2\/2013\/09\/pumpernikel1-300x199.jpg\" alt=\"pumpernikel1\" width=\"300\" height=\"199\" srcset=\"https:\/\/www.teufelsfelsen.de\/de\/wp-content\/uploads\/sites\/2\/2013\/09\/pumpernikel1-300x199.jpg 300w, https:\/\/www.teufelsfelsen.de\/de\/wp-content\/uploads\/sites\/2\/2013\/09\/pumpernikel1.jpg 329w\" sizes=\"auto, (max-width: 300px) 100vw, 300px\" \/><\/a><\/p>\n<p style=\"text-align: center\">Vater: Multi-Ch Blue Blood for Tsertus Tapsaga<\/p>\n<p style=\"text-align: center\">Mutter: Multi-Ch Alshtadt It\u00b4s Love Story Tsertus<\/p>\n<p style=\"text-align: center\">Rauhhaar saufarben-tiger<\/p>\n<p style=\"text-align: center\">PRA \/ Katarakt frei<\/p>\n<p style=\"text-align: center\">Wesenstest bestanden<\/p>\n<p style=\"text-align: center\">Formwert: vorz\u00fcglich, V1 VDH-CAC, DTK-CAC, LS 2011<\/p>\n<p style=\"text-align: center\">BU 30 cm<\/p>\n<p style=\"text-align: center\">***<\/p>\n<p style=\"text-align: center\" align=\"center\">Umbra hat problemlos 4 Welpen auf die Welt gebracht.<\/p>\n<p style=\"text-align: center\" align=\"center\">Es sind 3 R\u00fcden und 1 H\u00fcndin.<\/p>\n<p style=\"text-align: center\" align=\"center\">Die Farben sind 1 dunkel-saufarbener R\u00fcde und 2 Tigerr\u00fcden. Die H\u00fcndin ist eine Tigerh\u00fcndin.<\/p>\n<p style=\"text-align: center\" align=\"center\">Wir sind sehr stolz auf Umbra, sie hat Ihren ersten Wurf toll gemeistert.<\/p>\n<p style=\"text-align: center\" align=\"center\"><span style=\"text-decoration: underline\">Sie hei\u00dfen:<\/span><\/p>\n<p style=\"text-align: center\" align=\"center\">Nemo vom Teufelsfelsen<\/p>\n<p style=\"text-align: center\" align=\"center\">Noah vom Teufelsfelsen<\/p>\n<p style=\"text-align: center\" align=\"center\">Nestor vom Teufelsfelsen<\/p>\n<p style=\"text-align: center\" align=\"center\">Narnja vom Teufelsfelsen<\/p>\n<p style=\"text-align: center\">neue Bilder vom 28.12.2010:<\/p>\n<p style=\"text-align: center\"><span style=\"text-decoration: underline\"><a href=\"https:\/\/www.teufelsfelsen.de\/de\/wp-content\/uploads\/sites\/2\/2013\/09\/n2_wurf.jpg\"><img loading=\"lazy\" decoding=\"async\" class=\"alignnone size-medium wp-image-955\" src=\"https:\/\/www.teufelsfelsen.de\/de\/wp-content\/uploads\/sites\/2\/2013\/09\/n2_wurf-300x214.jpg\" alt=\"n2_wurf\" width=\"300\" height=\"214\" srcset=\"https:\/\/www.teufelsfelsen.de\/de\/wp-content\/uploads\/sites\/2\/2013\/09\/n2_wurf-300x214.jpg 300w, https:\/\/www.teufelsfelsen.de\/de\/wp-content\/uploads\/sites\/2\/2013\/09\/n2_wurf.jpg 400w\" sizes=\"auto, (max-width: 300px) 100vw, 300px\" \/><\/a><a href=\"https:\/\/www.teufelsfelsen.de\/de\/wp-content\/uploads\/sites\/2\/2013\/09\/n2-1wurf_2.jpg\"><img loading=\"lazy\" decoding=\"async\" class=\"alignnone size-medium wp-image-956\" src=\"https:\/\/www.teufelsfelsen.de\/de\/wp-content\/uploads\/sites\/2\/2013\/09\/n2-1wurf_2-300x214.jpg\" alt=\"n2-1wurf_2\" width=\"300\" height=\"214\" srcset=\"https:\/\/www.teufelsfelsen.de\/de\/wp-content\/uploads\/sites\/2\/2013\/09\/n2-1wurf_2-300x214.jpg 300w, https:\/\/www.teufelsfelsen.de\/de\/wp-content\/uploads\/sites\/2\/2013\/09\/n2-1wurf_2.jpg 400w\" sizes=\"auto, (max-width: 300px) 100vw, 300px\" \/><\/a><\/span><\/p>\n<p style=\"text-align: center\">Nemo vom Teufelsfelsen<\/p>\n<p style=\"text-align: center\"><a href=\"https:\/\/www.teufelsfelsen.de\/de\/wp-content\/uploads\/sites\/2\/2013\/09\/nemo1_1.jpg\"><img loading=\"lazy\" decoding=\"async\" class=\"alignnone size-medium wp-image-961\" src=\"https:\/\/www.teufelsfelsen.de\/de\/wp-content\/uploads\/sites\/2\/2013\/09\/nemo1_1-300x214.jpg\" alt=\"nemo1_1\" width=\"300\" height=\"214\" srcset=\"https:\/\/www.teufelsfelsen.de\/de\/wp-content\/uploads\/sites\/2\/2013\/09\/nemo1_1-300x214.jpg 300w, https:\/\/www.teufelsfelsen.de\/de\/wp-content\/uploads\/sites\/2\/2013\/09\/nemo1_1.jpg 400w\" sizes=\"auto, (max-width: 300px) 100vw, 300px\" \/><\/a> <a href=\"https:\/\/www.teufelsfelsen.de\/de\/wp-content\/uploads\/sites\/2\/2013\/09\/nemo_1.jpg\"><img loading=\"lazy\" decoding=\"async\" class=\"alignnone size-medium wp-image-960\" src=\"https:\/\/www.teufelsfelsen.de\/de\/wp-content\/uploads\/sites\/2\/2013\/09\/nemo_1-300x214.jpg\" alt=\"nemo_1\" width=\"300\" height=\"214\" srcset=\"https:\/\/www.teufelsfelsen.de\/de\/wp-content\/uploads\/sites\/2\/2013\/09\/nemo_1-300x214.jpg 300w, https:\/\/www.teufelsfelsen.de\/de\/wp-content\/uploads\/sites\/2\/2013\/09\/nemo_1.jpg 400w\" sizes=\"auto, (max-width: 300px) 100vw, 300px\" \/><\/a><\/p>\n<p style=\"text-align: center\">Noah vom Teufelsfelsen<\/p>\n<p style=\"text-align: center\"><a href=\"https:\/\/www.teufelsfelsen.de\/de\/wp-content\/uploads\/sites\/2\/2013\/09\/noah.jpg\"><img loading=\"lazy\" decoding=\"async\" class=\"alignnone size-medium wp-image-963\" src=\"https:\/\/www.teufelsfelsen.de\/de\/wp-content\/uploads\/sites\/2\/2013\/09\/noah-300x214.jpg\" alt=\"noah\" width=\"300\" height=\"214\" srcset=\"https:\/\/www.teufelsfelsen.de\/de\/wp-content\/uploads\/sites\/2\/2013\/09\/noah-300x214.jpg 300w, https:\/\/www.teufelsfelsen.de\/de\/wp-content\/uploads\/sites\/2\/2013\/09\/noah.jpg 400w\" sizes=\"auto, (max-width: 300px) 100vw, 300px\" \/><\/a><\/p>\n<p style=\"text-align: center\">Narnja vom Teufelsfelsen<\/p>\n<p style=\"text-align: center\"><a href=\"https:\/\/www.teufelsfelsen.de\/de\/wp-content\/uploads\/sites\/2\/2013\/09\/narnja1.jpg\"><img loading=\"lazy\" decoding=\"async\" class=\"alignnone size-medium wp-image-957\" src=\"https:\/\/www.teufelsfelsen.de\/de\/wp-content\/uploads\/sites\/2\/2013\/09\/narnja1-300x214.jpg\" alt=\"narnja\" width=\"300\" height=\"214\" srcset=\"https:\/\/www.teufelsfelsen.de\/de\/wp-content\/uploads\/sites\/2\/2013\/09\/narnja1-300x214.jpg 300w, https:\/\/www.teufelsfelsen.de\/de\/wp-content\/uploads\/sites\/2\/2013\/09\/narnja1.jpg 400w\" sizes=\"auto, (max-width: 300px) 100vw, 300px\" \/><\/a> <a href=\"https:\/\/www.teufelsfelsen.de\/de\/wp-content\/uploads\/sites\/2\/2013\/09\/narnja1_12.jpg\"><img loading=\"lazy\" decoding=\"async\" class=\"alignnone size-medium wp-image-958\" src=\"https:\/\/www.teufelsfelsen.de\/de\/wp-content\/uploads\/sites\/2\/2013\/09\/narnja1_12-300x214.jpg\" alt=\"narnja1_1\" width=\"300\" height=\"214\" srcset=\"https:\/\/www.teufelsfelsen.de\/de\/wp-content\/uploads\/sites\/2\/2013\/09\/narnja1_12-300x214.jpg 300w, https:\/\/www.teufelsfelsen.de\/de\/wp-content\/uploads\/sites\/2\/2013\/09\/narnja1_12.jpg 400w\" sizes=\"auto, (max-width: 300px) 100vw, 300px\" \/><\/a><\/p>\n<p style=\"text-align: center\">Nestor vom Teufelsfelsen<\/p>\n<p style=\"text-align: center\"><a href=\"https:\/\/www.teufelsfelsen.de\/de\/wp-content\/uploads\/sites\/2\/2013\/09\/nestot1.jpg\"><img loading=\"lazy\" decoding=\"async\" class=\"alignnone size-medium wp-image-962\" src=\"https:\/\/www.teufelsfelsen.de\/de\/wp-content\/uploads\/sites\/2\/2013\/09\/nestot1-300x214.jpg\" alt=\"nestot\" width=\"300\" height=\"214\" srcset=\"https:\/\/www.teufelsfelsen.de\/de\/wp-content\/uploads\/sites\/2\/2013\/09\/nestot1-300x214.jpg 300w, https:\/\/www.teufelsfelsen.de\/de\/wp-content\/uploads\/sites\/2\/2013\/09\/nestot1.jpg 400w\" sizes=\"auto, (max-width: 300px) 100vw, 300px\" \/><\/a><\/p>\n<p style=\"text-align: center\">Neue Bilder von Narnja:<\/p>\n<p style=\"text-align: center\"><a href=\"https:\/\/www.teufelsfelsen.de\/de\/wp-content\/uploads\/sites\/2\/2013\/09\/narnja2_11.jpg\"><img loading=\"lazy\" decoding=\"async\" class=\"alignnone size-medium wp-image-959\" src=\"https:\/\/www.teufelsfelsen.de\/de\/wp-content\/uploads\/sites\/2\/2013\/09\/narnja2_11-291x300.jpg\" alt=\"narnja2_1\" width=\"291\" height=\"300\" srcset=\"https:\/\/www.teufelsfelsen.de\/de\/wp-content\/uploads\/sites\/2\/2013\/09\/narnja2_11-291x300.jpg 291w, https:\/\/www.teufelsfelsen.de\/de\/wp-content\/uploads\/sites\/2\/2013\/09\/narnja2_11.jpg 388w\" sizes=\"auto, (max-width: 291px) 100vw, 291px\" \/><\/a><\/p>\n<p style=\"text-align: center\"><span style=\"text-decoration: underline\">\u00a0<\/span><\/p>\n","protected":false},"excerpt":{"rendered":"<p>Wir haben seit dem 01.12.2010 Kaninchenteckelwelpen \u00a0LJS DWH 2008 \/ Schweizer Jugendsieger 2008 VDH Jugendsieger Leipzig 2008 \/ LJS S\u00fcdbayern 2008 WUT-JCh 2008 \/\u00a0 CH-JCh SKG 2008 SDC-JCh 2008 \/ D-JCh DTK 2008 VDH Jugendsieger Baden-W\u00fcrttemberg 2008 Brabo Winner 2009 \/ Sieger Th\u00fcringen 2009 \/ Sieger Lommel 2009 \/ D-Ch &#8230;<\/p>\n","protected":false},"author":4,"featured_media":0,"parent":0,"menu_order":0,"comment_status":"closed","ping_status":"closed","template":"","meta":{"footnotes":""},"class_list":["post-954","page","type-page","status-publish","hentry"],"_links":{"self":[{"href":"https:\/\/www.teufelsfelsen.de\/de\/wp-json\/wp\/v2\/pages\/954","targetHints":{"allow":["GET"]}}],"collection":[{"href":"https:\/\/www.teufelsfelsen.de\/de\/wp-json\/wp\/v2\/pages"}],"about":[{"href":"https:\/\/www.teufelsfelsen.de\/de\/wp-json\/wp\/v2\/types\/page"}],"author":[{"embeddable":true,"href":"https:\/\/www.teufelsfelsen.de\/de\/wp-json\/wp\/v2\/users\/4"}],"replies":[{"embeddable":true,"href":"https:\/\/www.teufelsfelsen.de\/de\/wp-json\/wp\/v2\/comments?post=954"}],"version-history":[{"count":1,"href":"https:\/\/www.teufelsfelsen.de\/de\/wp-json\/wp\/v2\/pages\/954\/revisions"}],"predecessor-version":[{"id":2034,"href":"https:\/\/www.teufelsfelsen.de\/de\/wp-json\/wp\/v2\/pages\/954\/revisions\/2034"}],"wp:attachment":[{"href":"https:\/\/www.teufelsfelsen.de\/de\/wp-json\/wp\/v2\/media?parent=954"}],"curies":[{"name":"wp","href":"https:\/\/api.w.org\/{rel}","templated":true}]}}