{"id":1602,"date":"2014-01-05T12:55:54","date_gmt":"2014-01-05T10:55:54","guid":{"rendered":"http:\/\/teufelsfelsen.de\/?page_id=1602"},"modified":"2014-04-25T09:16:15","modified_gmt":"2014-04-25T07:16:15","slug":"f3-litter","status":"publish","type":"page","link":"https:\/\/www.teufelsfelsen.de\/en\/f3-litter\/","title":{"rendered":"F3-Litter"},"content":{"rendered":"<p style=\"text-align: center\">03.01.2014\u00a0 &#8211; We have mini wire puppies:<\/p>\n<p style=\"text-align: center\"><a title=\"Siska vom Teufelsfelsen\" href=\"https:\/\/www.teufelsfelsen.de\/en\/siska-vom-teufelsfelsen\/\">Siska vom Teufelsfelsen<\/a><\/p>\n<p style=\"text-align: center\"><a title=\"Siska vom Teufelsfelsen\" href=\"http:\/\/teufelsfelsen.de\/siska-vom-teufelsfelsen\/\"><img loading=\"lazy\" decoding=\"async\" src=\"https:\/\/www.teufelsfelsen.de\/en\/wp-content\/uploads\/sites\/3\/2013\/09\/siska_08_06-300x213.jpg\" alt=\"siska_08_06\" width=\"300\" height=\"213\" \/><\/a><\/p>\n<p style=\"text-align: center\">Jugendsieger Baden-W\u00fcrttemberg 2007<br \/>\nJugendsieger Stuttgart 2007<br \/>\nJugendsieger Limburg 2007<br \/>\nJugendsieger Kortrijk 2007<br \/>\nWelt Union Teckel Jugend Champion 2007<br \/>\nJugend Champion of Champion DTK 2007<br \/>\nOrtenaujugendsieger 2008<br \/>\nDeutscher Jugend Champion VDH 2008<br \/>\nLandesjugendsieger DWH 2008<br \/>\nDeutscher Jugend Champion DTK 2008<br \/>\nLandessieger S\u00fcdbayern 2008<br \/>\nBrabo Winner 2009<br \/>\nLandessieger DCN 2009<br \/>\nWUT-Ch 2009<br \/>\nDeutscher Champion VDH 2009<br \/>\nSDC Landessieger Schweiz 2010<\/p>\n<p style=\"text-align: center\">mother: LJS 05 Emmy vom Brunnenacker FCI<br \/>\nfather: Sweetax Image of Imenso<\/p>\n<p style=\"text-align: center\">mini wire \/ red<\/p>\n<p style=\"text-align: center\">PRA \/ cataract free<\/p>\n<p style=\"text-align: center\">LZ: SFK StiJ<\/p>\n<p style=\"text-align: center\">DNA registered<\/p>\n<p style=\"text-align: center\">passed the character test<\/p>\n<p style=\"text-align: center\">and<\/p>\n<p style=\"text-align: center\"><a title=\"Dago von der Buchenh\u00f6he\" href=\"https:\/\/www.teufelsfelsen.de\/en\/dago-von-der-buchenhohe\/\">Dago von der Buchenh\u00f6he<\/a><\/p>\n<p style=\"text-align: center\"><a href=\"https:\/\/www.teufelsfelsen.de\/en\/wp-content\/uploads\/sites\/3\/2013\/11\/dago1.jpg\"><img loading=\"lazy\" decoding=\"async\" class=\"aligncenter size-medium wp-image-1484\" src=\"https:\/\/www.teufelsfelsen.de\/en\/wp-content\/uploads\/sites\/3\/2013\/11\/dago1-300x224.jpg\" alt=\"dago1\" width=\"300\" height=\"224\" srcset=\"https:\/\/www.teufelsfelsen.de\/en\/wp-content\/uploads\/sites\/3\/2013\/11\/dago1-300x224.jpg 300w, https:\/\/www.teufelsfelsen.de\/en\/wp-content\/uploads\/sites\/3\/2013\/11\/dago1.jpg 403w\" sizes=\"auto, (max-width: 300px) 100vw, 300px\" \/><\/a>D-JCh VDH 2013<br \/>\nD-JCh DTK 2013<br \/>\nWUT-JCh 2013<br \/>\nOrtenau Jugendsieger 2013<br \/>\nLandesjugendsieger DCN 2013<br \/>\nJugendbester Salzburg<br \/>\nNord West Jugendsieger 2013<br \/>\nLandesjugendsieger DWH 2013<\/p>\n<p style=\"text-align: center\">mother: Paula vom Teufelsfelsen<br \/>\nfather: Lauser-Lennart vom Teufelsfelsen<\/p>\n<p style=\"text-align: center\">mini wire male, black-tan<\/p>\n<p style=\"text-align: center\">PRA \/ cataract free<br \/>\nOI free<br \/>\npassed the character test<\/p>\n<p style=\"text-align: center\">excellent<\/p>\n<p style=\"text-align: center\">Siska hat 2 male and one female.<\/p>\n<p style=\"text-align: center\">Felix vom Teufelsfelsen (male black and tan)<br \/>\nFeli vom Teufelsfelsen (female black and tan)<\/p>\n<p style=\"text-align: center\">Friedrich vom Teufelsfelsen (male red) &#8211; unfortunately he died<\/p>\n<p style=\"text-align: center\"><a href=\"https:\/\/www.teufelsfelsen.de\/en\/wp-content\/uploads\/sites\/3\/2014\/01\/Februar-2014-104.jpg\"><img loading=\"lazy\" decoding=\"async\" class=\"aligncenter size-medium wp-image-1755\" src=\"https:\/\/www.teufelsfelsen.de\/en\/wp-content\/uploads\/sites\/3\/2014\/01\/Februar-2014-104-300x140.jpg\" alt=\"Februar 2014 104\" width=\"300\" height=\"140\" srcset=\"https:\/\/www.teufelsfelsen.de\/en\/wp-content\/uploads\/sites\/3\/2014\/01\/Februar-2014-104-300x140.jpg 300w, https:\/\/www.teufelsfelsen.de\/en\/wp-content\/uploads\/sites\/3\/2014\/01\/Februar-2014-104.jpg 708w\" sizes=\"auto, (max-width: 300px) 100vw, 300px\" \/><\/a> <a href=\"https:\/\/www.teufelsfelsen.de\/en\/wp-content\/uploads\/sites\/3\/2014\/01\/25.01.2014-058.jpg\"><img loading=\"lazy\" decoding=\"async\" class=\"aligncenter size-medium wp-image-1754\" src=\"https:\/\/www.teufelsfelsen.de\/en\/wp-content\/uploads\/sites\/3\/2014\/01\/Februar-2014-103-300x198.jpg\" alt=\"Februar 2014 103\" width=\"300\" height=\"198\" srcset=\"https:\/\/www.teufelsfelsen.de\/en\/wp-content\/uploads\/sites\/3\/2014\/01\/Februar-2014-103-300x198.jpg 300w, https:\/\/www.teufelsfelsen.de\/en\/wp-content\/uploads\/sites\/3\/2014\/01\/Februar-2014-103.jpg 767w\" sizes=\"auto, (max-width: 300px) 100vw, 300px\" \/><img loading=\"lazy\" decoding=\"async\" class=\"aligncenter size-medium wp-image-1688\" src=\"https:\/\/www.teufelsfelsen.de\/en\/wp-content\/uploads\/sites\/3\/2014\/01\/25.01.2014-058-300x198.jpg\" alt=\"25.01.2014 058\" width=\"300\" height=\"198\" srcset=\"https:\/\/www.teufelsfelsen.de\/en\/wp-content\/uploads\/sites\/3\/2014\/01\/25.01.2014-058-300x198.jpg 300w, https:\/\/www.teufelsfelsen.de\/en\/wp-content\/uploads\/sites\/3\/2014\/01\/25.01.2014-058.jpg 923w\" sizes=\"auto, (max-width: 300px) 100vw, 300px\" \/><\/a>New Pictures of Felix:<\/p>\n\n\t\t<div id='gallery-1' class='gallery galleryid-1602 gallery-columns-3 gallery-size-thumbnail gallery-link-file'><figure class='gallery-item'>\n\t\t\t<span class='gallery-icon'>\n\t\t\t\t<a rel='attachment' href='https:\/\/www.teufelsfelsen.de\/en\/wp-content\/uploads\/sites\/3\/2014\/01\/Februar-2014-062.jpg'><img loading=\"lazy\" decoding=\"async\" width=\"150\" height=\"150\" src=\"https:\/\/www.teufelsfelsen.de\/en\/wp-content\/uploads\/sites\/3\/2014\/01\/Februar-2014-062-150x150.jpg\" class=\"attachment-thumbnail size-thumbnail\" alt=\"\" \/><\/a>\n\t\t\t<\/span><\/figure><figure class='gallery-item'>\n\t\t\t<span class='gallery-icon'>\n\t\t\t\t<a rel='attachment' href='https:\/\/www.teufelsfelsen.de\/en\/wp-content\/uploads\/sites\/3\/2014\/01\/Februar-2014-065.jpg'><img loading=\"lazy\" decoding=\"async\" width=\"150\" height=\"150\" src=\"https:\/\/www.teufelsfelsen.de\/en\/wp-content\/uploads\/sites\/3\/2014\/01\/Februar-2014-065-150x150.jpg\" class=\"attachment-thumbnail size-thumbnail\" alt=\"\" \/><\/a>\n\t\t\t<\/span><\/figure><figure class='gallery-item'>\n\t\t\t<span class='gallery-icon'>\n\t\t\t\t<a rel='attachment' href='https:\/\/www.teufelsfelsen.de\/en\/wp-content\/uploads\/sites\/3\/2014\/01\/Februar-2014-070.jpg'><img loading=\"lazy\" decoding=\"async\" width=\"150\" height=\"150\" src=\"https:\/\/www.teufelsfelsen.de\/en\/wp-content\/uploads\/sites\/3\/2014\/01\/Februar-2014-070-150x150.jpg\" class=\"attachment-thumbnail size-thumbnail\" alt=\"\" \/><\/a>\n\t\t\t<\/span><\/figure><br style=\"clear: both\" \/>\n\t\t\t<div class='clear'><\/div>\n\t\t<\/div>\n\n<p style=\"text-align: center\">\u00a0<em>To see the pictures, please klick on it.<br \/>\n<\/em><\/p>\n<p style=\"text-align: center\">New Pictures of Feli:<\/p>\n\n\t\t<div id='gallery-2' class='gallery galleryid-1602 gallery-columns-5 gallery-size-thumbnail gallery-link-file'><figure class='gallery-item'>\n\t\t\t<span class='gallery-icon'>\n\t\t\t\t<a rel='attachment' href='https:\/\/www.teufelsfelsen.de\/en\/wp-content\/uploads\/sites\/3\/2014\/01\/Februar-2014-089.jpg'><img loading=\"lazy\" decoding=\"async\" width=\"150\" height=\"150\" src=\"https:\/\/www.teufelsfelsen.de\/en\/wp-content\/uploads\/sites\/3\/2014\/01\/Februar-2014-089-150x150.jpg\" class=\"attachment-thumbnail size-thumbnail\" alt=\"\" \/><\/a>\n\t\t\t<\/span><\/figure><figure class='gallery-item'>\n\t\t\t<span class='gallery-icon'>\n\t\t\t\t<a rel='attachment' href='https:\/\/www.teufelsfelsen.de\/en\/wp-content\/uploads\/sites\/3\/2014\/01\/Februar-2014-093.jpg'><img loading=\"lazy\" decoding=\"async\" width=\"150\" height=\"150\" src=\"https:\/\/www.teufelsfelsen.de\/en\/wp-content\/uploads\/sites\/3\/2014\/01\/Februar-2014-093-150x150.jpg\" class=\"attachment-thumbnail size-thumbnail\" alt=\"\" \/><\/a>\n\t\t\t<\/span><\/figure><figure class='gallery-item'>\n\t\t\t<span class='gallery-icon'>\n\t\t\t\t<a rel='attachment' href='https:\/\/www.teufelsfelsen.de\/en\/wp-content\/uploads\/sites\/3\/2014\/01\/Februar-2014-095.jpg'><img loading=\"lazy\" decoding=\"async\" width=\"150\" height=\"150\" src=\"https:\/\/www.teufelsfelsen.de\/en\/wp-content\/uploads\/sites\/3\/2014\/01\/Februar-2014-095-150x150.jpg\" class=\"attachment-thumbnail size-thumbnail\" alt=\"\" srcset=\"https:\/\/www.teufelsfelsen.de\/en\/wp-content\/uploads\/sites\/3\/2014\/01\/Februar-2014-095-150x150.jpg 150w, https:\/\/www.teufelsfelsen.de\/en\/wp-content\/uploads\/sites\/3\/2014\/01\/Februar-2014-095-575x576.jpg 575w\" sizes=\"auto, (max-width: 150px) 100vw, 150px\" \/><\/a>\n\t\t\t<\/span><\/figure><figure class='gallery-item'>\n\t\t\t<span class='gallery-icon'>\n\t\t\t\t<a rel='attachment' href='https:\/\/www.teufelsfelsen.de\/en\/wp-content\/uploads\/sites\/3\/2014\/01\/Februar-2014-096.jpg'><img loading=\"lazy\" decoding=\"async\" width=\"150\" height=\"150\" src=\"https:\/\/www.teufelsfelsen.de\/en\/wp-content\/uploads\/sites\/3\/2014\/01\/Februar-2014-096-150x150.jpg\" class=\"attachment-thumbnail size-thumbnail\" alt=\"\" \/><\/a>\n\t\t\t<\/span><\/figure><figure class='gallery-item'>\n\t\t\t<span class='gallery-icon'>\n\t\t\t\t<a rel='attachment' href='https:\/\/www.teufelsfelsen.de\/en\/wp-content\/uploads\/sites\/3\/2014\/01\/Februar-2014-099.jpg'><img loading=\"lazy\" decoding=\"async\" width=\"150\" height=\"150\" src=\"https:\/\/www.teufelsfelsen.de\/en\/wp-content\/uploads\/sites\/3\/2014\/01\/Februar-2014-099-150x150.jpg\" class=\"attachment-thumbnail size-thumbnail\" alt=\"\" \/><\/a>\n\t\t\t<\/span><\/figure><br style=\"clear: both\" \/>\n\t\t\t<div class='clear'><\/div>\n\t\t<\/div>\n\n<p style=\"text-align: center\">\u00a0<em>Die Bilder k\u00f6nnen durch anklicken vergr\u00f6\u00dfert werden!<\/em><\/p>\n<p style=\"text-align: center\">After 21 days:<\/p>\n\n\t\t<div id='gallery-3' class='gallery galleryid-1602 gallery-columns-3 gallery-size-thumbnail gallery-link-file'><figure class='gallery-item'>\n\t\t\t<span class='gallery-icon'>\n\t\t\t\t<a rel='attachment' href='https:\/\/www.teufelsfelsen.de\/en\/wp-content\/uploads\/sites\/3\/2014\/01\/25.01.2014-003.jpg'><img loading=\"lazy\" decoding=\"async\" width=\"150\" height=\"150\" src=\"https:\/\/www.teufelsfelsen.de\/en\/wp-content\/uploads\/sites\/3\/2014\/01\/25.01.2014-003-150x150.jpg\" class=\"attachment-thumbnail size-thumbnail\" alt=\"\" \/><\/a>\n\t\t\t<\/span><\/figure><figure class='gallery-item'>\n\t\t\t<span class='gallery-icon'>\n\t\t\t\t<a rel='attachment' href='https:\/\/www.teufelsfelsen.de\/en\/wp-content\/uploads\/sites\/3\/2014\/01\/25.01.2014-053.jpg'><img loading=\"lazy\" decoding=\"async\" width=\"150\" height=\"150\" src=\"https:\/\/www.teufelsfelsen.de\/en\/wp-content\/uploads\/sites\/3\/2014\/01\/25.01.2014-053-150x150.jpg\" class=\"attachment-thumbnail size-thumbnail\" alt=\"\" \/><\/a>\n\t\t\t<\/span><\/figure><figure class='gallery-item'>\n\t\t\t<span class='gallery-icon'>\n\t\t\t\t<a rel='attachment' href='https:\/\/www.teufelsfelsen.de\/en\/wp-content\/uploads\/sites\/3\/2014\/01\/25.01.2014-058.jpg'><img loading=\"lazy\" decoding=\"async\" width=\"150\" height=\"150\" src=\"https:\/\/www.teufelsfelsen.de\/en\/wp-content\/uploads\/sites\/3\/2014\/01\/25.01.2014-058-150x150.jpg\" class=\"attachment-thumbnail size-thumbnail\" alt=\"\" \/><\/a>\n\t\t\t<\/span><\/figure><br style=\"clear: both\" \/><figure class='gallery-item'>\n\t\t\t<span class='gallery-icon'>\n\t\t\t\t<a rel='attachment' href='https:\/\/www.teufelsfelsen.de\/en\/wp-content\/uploads\/sites\/3\/2014\/01\/25.01.2014-055.jpg'><img loading=\"lazy\" decoding=\"async\" width=\"150\" height=\"150\" src=\"https:\/\/www.teufelsfelsen.de\/en\/wp-content\/uploads\/sites\/3\/2014\/01\/25.01.2014-055-150x150.jpg\" class=\"attachment-thumbnail size-thumbnail\" alt=\"\" \/><\/a>\n\t\t\t<\/span><\/figure><figure class='gallery-item'>\n\t\t\t<span class='gallery-icon'>\n\t\t\t\t<a rel='attachment' href='https:\/\/www.teufelsfelsen.de\/en\/wp-content\/uploads\/sites\/3\/2014\/01\/25.01.2014-072.jpg'><img loading=\"lazy\" decoding=\"async\" width=\"150\" height=\"150\" src=\"https:\/\/www.teufelsfelsen.de\/en\/wp-content\/uploads\/sites\/3\/2014\/01\/25.01.2014-072-150x150.jpg\" class=\"attachment-thumbnail size-thumbnail\" alt=\"\" \/><\/a>\n\t\t\t<\/span><\/figure><figure class='gallery-item'>\n\t\t\t<span class='gallery-icon'>\n\t\t\t\t<a rel='attachment' href='https:\/\/www.teufelsfelsen.de\/en\/wp-content\/uploads\/sites\/3\/2014\/01\/25.01.2014-074.jpg'><img loading=\"lazy\" decoding=\"async\" width=\"150\" height=\"150\" src=\"https:\/\/www.teufelsfelsen.de\/en\/wp-content\/uploads\/sites\/3\/2014\/01\/25.01.2014-074-150x150.jpg\" class=\"attachment-thumbnail size-thumbnail\" alt=\"\" \/><\/a>\n\t\t\t<\/span><\/figure><br style=\"clear: both\" \/><figure class='gallery-item'>\n\t\t\t<span class='gallery-icon'>\n\t\t\t\t<a rel='attachment' href='https:\/\/www.teufelsfelsen.de\/en\/wp-content\/uploads\/sites\/3\/2014\/01\/25.01.2014-076.jpg'><img loading=\"lazy\" decoding=\"async\" width=\"150\" height=\"150\" src=\"https:\/\/www.teufelsfelsen.de\/en\/wp-content\/uploads\/sites\/3\/2014\/01\/25.01.2014-076-150x150.jpg\" class=\"attachment-thumbnail size-thumbnail\" alt=\"\" \/><\/a>\n\t\t\t<\/span><\/figure><figure class='gallery-item'>\n\t\t\t<span class='gallery-icon'>\n\t\t\t\t<a rel='attachment' href='https:\/\/www.teufelsfelsen.de\/en\/wp-content\/uploads\/sites\/3\/2014\/01\/25.01.2014-078.jpg'><img loading=\"lazy\" decoding=\"async\" width=\"150\" height=\"150\" src=\"https:\/\/www.teufelsfelsen.de\/en\/wp-content\/uploads\/sites\/3\/2014\/01\/25.01.2014-078-150x150.jpg\" class=\"attachment-thumbnail size-thumbnail\" alt=\"\" \/><\/a>\n\t\t\t<\/span><\/figure>\n\t\t\t<div class='clear'><\/div>\n\t\t<\/div>\n\n<p style=\"text-align: center\"><span style=\"color: #c0c0c0\"><em>\u00a0<em>To see the pictures, please klick on it.<\/em><\/em><\/span><\/p>\n\n\t\t<div id='gallery-4' class='gallery galleryid-1602 gallery-columns-3 gallery-size-thumbnail gallery-link-file'><figure class='gallery-item'>\n\t\t\t<span class='gallery-icon'>\n\t\t\t\t<a rel='attachment' href='https:\/\/www.teufelsfelsen.de\/en\/wp-content\/uploads\/sites\/3\/2014\/01\/F3-Wurf_home.jpg'><img loading=\"lazy\" decoding=\"async\" width=\"150\" height=\"150\" src=\"https:\/\/www.teufelsfelsen.de\/en\/wp-content\/uploads\/sites\/3\/2014\/01\/F3-Wurf_home-150x150.jpg\" class=\"attachment-thumbnail size-thumbnail\" alt=\"\" \/><\/a>\n\t\t\t<\/span><\/figure><figure class='gallery-item'>\n\t\t\t<span class='gallery-icon'>\n\t\t\t\t<a rel='attachment' href='https:\/\/www.teufelsfelsen.de\/en\/wp-content\/uploads\/sites\/3\/2014\/01\/F3-Wurf.jpg'><img loading=\"lazy\" decoding=\"async\" width=\"150\" height=\"150\" src=\"https:\/\/www.teufelsfelsen.de\/en\/wp-content\/uploads\/sites\/3\/2014\/01\/F3-Wurf-150x150.jpg\" class=\"attachment-thumbnail size-thumbnail\" alt=\"\" \/><\/a>\n\t\t\t<\/span><\/figure><figure class='gallery-item'>\n\t\t\t<span class='gallery-icon'>\n\t\t\t\t<a rel='attachment' href='https:\/\/www.teufelsfelsen.de\/en\/wp-content\/uploads\/sites\/3\/2014\/01\/F3-2-Wurf.jpg'><img loading=\"lazy\" decoding=\"async\" width=\"150\" height=\"150\" src=\"https:\/\/www.teufelsfelsen.de\/en\/wp-content\/uploads\/sites\/3\/2014\/01\/F3-2-Wurf-150x150.jpg\" class=\"attachment-thumbnail size-thumbnail\" alt=\"\" \/><\/a>\n\t\t\t<\/span><\/figure><br style=\"clear: both\" \/><figure class='gallery-item'>\n\t\t\t<span class='gallery-icon'>\n\t\t\t\t<a rel='attachment' href='https:\/\/www.teufelsfelsen.de\/en\/wp-content\/uploads\/sites\/3\/2014\/01\/F3_4-Wurf.jpg'><img loading=\"lazy\" decoding=\"async\" width=\"150\" height=\"150\" src=\"https:\/\/www.teufelsfelsen.de\/en\/wp-content\/uploads\/sites\/3\/2014\/01\/F3_4-Wurf-150x150.jpg\" class=\"attachment-thumbnail size-thumbnail\" alt=\"\" \/><\/a>\n\t\t\t<\/span><\/figure><figure class='gallery-item'>\n\t\t\t<span class='gallery-icon'>\n\t\t\t\t<a rel='attachment' href='https:\/\/www.teufelsfelsen.de\/en\/wp-content\/uploads\/sites\/3\/2014\/01\/F3_1-Wurf.jpg'><img loading=\"lazy\" decoding=\"async\" width=\"150\" height=\"150\" src=\"https:\/\/www.teufelsfelsen.de\/en\/wp-content\/uploads\/sites\/3\/2014\/01\/F3_1-Wurf-150x150.jpg\" class=\"attachment-thumbnail size-thumbnail\" alt=\"\" \/><\/a>\n\t\t\t<\/span><\/figure><figure class='gallery-item'>\n\t\t\t<span class='gallery-icon'>\n\t\t\t\t<a rel='attachment' href='https:\/\/www.teufelsfelsen.de\/en\/wp-content\/uploads\/sites\/3\/2014\/01\/F3_3-Wurf.jpg'><img loading=\"lazy\" decoding=\"async\" width=\"150\" height=\"150\" src=\"https:\/\/www.teufelsfelsen.de\/en\/wp-content\/uploads\/sites\/3\/2014\/01\/F3_3-Wurf-150x150.jpg\" class=\"attachment-thumbnail size-thumbnail\" alt=\"\" \/><\/a>\n\t\t\t<\/span><\/figure><br style=\"clear: both\" \/><figure class='gallery-item'>\n\t\t\t<span class='gallery-icon'>\n\t\t\t\t<a rel='attachment' href='https:\/\/www.teufelsfelsen.de\/en\/wp-content\/uploads\/sites\/3\/2014\/01\/IMG-20140104-WA0000.jpg'><img loading=\"lazy\" decoding=\"async\" width=\"150\" height=\"150\" src=\"https:\/\/www.teufelsfelsen.de\/en\/wp-content\/uploads\/sites\/3\/2014\/01\/IMG-20140104-WA0000-150x150.jpg\" class=\"attachment-thumbnail size-thumbnail\" alt=\"\" \/><\/a>\n\t\t\t<\/span><\/figure><figure class='gallery-item'>\n\t\t\t<span class='gallery-icon'>\n\t\t\t\t<a rel='attachment' href='https:\/\/www.teufelsfelsen.de\/en\/wp-content\/uploads\/sites\/3\/2014\/01\/IMG-20140104-WA0001.jpg'><img loading=\"lazy\" decoding=\"async\" width=\"150\" height=\"150\" src=\"https:\/\/www.teufelsfelsen.de\/en\/wp-content\/uploads\/sites\/3\/2014\/01\/IMG-20140104-WA0001-150x150.jpg\" class=\"attachment-thumbnail size-thumbnail\" alt=\"\" \/><\/a>\n\t\t\t<\/span><\/figure><figure class='gallery-item'>\n\t\t\t<span class='gallery-icon'>\n\t\t\t\t<a rel='attachment' href='https:\/\/www.teufelsfelsen.de\/en\/wp-content\/uploads\/sites\/3\/2014\/01\/IMG-20140104-WA0002.jpg'><img loading=\"lazy\" decoding=\"async\" width=\"150\" height=\"150\" src=\"https:\/\/www.teufelsfelsen.de\/en\/wp-content\/uploads\/sites\/3\/2014\/01\/IMG-20140104-WA0002-150x150.jpg\" class=\"attachment-thumbnail size-thumbnail\" alt=\"\" \/><\/a>\n\t\t\t<\/span><\/figure><br style=\"clear: both\" \/><figure class='gallery-item'>\n\t\t\t<span class='gallery-icon'>\n\t\t\t\t<a rel='attachment' href='https:\/\/www.teufelsfelsen.de\/en\/wp-content\/uploads\/sites\/3\/2014\/01\/IMG-20140104-WA0003.jpg'><img loading=\"lazy\" decoding=\"async\" width=\"150\" height=\"150\" src=\"https:\/\/www.teufelsfelsen.de\/en\/wp-content\/uploads\/sites\/3\/2014\/01\/IMG-20140104-WA0003-150x150.jpg\" class=\"attachment-thumbnail size-thumbnail\" alt=\"\" \/><\/a>\n\t\t\t<\/span><\/figure><figure class='gallery-item'>\n\t\t\t<span class='gallery-icon'>\n\t\t\t\t<a rel='attachment' href='https:\/\/www.teufelsfelsen.de\/en\/wp-content\/uploads\/sites\/3\/2014\/01\/IMG-20140104-WA0004.jpg'><img loading=\"lazy\" decoding=\"async\" width=\"150\" height=\"150\" src=\"https:\/\/www.teufelsfelsen.de\/en\/wp-content\/uploads\/sites\/3\/2014\/01\/IMG-20140104-WA0004-150x150.jpg\" class=\"attachment-thumbnail size-thumbnail\" alt=\"\" \/><\/a>\n\t\t\t<\/span><\/figure><figure class='gallery-item'>\n\t\t\t<span class='gallery-icon'>\n\t\t\t\t<a rel='attachment' href='https:\/\/www.teufelsfelsen.de\/en\/wp-content\/uploads\/sites\/3\/2014\/01\/IMG-20140104-WA0005.jpg'><img loading=\"lazy\" decoding=\"async\" width=\"150\" height=\"150\" src=\"https:\/\/www.teufelsfelsen.de\/en\/wp-content\/uploads\/sites\/3\/2014\/01\/IMG-20140104-WA0005-150x150.jpg\" class=\"attachment-thumbnail size-thumbnail\" alt=\"\" \/><\/a>\n\t\t\t<\/span><\/figure><br style=\"clear: both\" \/><figure class='gallery-item'>\n\t\t\t<span class='gallery-icon'>\n\t\t\t\t<a rel='attachment' href='https:\/\/www.teufelsfelsen.de\/en\/wp-content\/uploads\/sites\/3\/2014\/01\/IMG-20140104-WA0006.jpg'><img loading=\"lazy\" decoding=\"async\" width=\"150\" height=\"150\" src=\"https:\/\/www.teufelsfelsen.de\/en\/wp-content\/uploads\/sites\/3\/2014\/01\/IMG-20140104-WA0006-150x150.jpg\" class=\"attachment-thumbnail size-thumbnail\" alt=\"\" \/><\/a>\n\t\t\t<\/span><\/figure><figure class='gallery-item'>\n\t\t\t<span class='gallery-icon'>\n\t\t\t\t<a rel='attachment' href='https:\/\/www.teufelsfelsen.de\/en\/wp-content\/uploads\/sites\/3\/2014\/01\/IMG-20140104-WA0007.jpg'><img loading=\"lazy\" decoding=\"async\" width=\"150\" height=\"150\" src=\"https:\/\/www.teufelsfelsen.de\/en\/wp-content\/uploads\/sites\/3\/2014\/01\/IMG-20140104-WA0007-150x150.jpg\" class=\"attachment-thumbnail size-thumbnail\" alt=\"\" \/><\/a>\n\t\t\t<\/span><\/figure>\n\t\t\t<div class='clear'><\/div>\n\t\t<\/div>\n\n<p style=\"text-align: center\">\u00a0<em>To see the pictures, please klick on it.<\/em><\/p>\n","protected":false},"excerpt":{"rendered":"<p>03.01.2014\u00a0 &#8211; We have mini wire puppies: Siska vom Teufelsfelsen Jugendsieger Baden-W\u00fcrttemberg 2007 Jugendsieger Stuttgart 2007 Jugendsieger Limburg 2007 Jugendsieger Kortrijk 2007 Welt Union Teckel Jugend Champion 2007 Jugend Champion of Champion DTK 2007 Ortenaujugendsieger 2008 Deutscher Jugend Champion VDH 2008 Landesjugendsieger DWH 2008 Deutscher Jugend Champion DTK 2008 Landessieger &#8230;<\/p>\n","protected":false},"author":4,"featured_media":0,"parent":0,"menu_order":0,"comment_status":"closed","ping_status":"closed","template":"","meta":{"footnotes":""},"class_list":["post-1602","page","type-page","status-publish","hentry"],"_links":{"self":[{"href":"https:\/\/www.teufelsfelsen.de\/en\/wp-json\/wp\/v2\/pages\/1602","targetHints":{"allow":["GET"]}}],"collection":[{"href":"https:\/\/www.teufelsfelsen.de\/en\/wp-json\/wp\/v2\/pages"}],"about":[{"href":"https:\/\/www.teufelsfelsen.de\/en\/wp-json\/wp\/v2\/types\/page"}],"author":[{"embeddable":true,"href":"https:\/\/www.teufelsfelsen.de\/en\/wp-json\/wp\/v2\/users\/4"}],"replies":[{"embeddable":true,"href":"https:\/\/www.teufelsfelsen.de\/en\/wp-json\/wp\/v2\/comments?post=1602"}],"version-history":[{"count":4,"href":"https:\/\/www.teufelsfelsen.de\/en\/wp-json\/wp\/v2\/pages\/1602\/revisions"}],"predecessor-version":[{"id":2225,"href":"https:\/\/www.teufelsfelsen.de\/en\/wp-json\/wp\/v2\/pages\/1602\/revisions\/2225"}],"wp:attachment":[{"href":"https:\/\/www.teufelsfelsen.de\/en\/wp-json\/wp\/v2\/media?parent=1602"}],"curies":[{"name":"wp","href":"https:\/\/api.w.org\/{rel}","templated":true}]}}