{"id":290,"date":"2013-09-11T15:03:01","date_gmt":"2013-09-11T13:03:01","guid":{"rendered":"http:\/\/teufelsfelsen.de\/?page_id=290"},"modified":"2014-04-21T12:20:47","modified_gmt":"2014-04-21T10:20:47","slug":"viktoria-vom-teufelsfelsen","status":"publish","type":"page","link":"https:\/\/www.teufelsfelsen.de\/en\/viktoria-vom-teufelsfelsen\/","title":{"rendered":"Viktoria vom Teufelsfelsen"},"content":{"rendered":"<p>mini-wire, brown<a href=\"https:\/\/www.teufelsfelsen.de\/en\/wp-content\/uploads\/sites\/3\/2013\/09\/viktoria.jpg\"><img loading=\"lazy\" decoding=\"async\" class=\"size-medium wp-image-292 alignright\" src=\"https:\/\/www.teufelsfelsen.de\/en\/wp-content\/uploads\/sites\/3\/2013\/09\/viktoria-300x216.jpg\" alt=\"viktoria\" width=\"300\" height=\"216\" srcset=\"https:\/\/www.teufelsfelsen.de\/en\/wp-content\/uploads\/sites\/3\/2013\/09\/viktoria-300x216.jpg 300w, https:\/\/www.teufelsfelsen.de\/en\/wp-content\/uploads\/sites\/3\/2013\/09\/viktoria.jpg 600w\" sizes=\"auto, (max-width: 300px) 100vw, 300px\" \/><\/a><\/p>\n<p>PRA \/ cataract free (12.03.2012)<\/p>\n<p>DNA registered<\/p>\n<p>father: MCh Dalamanek Valentinka<br \/>\nmother: MCh Sindy vom Rainerschl\u00f6ssl FCI<\/p>\n<p>Titel:<\/p>\n<p><b><b>WUT-JCh 2008<\/b><\/b><a href=\"https:\/\/www.teufelsfelsen.de\/en\/wp-content\/uploads\/sites\/3\/2013\/09\/vicktoria08.jpg\"><img loading=\"lazy\" decoding=\"async\" class=\"size-medium wp-image-291 alignright\" src=\"https:\/\/www.teufelsfelsen.de\/en\/wp-content\/uploads\/sites\/3\/2013\/09\/vicktoria08-300x213.jpg\" alt=\"vicktoria08\" width=\"300\" height=\"213\" srcset=\"https:\/\/www.teufelsfelsen.de\/en\/wp-content\/uploads\/sites\/3\/2013\/09\/vicktoria08-300x213.jpg 300w, https:\/\/www.teufelsfelsen.de\/en\/wp-content\/uploads\/sites\/3\/2013\/09\/vicktoria08.jpg 400w\" sizes=\"auto, (max-width: 300px) 100vw, 300px\" \/><\/a><br \/>\nLandesjugendsieger SDC 2008<br \/>\nLandesjugendsieger Nordbayern 2008<br \/>\nSchweizer Sch\u00f6nheits Jugendchampion SKG 2008<br \/>\nWelt Union Teckel Jugendchampion 2008<br \/>\nVDH Jugendsieger Baden-W\u00fcrttemberg 2008<br \/>\nVDH Jugendsieger Stuttgart 2008<br \/>\nSDC-Jugendchampion 2008<br \/>\nSieger Lommel 2009<br \/>\nLandessieger DWH 2009<br \/>\nBelgischer Champion 2010<br \/>\nDeutscher Champion VDH 2010<br \/>\nSchweizer Sch\u00f6nheitschampion SKG 2010<br \/>\nLandessieger DWH 2010<br \/>\nDeutscher Champion DTK 2010<br \/>\nLandessieger Rheinland-Pfalz \/ Saarland 2011<\/p>\n<p>Viktorias Litter:<\/p>\n<p><a title=\"H2-litter\" href=\"https:\/\/www.teufelsfelsen.de\/en\/H2-litter\/\">H2-Litter<\/a><\/p>\n<p><a title=\"X2-litter\" href=\"https:\/\/www.teufelsfelsen.de\/en\/x2-litter\/\">X2-Litter<\/a><\/p>\n<p><a title=\"C3-litter\" href=\"https:\/\/www.teufelsfelsen.de\/en\/c3-litter\/\">C3-Litter<\/a><\/p>\n","protected":false},"excerpt":{"rendered":"<p>mini-wire, brown PRA \/ cataract free (12.03.2012) DNA registered father: MCh Dalamanek Valentinka mother: MCh Sindy vom Rainerschl\u00f6ssl FCI Titel: WUT-JCh 2008 Landesjugendsieger SDC 2008 Landesjugendsieger Nordbayern 2008 Schweizer Sch\u00f6nheits Jugendchampion SKG 2008 Welt Union Teckel Jugendchampion 2008 VDH Jugendsieger Baden-W\u00fcrttemberg 2008 VDH Jugendsieger Stuttgart 2008 SDC-Jugendchampion 2008 Sieger Lommel &#8230;<\/p>\n","protected":false},"author":4,"featured_media":0,"parent":0,"menu_order":0,"comment_status":"closed","ping_status":"closed","template":"","meta":{"footnotes":""},"class_list":["post-290","page","type-page","status-publish","hentry"],"_links":{"self":[{"href":"https:\/\/www.teufelsfelsen.de\/en\/wp-json\/wp\/v2\/pages\/290","targetHints":{"allow":["GET"]}}],"collection":[{"href":"https:\/\/www.teufelsfelsen.de\/en\/wp-json\/wp\/v2\/pages"}],"about":[{"href":"https:\/\/www.teufelsfelsen.de\/en\/wp-json\/wp\/v2\/types\/page"}],"author":[{"embeddable":true,"href":"https:\/\/www.teufelsfelsen.de\/en\/wp-json\/wp\/v2\/users\/4"}],"replies":[{"embeddable":true,"href":"https:\/\/www.teufelsfelsen.de\/en\/wp-json\/wp\/v2\/comments?post=290"}],"version-history":[{"count":8,"href":"https:\/\/www.teufelsfelsen.de\/en\/wp-json\/wp\/v2\/pages\/290\/revisions"}],"predecessor-version":[{"id":2173,"href":"https:\/\/www.teufelsfelsen.de\/en\/wp-json\/wp\/v2\/pages\/290\/revisions\/2173"}],"wp:attachment":[{"href":"https:\/\/www.teufelsfelsen.de\/en\/wp-json\/wp\/v2\/media?parent=290"}],"curies":[{"name":"wp","href":"https:\/\/api.w.org\/{rel}","templated":true}]}}