{"id":66,"date":"2013-09-09T14:49:22","date_gmt":"2013-09-09T12:49:22","guid":{"rendered":"http:\/\/teufelsfelsen.de\/?page_id=66"},"modified":"2014-05-24T19:14:15","modified_gmt":"2014-05-24T17:14:15","slug":"title","status":"publish","type":"page","link":"https:\/\/www.teufelsfelsen.de\/en\/title\/","title":{"rendered":"Title"},"content":{"rendered":"<h3 style=\"text-align: center\"><strong><span style=\"text-decoration: underline\">Belgian Champion<\/span><\/strong><\/h3>\n<p style=\"text-align: center\">Wotan vom Rainerschl\u00f6ssl FCI<\/p>\n<p style=\"text-align: center\">Justin vom Teufelsfelsen<\/p>\n<p style=\"text-align: center\">Viktoria vom Teufelsfelsen<\/p>\n<h3 style=\"text-align: center\"><strong><span style=\"text-decoration: underline\">Bulgarien Champion<\/span><\/strong><\/h3>\n<p style=\"text-align: center\">Zeus-Zoltan de Buch vom Teufelsfelsen<\/p>\n<h3 style=\"text-align: center\"><span style=\"text-decoration: underline\"><strong>Bundesjugendsieger D+A<\/strong><\/span><\/h3>\n<p style=\"text-align: center\">Wotan vom Rainerschl\u00f6ssl FCI<\/p>\n<p style=\"text-align: center\">Balthasar vom Teufelsfelsen<\/p>\n<p style=\"text-align: center\">Lauser-Lennart vom Teufelsfelsen<\/p>\n<h3 style=\"text-align: center\"><strong><span style=\"text-decoration: underline\">Bundessieger<\/span><\/strong><\/h3>\n<p style=\"text-align: center\">Wotan vom Rainerschl\u00f6ssl FCI<\/p>\n<h3 style=\"text-align: center\"><span style=\"text-decoration: underline\"><strong>Youth Champion of Champion DTK<\/strong><\/span><\/h3>\n<p style=\"text-align: center\">Siska vom Teufelsfelsen<\/p>\n<p style=\"text-align: center\">Greta vom Teufelsfelsen<\/p>\n<p style=\"text-align: center\">Wotan vom Rainerschl\u00f6ssl FCI<\/p>\n<h3 style=\"text-align: center\"><strong><span style=\"text-decoration: underline\">Champion of Champion DTK<\/span><\/strong><\/h3>\n<p style=\"text-align: center\">Wotan vom Rainerschl\u00f6ssl FCI<\/p>\n<h3 style=\"text-align: center\"><strong><span style=\"text-decoration: underline\">Gebrauchssieger (Working)<br \/>\n<\/span><\/strong><\/h3>\n<p style=\"text-align: center\">Elliot vom Teufelsfelsen<\/p>\n<h3 style=\"text-align: center\"><span style=\"text-decoration: underline\"><strong>Youth Champion (D-L-CH)<\/strong><\/span><\/h3>\n<p style=\"text-align: center\">C\u00e4sar vom Teufelsfelsen<\/p>\n<p style=\"text-align: center\">Irvin vom Teufelsfelsen<\/p>\n<p style=\"text-align: center\">Justin vom Teufelsfelsen<\/p>\n<p style=\"text-align: center\">Siska vom Teufelsfelsen<\/p>\n<p style=\"text-align: center\">Umbra vom Teufelsfelsen<\/p>\n<p style=\"text-align: center\">Viktoria vom Teufelsfelsen<\/p>\n<p style=\"text-align: center\">Zeus-Zoltan de Buch vom Teufelsfelsen<\/p>\n<p style=\"text-align: center\">Balthasar vom Teufelsfelsen<\/p>\n<p style=\"text-align: center\">Earl vom Teufelsfelsen<\/p>\n<p style=\"text-align: center\">Greta vom Teufelsfelsen<\/p>\n<p style=\"text-align: center\">Narnja vom Teufelsfelsen<\/p>\n<p style=\"text-align: center\">Wotan vom Rainerschl\u00f6ssl FCI<\/p>\n<p style=\"text-align: center\">Sindy vom Rainerschl\u00f6ssl FCI<\/p>\n<p style=\"text-align: center\">Dago von der Buchenh\u00f6he<\/p>\n<h3 style=\"text-align: center\"><strong><span style=\"text-decoration: underline\">German Champion DTK<\/span><\/strong><\/h3>\n<p style=\"text-align: center\">Irvin vom Teufelsfelsen<\/p>\n<p style=\"text-align: center\">Umbra vom Teufelsfelsen<\/p>\n<p style=\"text-align: center\">Viktoria vom Teufelsfelsen<\/p>\n<p style=\"text-align: center\">Greta vom Teufelsfelsen<\/p>\n<p style=\"text-align: center\">Wotan vom Rainerschl\u00f6ssl FCI<\/p>\n<p style=\"text-align: center\">Isa vom Rainerschl\u00f6ssl FCI<\/p>\n<p style=\"text-align: center\">Sina vom Rainerschl\u00f6ssl FCI<\/p>\n<p style=\"text-align: center\">Narnja vom Teufelsfelsen<\/p>\n<h3 style=\"text-align: center\"><strong><span style=\"text-decoration: underline\">German Champion VDH<\/span><\/strong><\/h3>\n<p style=\"text-align: center\">C\u00e4sar vom Teufelsfelsen<\/p>\n<p style=\"text-align: center\">Elliot vom Teufelsfelsen<\/p>\n<p style=\"text-align: center\">Irvin vom Teufelsfelsen<\/p>\n<p style=\"text-align: center\">Justin vom Teufelsfelsen<\/p>\n<p style=\"text-align: center\">Kaya vom Teufelsfelsen<\/p>\n<p style=\"text-align: center\">Siska vom Teufelsfelsen<\/p>\n<p style=\"text-align: center\">Silas vom Teufelsfelsen<\/p>\n<p style=\"text-align: center\">Umbra vom Teufelsfelsen<\/p>\n<p style=\"text-align: center\">Viktoria vom Teufelsfelsen<\/p>\n<p style=\"text-align: center\">Zeus-Zoltan de Buch vom Teufelsfelsen<\/p>\n<p style=\"text-align: center\">Earl vom Teufelsfelsen<\/p>\n<p style=\"text-align: center\">Evita vom Teufelsfelsen<\/p>\n<p style=\"text-align: center\">Greta vom Teufelsfelsen<\/p>\n<p style=\"text-align: center\">Wotan vom Rainerschl\u00f6ssl FCI<\/p>\n<p style=\"text-align: center\">Isa vom Rainerschl\u00f6ssl FCI<\/p>\n<p style=\"text-align: center\">Sindy vom Rainerschl\u00f6ssl FCI<\/p>\n<p style=\"text-align: center\">Sina vom Rainerschl\u00f6ssl FCI<\/p>\n<p style=\"text-align: center\">Narnja vom Teufelsfelsen<\/p>\n<h3 style=\"text-align: center\"><strong><span style=\"text-decoration: underline\">German Veteran Champion<\/span><\/strong><\/h3>\n<p style=\"text-align: center\">Anton vom Teufelsfelsen<\/p>\n<p style=\"text-align: center\">Elliot vom Teufelsfelsen<\/p>\n<p style=\"text-align: center\">Sina vom Rainerschl\u00f6ssl FCI<\/p>\n<p style=\"text-align: center\">Franz\u00f6sischer Champion<\/p>\n<p style=\"text-align: center\">Wotan vom Rainerschl\u00f6ssl FCI<\/p>\n<h3 style=\"text-align: center\"><span style=\"text-decoration: underline\"><strong><span class=\"null\">Europasieger<\/span><\/strong><\/span><\/h3>\n<p style=\"text-align: center\">Narnja vom Teufelsfelsen<\/p>\n<h3 style=\"text-align: center\"><span style=\"text-decoration: underline\"><strong>International Showchampion<\/strong><\/span><\/h3>\n<p style=\"text-align: center\">C\u00e4sar vom Teufelsfelsen<\/p>\n<p style=\"text-align: center\">Elliot vom Teufelsfelsen<\/p>\n<p style=\"text-align: center\">Justin vom Teufelsfelsen<\/p>\n<p style=\"text-align: center\">Zeus-Zoltan de Buch vom Teufelsfelsen<\/p>\n<p style=\"text-align: center\">Greta vom Teufelsfelsen<\/p>\n<p style=\"text-align: center\">Wotan vom Rainerschl\u00f6ssl FCI<\/p>\n<p style=\"text-align: center\">Isa vom Rainerschl\u00f6ssl FCI<\/p>\n<h3 style=\"text-align: center\"><span style=\"text-decoration: underline\"><strong>Clubchampion-youth<\/strong><\/span><\/h3>\n<p style=\"text-align: center\">Greta vom Teufelsfelsen<\/p>\n<h3 style=\"text-align: center\"><span style=\"text-decoration: underline\"><strong>Clubchampion<\/strong><\/span><\/h3>\n<p style=\"text-align: center\">Tsertus Pumpernikel<\/p>\n<h3 style=\"text-align: center\"><span style=\"text-decoration: underline\"><strong>Youth Champion<br \/>\n<\/strong><\/span><\/h3>\n<h3 style=\"text-align: center\"><span style=\"text-decoration: underline\"><strong>(D+CH)<\/strong><\/span><\/h3>\n<p style=\"text-align: center\">C\u00e4sar vom Teufelsfelsen<\/p>\n<p style=\"text-align: center\">Irvin vom Teufelsfelsen<\/p>\n<p style=\"text-align: center\">Siska vom Teufelsfelsen<\/p>\n<p style=\"text-align: center\">Silas vom Teufelsfelsen<\/p>\n<p style=\"text-align: center\">Umbra vom Teufelsfelsen<\/p>\n<p style=\"text-align: center\">Viktoria vom Teufelsfelsen<\/p>\n<p style=\"text-align: center\">Zeus-Zoltan de Buch vom Teufelsfelsen<\/p>\n<p style=\"text-align: center\">Alina vom Teufelsfelsen<\/p>\n<p style=\"text-align: center\">Balthasar vom Teufelsfelsen<\/p>\n<p style=\"text-align: center\">Dante vom Teufelsfelsen<\/p>\n<p style=\"text-align: center\">Earl vom Teufelsfelsen<\/p>\n<p style=\"text-align: center\">Greta vom Teufelsfelsen<\/p>\n<p style=\"text-align: center\">Narnja vom Teufelsfelsen<\/p>\n<p style=\"text-align: center\">Dago von der Buchenh\u00f6he<\/p>\n<p style=\"text-align: center\">Wotan vom Rainerschl\u00f6ssl FCI<\/p>\n<p style=\"text-align: center\">Isa vom Rainerschl\u00f6ssl FCI<\/p>\n<p style=\"text-align: center\">Sindy vom Rainerschl\u00f6ssl FCI<\/p>\n<p style=\"text-align: center\">Sina vom Rainerschl\u00f6ssl FCI<\/p>\n<p style=\"text-align: center\">Emmy vom Brunnenacker FCI<\/p>\n<h3 style=\"text-align: center\"><span style=\"text-decoration: underline\"><strong>Landessieger<\/strong><\/span><\/h3>\n<h3 style=\"text-align: center\"><span style=\"text-decoration: underline\"><strong>(D+CH)<\/strong><\/span><\/h3>\n<p style=\"text-align: center\">C\u00e4sar vom Teufelsfelsen<\/p>\n<p style=\"text-align: center\">Elliot vom Teufelsfelsen<\/p>\n<p style=\"text-align: center\">Irvin vom Teufelsfelsen<\/p>\n<p style=\"text-align: center\">Kaya vom Teufelsfelsen<\/p>\n<p style=\"text-align: center\">Siska vom Teufelsfelsen<\/p>\n<p style=\"text-align: center\">Umbra vom Teufelsfelsen<\/p>\n<p style=\"text-align: center\">Viktoria vom Teufelsfelsen<\/p>\n<p style=\"text-align: center\">Yanis vom Teufelsfelsen<\/p>\n<p style=\"text-align: center\">Zeus-Zoltan de Buch vom Teufelsfelsen<\/p>\n<p style=\"text-align: center\">Greta vom Teufelsfelsen<\/p>\n<p style=\"text-align: center\">Narnja vom Teufelsfelsen<\/p>\n<p style=\"text-align: center\">Ralle-Ida vom Teufelsfelsen<\/p>\n<p style=\"text-align: center\">Tsertus Pumpernikel<\/p>\n<p style=\"text-align: center\">Wotan vom Rainerschl\u00f6ssl FCI<\/p>\n<p style=\"text-align: center\">Isa vom Rainerschl\u00f6ssl FCI<\/p>\n<p style=\"text-align: center\">Sindy vom Rainerschl\u00f6ssl FCI<\/p>\n<p style=\"text-align: center\">Sina vom Rainerschl\u00f6ssl FCI<\/p>\n<h3 style=\"text-align: center\"><span style=\"text-decoration: underline\"><strong>Landesveteranensieger<\/strong><\/span><\/h3>\n<p style=\"text-align: center\">Elliot vom Teufelsfelsen<\/p>\n<p style=\"text-align: center\">Sina vom Rainerschl\u00f6ssl FCI<\/p>\n<p style=\"text-align: center\">Sindy vom Rainerschl\u00f6ssl FCI<\/p>\n<p style=\"text-align: center\">Wotan vom Rainerschl\u00f6ssl FCI<\/p>\n<h3 style=\"text-align: center\"><span style=\"text-decoration: underline\"><strong>Luxembourgian Champion<\/strong><\/span><\/h3>\n<p style=\"text-align: center\">Sindy vom Rainerschl\u00f6ssl FCI<\/p>\n<p style=\"text-align: center\">Wotan vom Rainerschl\u00f6ssl FCI<\/p>\n<h3 style=\"text-align: center\"><span style=\"text-decoration: underline\"><strong>Mexican Champion<\/strong><\/span><\/h3>\n<p style=\"text-align: center\">Tessa vom Teufelsfelsen<\/p>\n<p style=\"text-align: center\">Wotan vom Rainerschl\u00f6ssl FCI<\/p>\n<p style=\"text-align: center\">Isa vom Rainerschl\u00f6ssl FCI<\/p>\n<h3 style=\"text-align: center\"><span style=\"text-decoration: underline\"><strong>Swiss Champion<\/strong><\/span><\/h3>\n<p style=\"text-align: center\">Umbra vom Teufelsfelsen<\/p>\n<p style=\"text-align: center\">Viktoria vom Teufelsfelsen<\/p>\n<p style=\"text-align: center\">Siska vom Teufelsfelsen<\/p>\n<p style=\"text-align: center\">Greta vom Teufelsfelsen<\/p>\n<p style=\"text-align: center\">Wotan vom Rainerschl\u00f6ssl FCI<\/p>\n<p style=\"text-align: center\">Isa vom Rainerschl\u00f6ssl FCI<\/p>\n<p style=\"text-align: center\">Sindy vom Rainerschl\u00f6ssl FCI<\/p>\n<h3 style=\"text-align: center\"><span style=\"text-decoration: underline\"><strong>USA Champion<\/strong><\/span><\/h3>\n<p style=\"text-align: center\">Isa vom Rainerschl\u00f6ssl FCI<\/p>\n<h3 style=\"text-align: center\"><span style=\"text-decoration: underline\"><strong>WUT-J-Champion<\/strong><\/span><\/h3>\n<p style=\"text-align: center\">Irvin vom Teufelsfelsen<\/p>\n<p style=\"text-align: center\">Justin vom Teufelsfelsen<\/p>\n<p style=\"text-align: center\">Siska vom Teufelsfelsen<\/p>\n<p style=\"text-align: center\">Umbra vom Teufelsfelsen<\/p>\n<p style=\"text-align: center\">Viktoria vom Teufelsfelsen<\/p>\n<p style=\"text-align: center\">Zeus-Zoltan de Buch vom Teufelsfelsen<\/p>\n<p style=\"text-align: center\">Balthasar vom Teufelsfelsen<\/p>\n<p style=\"text-align: center\">Earl vom Teufelsfelsen<\/p>\n<p style=\"text-align: center\">Greta vom Teufelsfelsen<\/p>\n<p style=\"text-align: center\">Lauser-Lennart vom Teufelsfelsen<\/p>\n<p style=\"text-align: center\">Narnja vom Teufelsfelsen<\/p>\n<p style=\"text-align: center\">Dago von der Buchenh\u00f6he<\/p>\n<p style=\"text-align: center\">Wotan vom Rainerschl\u00f6ssl FCI<\/p>\n<p style=\"text-align: center\">Sindy vom Rainerschl\u00f6ssl FCI<\/p>\n<h3 style=\"text-align: center\"><span style=\"text-decoration: underline\"><strong>WUT-Champion<\/strong><\/span><\/h3>\n<p style=\"text-align: center\">C\u00e4sar vom Teufelsfelsen<\/p>\n<p style=\"text-align: center\">Elliot vom Teufelsfelsen<\/p>\n<p style=\"text-align: center\">Irvin vom Teufelsfelsen<\/p>\n<p style=\"text-align: center\">Justin vom Teufelsfelsen<\/p>\n<p style=\"text-align: center\">Siska vom Teufelsfelsen<\/p>\n<p style=\"text-align: center\">Wotan vom Rainerschl\u00f6ssl FCI<\/p>\n<p style=\"text-align: center\">Isa vom Rainerschl\u00f6ssl FCI<\/p>\n<p style=\"text-align: center\">Sindy vom Rainerschl\u00f6ssl FCI<\/p>\n","protected":false},"excerpt":{"rendered":"<p>Belgian Champion Wotan vom Rainerschl\u00f6ssl FCI Justin vom Teufelsfelsen Viktoria vom Teufelsfelsen Bulgarien Champion Zeus-Zoltan de Buch vom Teufelsfelsen Bundesjugendsieger D+A Wotan vom Rainerschl\u00f6ssl FCI Balthasar vom Teufelsfelsen Lauser-Lennart vom Teufelsfelsen Bundessieger Wotan vom Rainerschl\u00f6ssl FCI Youth Champion of Champion DTK Siska vom Teufelsfelsen Greta vom Teufelsfelsen Wotan vom Rainerschl\u00f6ssl &#8230;<\/p>\n","protected":false},"author":4,"featured_media":0,"parent":0,"menu_order":0,"comment_status":"closed","ping_status":"closed","template":"","meta":{"footnotes":""},"class_list":["post-66","page","type-page","status-publish","hentry"],"_links":{"self":[{"href":"https:\/\/www.teufelsfelsen.de\/en\/wp-json\/wp\/v2\/pages\/66","targetHints":{"allow":["GET"]}}],"collection":[{"href":"https:\/\/www.teufelsfelsen.de\/en\/wp-json\/wp\/v2\/pages"}],"about":[{"href":"https:\/\/www.teufelsfelsen.de\/en\/wp-json\/wp\/v2\/types\/page"}],"author":[{"embeddable":true,"href":"https:\/\/www.teufelsfelsen.de\/en\/wp-json\/wp\/v2\/users\/4"}],"replies":[{"embeddable":true,"href":"https:\/\/www.teufelsfelsen.de\/en\/wp-json\/wp\/v2\/comments?post=66"}],"version-history":[{"count":5,"href":"https:\/\/www.teufelsfelsen.de\/en\/wp-json\/wp\/v2\/pages\/66\/revisions"}],"predecessor-version":[{"id":2276,"href":"https:\/\/www.teufelsfelsen.de\/en\/wp-json\/wp\/v2\/pages\/66\/revisions\/2276"}],"wp:attachment":[{"href":"https:\/\/www.teufelsfelsen.de\/en\/wp-json\/wp\/v2\/media?parent=66"}],"curies":[{"name":"wp","href":"https:\/\/api.w.org\/{rel}","templated":true}]}}